{"id":9983,"date":"2015-08-20T05:00:00","date_gmt":"2015-08-20T05:00:00","guid":{"rendered":"http:\/\/www.fivecontinentseditions.com\/prodotto\/micro-monumentality-2\/"},"modified":"2018-04-10T13:39:29","modified_gmt":"2018-04-10T13:39:29","slug":"micro-monumentality-2","status":"publish","type":"product","link":"https:\/\/www.fivecontinentseditions.com\/fr\/p\/micro-monumentality-2\/","title":{"rendered":"Micro Monumentality"},"content":{"rendered":"<p><em>Micro Monumentality<\/em> est le premier titre d\u2019une s\u00e9rie d\u2019ouvrages, \u00ab Micro-Africa \u00bb, qui se propose de mettre en lumi\u00e8re la valeur artistique et culturelle des objets miniatures fabriqu\u00e9s en Afrique. La s\u00e9rie tout enti\u00e8re s\u2019appuie sur une seule collection particuli\u00e8re. Les prochains titres s\u2019int\u00e9resseront \u00e0diff\u00e9rents groupes ethniques ou cat\u00e9gories d\u2019objets (bijoux, talismans, bo\u00eetes, coffrets, f\u00e9tiches). Ce premier volume propose une introduction au concept fondateur de la s\u00e9rie et offre un panorama des objets et des mat\u00e9riaux cr\u00e9\u00e9s ou utilis\u00e9s par divers groupes ethniques africains.<br \/>\nIllustr\u00e9 de superbes photographies et de gros plans sur les d\u00e9tails, <em>Micro Monumentality<\/em> souligne la valeur embl\u00e9matique des talismans, poids, bo\u00eetes, coffrets, f\u00e9tiches, bijoux et autres objets en ivoire, en os, en bronze, en fer, en aluminium et en pierre. Aucun de ces objets ne d\u00e9passe 15 cm de hauteur ou de largeur et, bien que pratiquement \u00ab microscopiques \u00bb, ils sont tout aussi expressifs que des oeuvres plus volumineuses et m\u00e9ritent d\u2019\u00eatre consid\u00e9r\u00e9s comme des \u00ab monuments \u00bb \u00e0part enti\u00e8re. L\u2019ouvrage pr\u00e9sente 150 objets, tir\u00e9s d\u2019une collection exceptionnelle de pr\u00e8s de 20 000 pi\u00e8ces, acquises aupr\u00e8s de galeries d\u2019art renomm\u00e9es, \u00e9chang\u00e9es entre collectionneurs ou d\u00e9couvertes en Afrique pendant plusieurs d\u00e9cennies d\u2019une recherche enthousiaste. Cette collection particuli\u00e8re, qui repr\u00e9sente la quintessence de la pens\u00e9e des peuples africains, de leurs convictions religieuses et de leur prodigieuse imagination cr\u00e9ative, c\u00e9l\u00e8bre l\u2019union du minuscule, du pr\u00e9cieux et du sacr\u00e9.<\/p>\n<p><strong>B\u00e9r\u00e9nice Geoffroy-Schneiter<\/strong>, titulaire d\u2019un dipl\u00f4me de l\u2019\u00e9cole du Louvre et d\u2019une ma\u00eetrise de lettres classiques de la Sorbonne, est historienne de l\u2019art et journaliste. Sp\u00e9cialiste en arch\u00e9ologie et en ethnologie, elle a publi\u00e9 de nombreux ouvrages sur l\u2019art du costume et les arts premiers. Elle a \u00e9t\u00e9 r\u00e9dactrice en chef de la revue Tribal Art.<\/p>\n","protected":false},"excerpt":{"rendered":"<p>Micro Monumentality est le premier titre d\u2019une s\u00e9rie d\u2019ouvrages, \u00ab Micro-Africa \u00bb, qui se propose de mettre en lumi\u00e8re la valeur artistique et culturelle des objets miniatures fabriqu\u00e9s en Afrique. La s\u00e9rie tout enti\u00e8re s\u2019appuie sur une seule collection particuli\u00e8re. Les prochains titres s\u2019int\u00e9resseront \u00e0diff\u00e9rents groupes ethniques ou cat\u00e9gories d\u2019objets (bijoux, talismans, bo\u00eetes, coffrets, f\u00e9tiches).&hellip;<\/p>\n","protected":false},"featured_media":9960,"template":"","meta":{"_acf_changed":false,"inline_featured_image":false},"product_brand":[],"product_cat":[54],"product_tag":[],"class_list":{"0":"post-9983","1":"product","2":"type-product","3":"status-publish","4":"has-post-thumbnail","6":"product_cat-art-africain","7":"disponibilita-si","8":"description-off","10":"first","11":"instock","12":"shipping-taxable","13":"purchasable","14":"product-type-simple"},"acf":[],"_links":{"self":[{"href":"https:\/\/www.fivecontinentseditions.com\/fr\/wp-json\/wp\/v2\/product\/9983","targetHints":{"allow":["GET"]}}],"collection":[{"href":"https:\/\/www.fivecontinentseditions.com\/fr\/wp-json\/wp\/v2\/product"}],"about":[{"href":"https:\/\/www.fivecontinentseditions.com\/fr\/wp-json\/wp\/v2\/types\/product"}],"wp:featuredmedia":[{"embeddable":true,"href":"https:\/\/www.fivecontinentseditions.com\/fr\/wp-json\/wp\/v2\/media\/9960"}],"wp:attachment":[{"href":"https:\/\/www.fivecontinentseditions.com\/fr\/wp-json\/wp\/v2\/media?parent=9983"}],"wp:term":[{"taxonomy":"product_brand","embeddable":true,"href":"https:\/\/www.fivecontinentseditions.com\/fr\/wp-json\/wp\/v2\/product_brand?post=9983"},{"taxonomy":"product_cat","embeddable":true,"href":"https:\/\/www.fivecontinentseditions.com\/fr\/wp-json\/wp\/v2\/product_cat?post=9983"},{"taxonomy":"product_tag","embeddable":true,"href":"https:\/\/www.fivecontinentseditions.com\/fr\/wp-json\/wp\/v2\/product_tag?post=9983"}],"curies":[{"name":"wp","href":"https:\/\/api.w.org\/{rel}","templated":true}]}}