{"id":9956,"date":"2015-05-01T05:00:00","date_gmt":"2015-05-01T05:00:00","guid":{"rendered":"http:\/\/www.fivecontinentseditions.com\/prodotto\/metamorphoses-3\/"},"modified":"2018-04-10T13:29:31","modified_gmt":"2018-04-10T13:29:31","slug":"metamorphoses-3","status":"publish","type":"product","link":"https:\/\/www.fivecontinentseditions.com\/fr\/p\/metamorphoses-3\/","title":{"rendered":"Metamorphoses"},"content":{"rendered":"<p>Auguste Rodin est l\u2019un des plus grands sculpteurs de tous les temps, non seulement par son pouvoir de capter la complexit\u00e9 \u00e9motionnelle et psychologique des \u00eatres humains, mais aussi pour avoir totalement renouvel\u00e9 le langage m\u00eame de la sculpture, en manifestant, en particulier, une passion pour l\u2019acte de faire plut\u00f4t que d\u2019achever une \u0153uvre. Pour lui, aucune sculpture n\u2019est jamais vraiment d\u00e9finitive et immuable.<br \/>\nToutes ses cr\u00e9ations en ronde bosse, comme tous ses dessins \u00e0partir de 1896, demeurent en permanence porteurs de rebondissements, de transformations, de m\u00e9tamorphoses. L\u2019interaction constante entre les accidents et le hasard dans son travail, les figures qu\u2019il fragmente pour les recomposer par son ing\u00e9nieux \u00ab assemblage \u00bb, tout cela lui permet d\u2019entretenir un dialogue avec son \u0153uvre dans un flux de cr\u00e9ation continu. Le th\u00e8me de la <em>m\u00e9tamorphose <\/em>est directement li\u00e9 au travail de Rodin, sans mod\u00e8le ni t\u00e9moin, dans l\u2019intimit\u00e9 de son atelier. L\u2019atelier vu comme le lieu confidentiel de la transformation incessante (suivant divers processus) de pi\u00e8ces ou fragments de pi\u00e8ces, model\u00e9es pr\u00e9c\u00e9demment d\u2019apr\u00e8s mod\u00e8les. Les pl\u00e2tres d\u00e9licats comme les bronzes, les marbres, les dessins, les aquarelles et les photographies t\u00e9moignent tous de cette intensit\u00e9 cr\u00e9ative. Toutefois, l\u2019\u00ab atelier \u00bb doit \u00e9galement \u00eatre compris comme la petite communaut\u00e9 artistique qui travaillait pour et autour du ma\u00eetre. Celle-ci se composait de practiciens aux m\u00e9tiers sp\u00e9cifiques auxquels on doit la transformation d\u2019un mat\u00e9riau en un autre, d\u2019une dimension en une autre, sous la direction attentive du ma\u00eetre.<br \/>\nCe catalogue fait la lumi\u00e8re sur les divers processus de reprise et de transformation, prenant la mesure de la prodigieuse cr\u00e9ativit\u00e9 du sculpteur.<\/p>\n<p><strong>Nathalie Bondil<\/strong> est la directrice et conservatrice en chef du mus\u00e9e des Beaux-Arts de Montr\u00e9al.<br \/>\n<strong>Sophie Biass-Fabiani<\/strong> est conservatrice du patrimoine au mus\u00e9e Rodin de Paris.<\/p>\n","protected":false},"excerpt":{"rendered":"<p>Auguste Rodin est l\u2019un des plus grands sculpteurs de tous les temps, non seulement par son pouvoir de capter la complexit\u00e9 \u00e9motionnelle et psychologique des \u00eatres humains, mais aussi pour avoir totalement renouvel\u00e9 le langage m\u00eame de la sculpture, en manifestant, en particulier, une passion pour l\u2019acte de faire plut\u00f4t que d\u2019achever une \u0153uvre. Pour&hellip;<\/p>\n","protected":false},"featured_media":16083,"template":"","meta":{"_acf_changed":false,"inline_featured_image":false},"product_brand":[],"product_cat":[68,71],"product_tag":[],"class_list":{"0":"post-9956","1":"product","2":"type-product","3":"status-publish","4":"has-post-thumbnail","6":"product_cat-art-moderne","7":"product_cat-arts-graphiques","8":"disponibilita-no","9":"description-off","11":"first","12":"outofstock","13":"shipping-taxable","14":"purchasable","15":"product-type-simple"},"acf":[],"_links":{"self":[{"href":"https:\/\/www.fivecontinentseditions.com\/fr\/wp-json\/wp\/v2\/product\/9956","targetHints":{"allow":["GET"]}}],"collection":[{"href":"https:\/\/www.fivecontinentseditions.com\/fr\/wp-json\/wp\/v2\/product"}],"about":[{"href":"https:\/\/www.fivecontinentseditions.com\/fr\/wp-json\/wp\/v2\/types\/product"}],"wp:featuredmedia":[{"embeddable":true,"href":"https:\/\/www.fivecontinentseditions.com\/fr\/wp-json\/wp\/v2\/media\/16083"}],"wp:attachment":[{"href":"https:\/\/www.fivecontinentseditions.com\/fr\/wp-json\/wp\/v2\/media?parent=9956"}],"wp:term":[{"taxonomy":"product_brand","embeddable":true,"href":"https:\/\/www.fivecontinentseditions.com\/fr\/wp-json\/wp\/v2\/product_brand?post=9956"},{"taxonomy":"product_cat","embeddable":true,"href":"https:\/\/www.fivecontinentseditions.com\/fr\/wp-json\/wp\/v2\/product_cat?post=9956"},{"taxonomy":"product_tag","embeddable":true,"href":"https:\/\/www.fivecontinentseditions.com\/fr\/wp-json\/wp\/v2\/product_tag?post=9956"}],"curies":[{"name":"wp","href":"https:\/\/api.w.org\/{rel}","templated":true}]}}