{"id":9908,"date":"2015-09-01T05:00:00","date_gmt":"2015-09-01T05:00:00","guid":{"rendered":"http:\/\/www.fivecontinentseditions.com\/prodotto\/senufo-sans-frontieres-2\/"},"modified":"2018-04-10T13:01:42","modified_gmt":"2018-04-10T13:01:42","slug":"senufo-sans-frontieres-2","status":"publish","type":"product","link":"https:\/\/www.fivecontinentseditions.com\/fr\/p\/senufo-sans-frontieres-2\/","title":{"rendered":"Senufo sans fronti\u00e8res"},"content":{"rendered":"<p>Depuis la fin du XIXe si\u00e8cle jusqu\u2019\u00e0pr\u00e9sent, des anthropologues, historiens de l\u2019art et d\u2019autres observateurs ont consacr\u00e9 de nombreuses \u00e9tudes \u00e0 l\u2019art <em>senufo <\/em>qui fait partie des styles les plus appr\u00e9ci\u00e9s des amateurs d\u2019art africain. Sur base d\u2019une \u00e9tude minutieuse men\u00e9e dans trois continents la th\u00e8se de ce catalogue ouvre des pistes de r\u00e9flexion et un examen des plus innovants sur une facette de la cr\u00e9ation artistique dans les communaut\u00e9s de langue senufo et mande de l\u2019ouest du Burkina Faso.<br \/>\nAujourd\u2019hui disparu, le Museum of Primitive Art (MPA) de New York avait pr\u00e9sent\u00e9 en f\u00e9vrier 1963 son exposition phare \u00ab Senufo Sculpture from West Africa \u00bb. Sous la direction de l\u2019historien d\u2019art moderniste Robert Goldwater, le MPA faisait d\u00e9couvrir pour la premi\u00e8re fois d\u2019\u00e9blouissantes oeuvres attribu\u00e9es \u00e0des artistes s\u00e9noufo provenant de collections priv\u00e9es. Des masques anthropomorphes aux formes exag\u00e9r\u00e9es et pourtant d\u00e9licats, des masques heaumes zoomorphes composites et pourtant coh\u00e9rents, et des sculptures figuratives g\u00e9om\u00e9triques et pourtant tendres illustrent la vision du MPA quant au style s\u00e9noufo. Dans le catalogue qui accompagne l\u2019exposition, Goldwater a d\u00e9crit le contexte culturel des communaut\u00e9s s\u00e9noufo dans une r\u00e9gion \u00e0cheval sur les fronti\u00e8res du Burkina Faso, de la C\u00f4te d\u2019Ivoire et du Mali actuels. Plus de cinquante ans plus tard, <em>Senufo sans fronti\u00e8res <\/em>de Susan Elizabeth Gagliardi d\u00e9voile des photographies de contexte et d\u2019objets provenant de diff\u00e9rents mus\u00e9es, des archives, et des donn\u00e9es rassembl\u00e9es lors d\u2019\u00e9tudes sur le terrain, ainsi que des lettres jamais publi\u00e9es auparavant, qui rappellent le tour de force du MPA. <em>Senufo sans fronti\u00e8res <\/em>se penche sur ce qui constitue l\u2019essence s\u00e9noufo depuis la fin du XIXe si\u00e8cle, lorsque le gouvernement fran\u00e7ais commence la colonisation de la r\u00e9gion.<br \/>\nLe livre explore une convergence, au milieu du XXe si\u00e8cle, entre missionnaires catholiques, marchands d\u2019art et mouvements iconoclastes du nord de la C\u00f4te d\u2019Ivoire, qui aboutit \u00e0 l\u2019arriv\u00e9e d\u2019objets iconiques d\u2019Afrique en Europe et en Am\u00e9rique du Nord. Cet ouvrage s\u2019interroge sur la pr\u00e9sence et l\u2019absence du poro, grand m\u00e9c\u00e8ne patron pour les arts, et d\u2019une institution au c\u0153ur de certaines constructions de l\u2019identit\u00e9 s\u00e9noufo. Combinant une analyse historique avec des sculptures qui ne passent pas inaper\u00e7ues, <em>Senufo sans fronti\u00e8res <\/em>propose un vaste panorama des arts r\u00e9gionaux et des identit\u00e9s culturelles dynamiques.<\/p>\n<p><strong>Susan Elizabeth Gagliardi<\/strong> est professeur adjoint d\u2019histoire de l\u2019art \u00e0 l\u2019Emory University d\u2019Atlanta. <em>Senufo sans fronti\u00e8res <\/em>est le r\u00e9sultat de vingt-deux mois de recherches sur le terrain \u00e0 l\u2019ouest du Burkina Faso, o\u00f9 elle a \u00e9tudi\u00e9 les communaut\u00e9s s\u00e9noufo et mande.<\/p>\n","protected":false},"excerpt":{"rendered":"<p>Depuis la fin du XIXe si\u00e8cle jusqu\u2019\u00e0pr\u00e9sent, des anthropologues, historiens de l\u2019art et d\u2019autres observateurs ont consacr\u00e9 de nombreuses \u00e9tudes \u00e0 l\u2019art senufo qui fait partie des styles les plus appr\u00e9ci\u00e9s des amateurs d\u2019art africain. Sur base d\u2019une \u00e9tude minutieuse men\u00e9e dans trois continents la th\u00e8se de ce catalogue ouvre des pistes de r\u00e9flexion et&hellip;<\/p>\n","protected":false},"featured_media":9906,"template":"","meta":{"_acf_changed":false,"inline_featured_image":false},"product_brand":[],"product_cat":[54],"product_tag":[],"class_list":{"0":"post-9908","1":"product","2":"type-product","3":"status-publish","4":"has-post-thumbnail","6":"product_cat-art-africain","7":"disponibilita-no","8":"description-off","10":"first","11":"outofstock","12":"shipping-taxable","13":"purchasable","14":"product-type-simple"},"acf":[],"_links":{"self":[{"href":"https:\/\/www.fivecontinentseditions.com\/fr\/wp-json\/wp\/v2\/product\/9908","targetHints":{"allow":["GET"]}}],"collection":[{"href":"https:\/\/www.fivecontinentseditions.com\/fr\/wp-json\/wp\/v2\/product"}],"about":[{"href":"https:\/\/www.fivecontinentseditions.com\/fr\/wp-json\/wp\/v2\/types\/product"}],"wp:featuredmedia":[{"embeddable":true,"href":"https:\/\/www.fivecontinentseditions.com\/fr\/wp-json\/wp\/v2\/media\/9906"}],"wp:attachment":[{"href":"https:\/\/www.fivecontinentseditions.com\/fr\/wp-json\/wp\/v2\/media?parent=9908"}],"wp:term":[{"taxonomy":"product_brand","embeddable":true,"href":"https:\/\/www.fivecontinentseditions.com\/fr\/wp-json\/wp\/v2\/product_brand?post=9908"},{"taxonomy":"product_cat","embeddable":true,"href":"https:\/\/www.fivecontinentseditions.com\/fr\/wp-json\/wp\/v2\/product_cat?post=9908"},{"taxonomy":"product_tag","embeddable":true,"href":"https:\/\/www.fivecontinentseditions.com\/fr\/wp-json\/wp\/v2\/product_tag?post=9908"}],"curies":[{"name":"wp","href":"https:\/\/api.w.org\/{rel}","templated":true}]}}