{"id":9902,"date":"2015-09-01T05:00:00","date_gmt":"2015-09-01T05:00:00","guid":{"rendered":"http:\/\/www.fivecontinentseditions.com\/prodotto\/reves-sur-bois-2\/"},"modified":"2023-07-19T20:28:19","modified_gmt":"2023-07-19T20:28:19","slug":"reves-sur-bois-2","status":"publish","type":"product","link":"https:\/\/www.fivecontinentseditions.com\/fr\/p\/reves-sur-bois-2\/","title":{"rendered":"R\u00eaves sur bois"},"content":{"rendered":"<p>Les appuie-nuque sont des objets utilitaires d\u2019une grande simplicit\u00e9. Tr\u00e8s r\u00e9pandus dans toute l\u2019Afrique, ils sont particuli\u00e8rement nombreux dans les pays de l\u2019est, du centre et du sud du continent. \u00e9galement appel\u00e9s repose-t\u00eate ou oreillers, les appuie-nuque sont des biens personnels pr\u00e9cieux, indispensables \u00e0tous les moments de la vie quotidienne. Leurs propri\u00e9taires les utilisent pour dormir, pour reposer leur nuque, pour s\u2019asseoir ou pour prot\u00e9ger leur coiffure \u00e9labor\u00e9e. \u00e0\u20ac premi\u00e8re vue, ils semblent d\u00e9pourvus de toute signification symbolique. Leur r\u00f4le fonctionnel, tout au long de l\u2019histoire, les a rel\u00e9gu\u00e9s au rang de simples objets. Pourtant, les appuie-nuque ne sont pas aussi simples qu\u2019il y para\u00eet. Ils transcendent leur usage mat\u00e9riel. Dans de nombreux cas, leur conception, leur beaut\u00e9 intrins\u00e8que, leurs motifs d\u00e9coratifs, la ma\u00eetrise technique de leur fabrication et leur utilisation m\u00eame leur conf\u00e8rent une infinit\u00e9 d\u2019int\u00e9r\u00eats et de niveaux de signification. Leurs aspects rituels et magiques se cachent sous une apparence utilitaire. Ce sont aussi des marqueurs sociaux, qui permettent de distinguer les chefs des gens ordinaires, les riches des pauvres, les devins des gu\u00e9risseurs, les fermiers des bergers et les s\u00e9dentaires des nomades. L\u2019ouvrage comporte des photographies en couleurs d\u2019appuie-nuque tr\u00e8s rares et tr\u00e8s raffin\u00e9s qui, \u00e0ce jour, n\u2019ont jamais \u00e9t\u00e9 port\u00e9s \u00e0 la connaissance du public. Des textes brefs pr\u00e9sentent les pi\u00e8ces les plus remarquables, choisies parmi les 230 objets qui constituent cette collection, et soulignent les caract\u00e9ristiques les plus surprenantes de leur fabrication et de leurs utilisations.<br \/>\nCe livre est un voyage \u00e0travers l\u2019ethnologie, l\u2019anthropologie, l\u2019esth\u00e9tique, la cr\u00e9ativit\u00e9, la tradition et la spiritualit\u00e9 ; un voyage vers une r\u00e9gion d\u2019Afrique mat\u00e9rialis\u00e9e par un simple objet artisanal, qui r\u00eave parfois d\u2019acc\u00e9der au rang d\u2019oeuvre d\u2019art : un r\u00eave qui commence en posant la t\u00eate sur un morceau de bois.<\/p>\n<p><strong>Eduardo L\u00f3pez Moreno<\/strong> est collectionneur et expert en art africain. Ancien directeur de recherche pour le Programme des Nations unies pour les \u00e9tablissements humains (ONU Habitat), il a donn\u00e9 de nombreuses conf\u00e9rences dans des universit\u00e9s prestigieuses, en Belgique, aux \u00e9tats-Unis et au Mexique.<\/p>\n","protected":false},"excerpt":{"rendered":"<p>Les appuie-nuque sont des objets utilitaires d\u2019une grande simplicit\u00e9. Tr\u00e8s r\u00e9pandus dans toute l\u2019Afrique, ils sont particuli\u00e8rement nombreux dans les pays de l\u2019est, du centre et du sud du continent. \u00e9galement appel\u00e9s repose-t\u00eate ou oreillers, les appuie-nuque sont des biens personnels pr\u00e9cieux, indispensables \u00e0tous les moments de la vie quotidienne. Leurs propri\u00e9taires les utilisent pour&hellip;<\/p>\n","protected":false},"featured_media":9900,"template":"","meta":{"_acf_changed":false,"inline_featured_image":false},"product_brand":[],"product_cat":[54],"product_tag":[],"class_list":{"0":"post-9902","1":"product","2":"type-product","3":"status-publish","4":"has-post-thumbnail","6":"product_cat-art-africain","7":"disponibilita-si","8":"description-off","10":"first","11":"instock","12":"shipping-taxable","13":"purchasable","14":"product-type-simple"},"acf":[],"_links":{"self":[{"href":"https:\/\/www.fivecontinentseditions.com\/fr\/wp-json\/wp\/v2\/product\/9902","targetHints":{"allow":["GET"]}}],"collection":[{"href":"https:\/\/www.fivecontinentseditions.com\/fr\/wp-json\/wp\/v2\/product"}],"about":[{"href":"https:\/\/www.fivecontinentseditions.com\/fr\/wp-json\/wp\/v2\/types\/product"}],"wp:featuredmedia":[{"embeddable":true,"href":"https:\/\/www.fivecontinentseditions.com\/fr\/wp-json\/wp\/v2\/media\/9900"}],"wp:attachment":[{"href":"https:\/\/www.fivecontinentseditions.com\/fr\/wp-json\/wp\/v2\/media?parent=9902"}],"wp:term":[{"taxonomy":"product_brand","embeddable":true,"href":"https:\/\/www.fivecontinentseditions.com\/fr\/wp-json\/wp\/v2\/product_brand?post=9902"},{"taxonomy":"product_cat","embeddable":true,"href":"https:\/\/www.fivecontinentseditions.com\/fr\/wp-json\/wp\/v2\/product_cat?post=9902"},{"taxonomy":"product_tag","embeddable":true,"href":"https:\/\/www.fivecontinentseditions.com\/fr\/wp-json\/wp\/v2\/product_tag?post=9902"}],"curies":[{"name":"wp","href":"https:\/\/api.w.org\/{rel}","templated":true}]}}