{"id":9896,"date":"2016-01-28T05:00:00","date_gmt":"2016-01-28T05:00:00","guid":{"rendered":"http:\/\/www.fivecontinentseditions.com\/prodotto\/esprits-incarnes-2\/"},"modified":"2022-11-20T20:26:24","modified_gmt":"2022-11-20T20:26:24","slug":"esprits-incarnes-2","status":"publish","type":"product","link":"https:\/\/www.fivecontinentseditions.com\/fr\/p\/esprits-incarnes-2\/","title":{"rendered":"Esprits incarn\u00e9s"},"content":{"rendered":"<p>Une fascinante collection de planches en bois, objets rituels appel\u00e9s <em>gope<\/em>, que r\u00e9alisent des tribus du golfe de Papouasie, en Nouvelle-Guin\u00e9e. Elles sont la repr\u00e9sentation mat\u00e9rielle des esprits bienveillants qui prot\u00e8gent chaque clan de la maladie, de la mort et des esprits du mal. Cet ouvrage, le premier \u00e0traiter exclusivement de ce sujet, replace ces r\u00e9alisations dans leur contexte spatio-temporel, gr\u00e2ce \u00e0des documents historiques et \u00e0des photographies prises sur le terrain.<br \/>\nLes bois sculpt\u00e9s appel\u00e9s &laquo; planches votives &raquo; sont d\u00e9sign\u00e9s par des termes divers chez les nombreuses ethnies des r\u00e9gions du golfe de Papouasie. Dans plusieurs langues locales, ils portent le nom de <em>gope<\/em>. Traditionnellement, ces planches \u00e9taient faites dans le bois des bateaux d\u00e9saffect\u00e9s et \u00e9taient habituellement d\u00e9cor\u00e9es d&rsquo;un seul c\u00f4t\u00e9 de motifs peints et grav\u00e9s. Elles \u00e9taient con\u00e7ues par les membres d&rsquo;une famille \u00e9largie ou d&rsquo;un clan.<br \/>\nCet ouvrage est le premier enti\u00e8rement consacr\u00e9 \u00e0ce sujet. Des planches typiques de chaque r\u00e9gion, choisies parmi les collections publiques ou priv\u00e9es les plus remarquables du monde, sont illustr\u00e9es par des photographies en couleurs pleine page. Pour chacune, le descriptif fait \u00e9tat de sa provenance et de l&rsquo;histoire d\u00e9taill\u00e9e de la collection \u00e0 laquelle elle appartient, en y ajoutant des informations sur les publications et les expositions la concernant. En outre, des photographies historiques contextuelles montrent ces planches <em>in situ<\/em> ou des sp\u00e9cimens similaires fabriqu\u00e9s \u00e0 la m\u00eame \u00e9poque.<br \/>\nCe livre propose aussi des essais originaux, r\u00e9dig\u00e9s par deux des plus \u00e9minents sp\u00e9cialistes de l&rsquo;art du golfe de Papouasie.<\/p>\n<p><strong>Thomas Schultze-Westrum<\/strong> discute de la forme g\u00e9n\u00e9ralement ovale de ces planches.<br \/>\n<strong>Robert L. Welsch<\/strong> passe en revue l&rsquo;histoire et les d\u00e9couvertes des chercheurs et des collectionneurs dans la r\u00e9gion.<br \/>\n<strong>Virginia-Lee Webb<\/strong> a \u00e9t\u00e9 conservatrice et charg\u00e9e de recherche senior pour le Metropolitan Museum of Art, d\u00e9partement des arts d&rsquo;Afrique, d&rsquo;Oc\u00e9anie et du continent am\u00e9ricain. Elle a organis\u00e9 une vingtaine d&rsquo;expositions pour le mus\u00e9e. Elle a \u00e9galement travaill\u00e9 pour le Museum of Primitive Art, qui a ensuite fusionn\u00e9 avec le Metropolitan Museum. Elle est actuellement conservatrice consultante pour plusieurs initiatives mus\u00e9ales.<\/p>\n","protected":false},"excerpt":{"rendered":"<p>Une fascinante collection de planches en bois, objets rituels appel\u00e9s gope, que r\u00e9alisent des tribus du golfe de Papouasie, en Nouvelle-Guin\u00e9e. Elles sont la repr\u00e9sentation mat\u00e9rielle des esprits bienveillants qui prot\u00e8gent chaque clan de la maladie, de la mort et des esprits du mal. Cet ouvrage, le premier \u00e0traiter exclusivement de ce sujet, replace ces&hellip;<\/p>\n","protected":false},"featured_media":15981,"template":"","meta":{"_acf_changed":false,"inline_featured_image":false},"product_brand":[],"product_cat":[72],"product_tag":[],"class_list":{"0":"post-9896","1":"product","2":"type-product","3":"status-publish","4":"has-post-thumbnail","6":"product_cat-art-oceanien","7":"disponibilita-si","8":"description-off","10":"first","11":"instock","12":"shipping-taxable","13":"purchasable","14":"product-type-simple"},"acf":[],"_links":{"self":[{"href":"https:\/\/www.fivecontinentseditions.com\/fr\/wp-json\/wp\/v2\/product\/9896","targetHints":{"allow":["GET"]}}],"collection":[{"href":"https:\/\/www.fivecontinentseditions.com\/fr\/wp-json\/wp\/v2\/product"}],"about":[{"href":"https:\/\/www.fivecontinentseditions.com\/fr\/wp-json\/wp\/v2\/types\/product"}],"wp:featuredmedia":[{"embeddable":true,"href":"https:\/\/www.fivecontinentseditions.com\/fr\/wp-json\/wp\/v2\/media\/15981"}],"wp:attachment":[{"href":"https:\/\/www.fivecontinentseditions.com\/fr\/wp-json\/wp\/v2\/media?parent=9896"}],"wp:term":[{"taxonomy":"product_brand","embeddable":true,"href":"https:\/\/www.fivecontinentseditions.com\/fr\/wp-json\/wp\/v2\/product_brand?post=9896"},{"taxonomy":"product_cat","embeddable":true,"href":"https:\/\/www.fivecontinentseditions.com\/fr\/wp-json\/wp\/v2\/product_cat?post=9896"},{"taxonomy":"product_tag","embeddable":true,"href":"https:\/\/www.fivecontinentseditions.com\/fr\/wp-json\/wp\/v2\/product_tag?post=9896"}],"curies":[{"name":"wp","href":"https:\/\/api.w.org\/{rel}","templated":true}]}}