{"id":9830,"date":"2015-10-23T05:00:00","date_gmt":"2015-10-23T05:00:00","guid":{"rendered":"http:\/\/www.fivecontinentseditions.com\/prodotto\/architectures-2\/"},"modified":"2024-12-16T16:45:36","modified_gmt":"2024-12-16T16:45:36","slug":"architectures-2","status":"publish","type":"product","link":"https:\/\/www.fivecontinentseditions.com\/fr\/p\/architectures-2\/","title":{"rendered":"Architectures"},"content":{"rendered":"<p><em>Architectures<\/em>, deuxi\u00e8me \u00e9dition des biennales de l\u2019Art Brut, pr\u00e9sente exclusivement des \u0153uvres appartenant \u00e0 la Collection de l\u2019Art Brut (Lausanne) r\u00e9unies par une th\u00e9matique commune. Cette exposition et son catalogue r\u00e9v\u00e8lent au public des cr\u00e9ations in\u00e9dites, produites par des auteurs parfois m\u00e9connus, tout en offrant un nouveau point de vue sur des pi\u00e8ces historiques.<br \/>\nDe la r\u00e9alit\u00e9 \u00e0 l\u2019utopie, les auteurs d\u2019Art Brut con\u00e7oivent des architectures en r\u00e9sonnance avec leur quotidien ou leurs souvenirs, r\u00e9organisant l\u2019espace qui les entoure selon leurs propres r\u00e8gles et besoins. Leur imagination et leur inventivit\u00e9 les emportent vers des contr\u00e9es lointaines et inexplor\u00e9es. Cependant, la vision de l\u2019architecture qui est propos\u00e9e ici par les cr\u00e9ateurs d\u2019Art Brut prend une nouvelle dimension, \u00e9chappant totalement aux consid\u00e9rations li\u00e9es \u00e0sa pratique. Plus de 250 oeuvres de cinquante-deux cr\u00e9ateurs, aux origines diverses, europ\u00e9ennes, nord-am\u00e9ricaines ou asiatiques ont \u00e9t\u00e9 s\u00e9lectionn\u00e9es pour l\u2019exposition. Tous sont pr\u00e9sent\u00e9s dans cet ouvrage par des illustrations en couleurs, une biographie et une bibliographie. Au coeur de ce concept, l\u2019ensemble t\u00e9moigne d\u2019une grande diversit\u00e9 de formes et de techniques, comme la peinture, le dessin, la sculpture ou la broderie.<br \/>\nH\u00e9riti\u00e8re de quelque cinq milles pi\u00e8ces r\u00e9unies par Jean Dubuffet entre 1945 et 1971, la Collection de l\u2019Art Brut conserve aujourd\u2019hui plus de soixante milles oeuvres, fruit des recherches entreprises depuis pr\u00e8s de quarante ans. <em>Architectures<\/em> est le deuxi\u00e8me volume de la s\u00e9rie publi\u00e9e par 5 Continents en co\u00e9dition avec la Collection de l\u2019Art Brut de Lausanne, apr\u00e8s <em>V\u00e9hicules<\/em> sorti en 2014.<\/p>\n<p><strong>Sarah Lombardi<\/strong>, historienne de l\u2019art, est directrice de la Collection de l\u2019Art Brut depuis 2012. Collaboratrice scientifique d\u00e8s 2004, puis conservatrice, elle a coordonn\u00e9 de nombreuses expositions au sein de cette institution, ainsi qu\u2019\u00e0 l\u2019\u00e9tranger.<br \/>\n<strong>Pascale Marini-Jeanneret<\/strong> est historienne de l\u2019art, dipl\u00f4m\u00e9e en mus\u00e9ologie et en biblioth\u00e9conomie. Elle est conservatrice \u00e0 la Collection de l\u2019Art Brut, \u00e0Lausanne, depuis 2002. Elle assure la gestion de la collection et le commissariat d\u2019expositions. Elle a r\u00e9dig\u00e9 de nombreux textes sur des artistes contemporains et des auteurs d\u2019Art Brut.<br \/>\n<strong>Laurent Danchin<\/strong> est \u00e9crivain, conf\u00e9rencier et critique d\u2019art, sp\u00e9cialiste d\u2019Art Brut, d\u2019art outsider et d\u2019art singulier. Ancien \u00e9l\u00e8ve de l\u2019\u00e9cole normale sup\u00e9rieure, agr\u00e9g\u00e9 de lettres modernes, il a enseign\u00e9 aux lyc\u00e9es de Nanterre et de Boulogne-Billancourt, pr\u00e8s de Paris, de 1972 \u00e02006. Correspondant fran\u00e7ais du magazine <em>Raw Vision<\/em>, il a \u00e9t\u00e9 commissaire d\u2019une s\u00e9rie d\u2019expositions \u00e0 la Halle Saint-Pierre, \u00e0 Paris, \u00e0partir de 1995.<\/p>\n","protected":false},"excerpt":{"rendered":"<p>Architectures, deuxi\u00e8me \u00e9dition des biennales de l\u2019Art Brut, pr\u00e9sente exclusivement des \u0153uvres appartenant \u00e0 la Collection de l\u2019Art Brut (Lausanne) r\u00e9unies par une th\u00e9matique commune. Cette exposition et son catalogue r\u00e9v\u00e8lent au public des cr\u00e9ations in\u00e9dites, produites par des auteurs parfois m\u00e9connus, tout en offrant un nouveau point de vue sur des pi\u00e8ces historiques. De&hellip;<\/p>\n","protected":false},"featured_media":9807,"template":"","meta":{"_acf_changed":false,"inline_featured_image":false},"product_brand":[],"product_cat":[49],"product_tag":[],"class_list":{"0":"post-9830","1":"product","2":"type-product","3":"status-publish","4":"has-post-thumbnail","6":"product_cat-art-brut-fr","7":"collana-art-brut-la-collection","8":"disponibilita-no","9":"description-off","11":"first","12":"outofstock","13":"shipping-taxable","14":"purchasable","15":"product-type-simple"},"acf":[],"_links":{"self":[{"href":"https:\/\/www.fivecontinentseditions.com\/fr\/wp-json\/wp\/v2\/product\/9830","targetHints":{"allow":["GET"]}}],"collection":[{"href":"https:\/\/www.fivecontinentseditions.com\/fr\/wp-json\/wp\/v2\/product"}],"about":[{"href":"https:\/\/www.fivecontinentseditions.com\/fr\/wp-json\/wp\/v2\/types\/product"}],"wp:featuredmedia":[{"embeddable":true,"href":"https:\/\/www.fivecontinentseditions.com\/fr\/wp-json\/wp\/v2\/media\/9807"}],"wp:attachment":[{"href":"https:\/\/www.fivecontinentseditions.com\/fr\/wp-json\/wp\/v2\/media?parent=9830"}],"wp:term":[{"taxonomy":"product_brand","embeddable":true,"href":"https:\/\/www.fivecontinentseditions.com\/fr\/wp-json\/wp\/v2\/product_brand?post=9830"},{"taxonomy":"product_cat","embeddable":true,"href":"https:\/\/www.fivecontinentseditions.com\/fr\/wp-json\/wp\/v2\/product_cat?post=9830"},{"taxonomy":"product_tag","embeddable":true,"href":"https:\/\/www.fivecontinentseditions.com\/fr\/wp-json\/wp\/v2\/product_tag?post=9830"}],"curies":[{"name":"wp","href":"https:\/\/api.w.org\/{rel}","templated":true}]}}