{"id":9803,"date":"2015-10-23T05:00:00","date_gmt":"2015-10-23T05:00:00","guid":{"rendered":"http:\/\/www.fivecontinentseditions.com\/prodotto\/claude-mellan-2\/"},"modified":"2024-04-23T22:38:13","modified_gmt":"2024-04-23T22:38:13","slug":"claude-mellan-2","status":"publish","type":"product","link":"https:\/\/www.fivecontinentseditions.com\/fr\/p\/claude-mellan-2\/","title":{"rendered":"Claude Mellan"},"content":{"rendered":"<p>L&rsquo;exposition que la fondation Cuendet pr\u00e9pare en collaboration avec le Cabinet cantonal des estampes du mus\u00e9e Jenisch Vevey s&rsquo;interroge sur l&rsquo;art d&rsquo;un graveur qui fait figure de ma\u00eetre absolu dans le domaine du burin. Depuis toujours, la sobri\u00e9t\u00e9 de son langage, ses prouesses techniques et la beaut\u00e9 de ses images ont fascin\u00e9 les amateurs. En effet, Claude Mellan a invent\u00e9 un langage in\u00e9dit, hautement rationnel, fait d&rsquo;un r\u00e9seau de lignes souples et a\u00e9r\u00e9es qui donnent toute l&rsquo;initiative \u00e0 la lumi\u00e8re. S&rsquo;\u00e9tant rendu \u00e0Rome, en pleine effervescence baroque, il commencera par interpr\u00e9ter quelques tableaux de son ma\u00eetre Simon Vouet, puis ex\u00e9cutera, toujours sur cuivre, une s\u00e9rie de planches pour la galerie de sculptures du comte Giustiniani. Revenu \u00e0 Paris en 1642, il y demeurera log\u00e9 au Louvre jusqu&rsquo;\u00e0sa mort. S&rsquo;il est principalement connu pour ses portraits, Mellan a \u00e9galement r\u00e9alis\u00e9 de nombreuses interpr\u00e9tations de sculptures antiques, des sc\u00e8nes religieuses o\u00f9 les effets spectaculaires du baroque sont canalis\u00e9s par sa mani\u00e8re de graver, claire et sobre, contemporaine des r\u00e8gles d\u00e9finies par le classicisme fran\u00e7ais, de Descartes \u00e0Racine. Une telle pratique, exceptionnelle, notamment pour restituer le volume des corps et le marbre des statues, n\u00e9cessite que les \u00e9tapes de la r\u00e9alisation soient pr\u00e9con\u00e7ues : elle d\u00e9finit donc ce que l&rsquo;on a voulu appeler &ndash; \u00e9poque oblige &ndash; une &laquo; \u00e9criture de la m\u00e9thode &raquo;. L&rsquo;exposition et son catalogue s&rsquo;emploient donc aussi bien \u00e0familiariser le public avec les secrets d&rsquo;un m\u00e9tier qu&rsquo;\u00e0lui faire go\u00fbter l&rsquo;\u00e9vidence \u00e0 la fois simple et majestueuse de ces images.<\/p>\n<p><strong>Florian Rodar<\/strong>i est un \u00e9crivain suisse. Apr\u00e8s cinq ans pass\u00e9s, de 1973 \u00e01978, au Cabinet cantonal des estampes du mus\u00e9e Jenisch Vevey, il dirige de 1979 \u00e01983 le mus\u00e9e de l&rsquo;&Eacute;lys\u00e9e \u00e0Lausanne, pour lequel il pr\u00e9pare de nombreuses expositions. Il exerce en parall\u00e8le la charge de conservateur de la fondation William Cuendet &amp; Atelier de Saint-Prex, dont les richesses seront d\u00e9pos\u00e9es au Cabinet des estampes du mus\u00e9e Jenisch, \u00e0Vevey, \u00e0partir de 1989. Devenu conservateur ind\u00e9pendant en 1994, il organise des expositions pour les mus\u00e9es en Suisse et \u00e0l&rsquo;\u00e9tranger, principalement dans le domaine des oeuvres sur papier. Il a r\u00e9dig\u00e9 de tr\u00e8s nombreuses pr\u00e9faces de catalogues et est l&rsquo;auteur de plusieurs ouvrages sur la peinture, le dessin, la photographie et la gravure.<\/p>\n","protected":false},"excerpt":{"rendered":"<p>L&rsquo;exposition que la fondation Cuendet pr\u00e9pare en collaboration avec le Cabinet cantonal des estampes du mus\u00e9e Jenisch Vevey s&rsquo;interroge sur l&rsquo;art d&rsquo;un graveur qui fait figure de ma\u00eetre absolu dans le domaine du burin. Depuis toujours, la sobri\u00e9t\u00e9 de son langage, ses prouesses techniques et la beaut\u00e9 de ses images ont fascin\u00e9 les amateurs. En&hellip;<\/p>\n","protected":false},"featured_media":9778,"template":"","meta":{"_acf_changed":false,"inline_featured_image":false},"product_brand":[],"product_cat":[71],"product_tag":[],"class_list":{"0":"post-9803","1":"product","2":"type-product","3":"status-publish","4":"has-post-thumbnail","6":"product_cat-arts-graphiques","7":"disponibilita-si","8":"description-off","10":"first","11":"instock","12":"shipping-taxable","13":"purchasable","14":"product-type-simple"},"acf":[],"_links":{"self":[{"href":"https:\/\/www.fivecontinentseditions.com\/fr\/wp-json\/wp\/v2\/product\/9803","targetHints":{"allow":["GET"]}}],"collection":[{"href":"https:\/\/www.fivecontinentseditions.com\/fr\/wp-json\/wp\/v2\/product"}],"about":[{"href":"https:\/\/www.fivecontinentseditions.com\/fr\/wp-json\/wp\/v2\/types\/product"}],"wp:featuredmedia":[{"embeddable":true,"href":"https:\/\/www.fivecontinentseditions.com\/fr\/wp-json\/wp\/v2\/media\/9778"}],"wp:attachment":[{"href":"https:\/\/www.fivecontinentseditions.com\/fr\/wp-json\/wp\/v2\/media?parent=9803"}],"wp:term":[{"taxonomy":"product_brand","embeddable":true,"href":"https:\/\/www.fivecontinentseditions.com\/fr\/wp-json\/wp\/v2\/product_brand?post=9803"},{"taxonomy":"product_cat","embeddable":true,"href":"https:\/\/www.fivecontinentseditions.com\/fr\/wp-json\/wp\/v2\/product_cat?post=9803"},{"taxonomy":"product_tag","embeddable":true,"href":"https:\/\/www.fivecontinentseditions.com\/fr\/wp-json\/wp\/v2\/product_tag?post=9803"}],"curies":[{"name":"wp","href":"https:\/\/api.w.org\/{rel}","templated":true}]}}