{"id":9722,"date":"2016-01-28T05:00:00","date_gmt":"2016-01-28T05:00:00","guid":{"rendered":"http:\/\/www.fivecontinentseditions.com\/prodotto\/embodied-spirits-2\/"},"modified":"2017-12-21T18:31:42","modified_gmt":"2017-12-21T18:31:42","slug":"embodied-spirits-2","status":"publish","type":"product","link":"https:\/\/www.fivecontinentseditions.com\/fr\/p\/embodied-spirits-2\/","title":{"rendered":"Embodied Spirits"},"content":{"rendered":"<p>Les bois sculpt\u00e9s appel\u00e9s &laquo; planches votives &raquo; sont d\u00e9sign\u00e9s par des termes divers chez les nombreuses ethnies des r\u00e9gions du golfe de Papouasie. Dans plusieurs langues locales, ils portent le nom de <em>g\u00f3pe<\/em>. Traditionnellement, ces planches \u00e9taient faites dans le bois des bateaux d\u00e9saffect\u00e9s et \u00e9taient habituellement d\u00e9cor\u00e9es d&rsquo;un seul c\u00f4t\u00e9 de motifs peints et grav\u00e9s. Elles \u00e9taient con\u00e7ues par les dignitaires d&rsquo;une famille \u00e9largie ou d&rsquo;un clan. &Agrave; la fin du XIXe si\u00e8cle et au d\u00e9but du XXe si\u00e8cle, les hommes vivaient \u00e0l&rsquo;\u00e9cart des femmes et des jeunes gar\u00e7ons non encore initi\u00e9s. Leur maison commune comportait un espace d\u00e9di\u00e9 ou un sanctuaire r\u00e9serv\u00e9 \u00e0l&rsquo;exposition des objets destin\u00e9s \u00e0marquer le statut personnel des membres de la communaut\u00e9 et l&rsquo;identit\u00e9 du clan. De nombreuses planches votives \u00e9taient plac\u00e9es dans ces sanctuaires et avaient pour but de rappeler \u00e0leur propri\u00e9taire leurs responsabilit\u00e9s \u00e0l&rsquo;\u00e9gard du clan et de la communaut\u00e9.<br \/>\nCet ouvrage, qui pr\u00e9sente diff\u00e9rents styles de planches votives, est le premier enti\u00e8rement consacr\u00e9 \u00e0ce sujet. Des planches typiques de chaque r\u00e9gion, choisies parmi les collections publiques ou priv\u00e9es les plus remarquables du monde entier, sont illustr\u00e9es par des photographies en couleurs pleine page. Pour chacune, le descriptif fait \u00e9tat de sa provenance et de l&rsquo;histoire d\u00e9taill\u00e9e de la collection \u00e0 laquelle elle appartient, en y ajoutant des informations sur les publications et les expositions la concernant. En outre, des photographies historiques contextuelles montrent ces planches in situ ou des sp\u00e9cimens similaires fabriqu\u00e9s \u00e0 la m\u00eame \u00e9poque.<\/p>\n<p><strong>Virginia-Lee Webb<\/strong> a \u00e9t\u00e9 conservatrice et charg\u00e9e de recherche senior pour le Metropolitan Museum of Art, au d\u00e9partement des arts d&rsquo;Afrique, d&rsquo;Oc\u00e9anie et du continent am\u00e9ricain. Elle a organis\u00e9 une vingtaine d&rsquo;expositions pour le mus\u00e9e. Elle a \u00e9galement travaill\u00e9 pour le Museum of Primitive Art, qui a ensuite fusionn\u00e9 avec le Metropolitan Museum. Elle est actuellement conservatrice consultante pour plusieurs initiatives mus\u00e9ales.<\/p>\n","protected":false},"excerpt":{"rendered":"<p>Les bois sculpt\u00e9s appel\u00e9s &laquo; planches votives &raquo; sont d\u00e9sign\u00e9s par des termes divers chez les nombreuses ethnies des r\u00e9gions du golfe de Papouasie. Dans plusieurs langues locales, ils portent le nom de g\u00f3pe. Traditionnellement, ces planches \u00e9taient faites dans le bois des bateaux d\u00e9saffect\u00e9s et \u00e9taient habituellement d\u00e9cor\u00e9es d&rsquo;un seul c\u00f4t\u00e9 de motifs peints&hellip;<\/p>\n","protected":false},"featured_media":15981,"template":"","meta":{"_acf_changed":false,"inline_featured_image":false},"product_brand":[],"product_cat":[72],"product_tag":[],"class_list":{"0":"post-9722","1":"product","2":"type-product","3":"status-publish","4":"has-post-thumbnail","6":"product_cat-art-oceanien","7":"disponibilita-no","8":"description-off","10":"first","11":"outofstock","12":"shipping-taxable","13":"purchasable","14":"product-type-simple"},"acf":[],"_links":{"self":[{"href":"https:\/\/www.fivecontinentseditions.com\/fr\/wp-json\/wp\/v2\/product\/9722","targetHints":{"allow":["GET"]}}],"collection":[{"href":"https:\/\/www.fivecontinentseditions.com\/fr\/wp-json\/wp\/v2\/product"}],"about":[{"href":"https:\/\/www.fivecontinentseditions.com\/fr\/wp-json\/wp\/v2\/types\/product"}],"wp:featuredmedia":[{"embeddable":true,"href":"https:\/\/www.fivecontinentseditions.com\/fr\/wp-json\/wp\/v2\/media\/15981"}],"wp:attachment":[{"href":"https:\/\/www.fivecontinentseditions.com\/fr\/wp-json\/wp\/v2\/media?parent=9722"}],"wp:term":[{"taxonomy":"product_brand","embeddable":true,"href":"https:\/\/www.fivecontinentseditions.com\/fr\/wp-json\/wp\/v2\/product_brand?post=9722"},{"taxonomy":"product_cat","embeddable":true,"href":"https:\/\/www.fivecontinentseditions.com\/fr\/wp-json\/wp\/v2\/product_cat?post=9722"},{"taxonomy":"product_tag","embeddable":true,"href":"https:\/\/www.fivecontinentseditions.com\/fr\/wp-json\/wp\/v2\/product_tag?post=9722"}],"curies":[{"name":"wp","href":"https:\/\/api.w.org\/{rel}","templated":true}]}}