{"id":9603,"date":"2015-08-05T05:00:00","date_gmt":"2015-08-05T05:00:00","guid":{"rendered":"http:\/\/www.fivecontinentseditions.com\/prodotto\/mossi-2\/"},"modified":"2025-12-20T13:46:33","modified_gmt":"2025-12-20T13:46:33","slug":"mossi-2","status":"publish","type":"product","link":"https:\/\/www.fivecontinentseditions.com\/fr\/p\/mossi-2\/","title":{"rendered":"Mossi"},"content":{"rendered":"<p>L&rsquo;histoire riche et complexe des Mossi, peuple du Burkina Faso, se refl\u00e8te dans les divers types et styles de figurines et de masques de leur cr\u00e9ation. Ce peuple est apparu environ 1500 ans apr. J.-C. Un groupe important de cavaliers venu de l&rsquo; actuelle r\u00e9gion du nord du Ghana serait remont\u00e9 vers le nord, dans les vall\u00e9es de la Volta, pour soumettre les populations locales qui y vivaient de l&rsquo;agriculture. Les descendants de ces conqu\u00e9rants s&rsquo;\u00e9tablirent en tant que chefs, et leur art politique prit la forme de figurines royales qui ent\u00e9rinaient leur domination. Les descendants des paysans soumis constitu\u00e8rent de leur c\u00f4t\u00e9 une classe spirituelle et commenc\u00e8rent \u00e0fabriquer des masques pour repr\u00e9senter les esprits de la nature. La diversit\u00e9 g\u00e9ographique de leurs styles refl\u00e8te les diff\u00e9rences entre les diverses ethnies conquises en l&rsquo;an 1500 qui s&rsquo;unirent pour donner ce peuple connu aujourd&rsquo;hui sous le nom de Mossi, un peuple \u00e0part dans l&rsquo;Afrique de l&rsquo;Ouest. Tr\u00e8s peu d&rsquo;entre eux se sont en effet convertis au christianisme ou \u00e0l&rsquo;islam et ils continuent d&rsquo;\u00eatre \u00e0 la source d&rsquo;un art fantastique, comme l&rsquo;\u00e9taient leurs anc\u00eatres voici quelques centaines d&rsquo;ann\u00e9es. Jusque dans les ann\u00e9es 1980, la reconnaissance du peuple \u00e0l&rsquo;origine de cet art fabuleux restait encore tr\u00e8s difficile. Cet ouvrage t\u00e9moigne de l&rsquo;\u00e9volution de celui-ci gr\u00e2ce \u00e0l&rsquo;utilisation qu&rsquo;en ont fait les Mossi comme mode d&rsquo;expression de leurs id\u00e9es politiques et religieuses.<\/p>\n<p><strong>Christopher D. Roy<\/strong> est professeur d&rsquo;histoire de l&rsquo;art et charg\u00e9 de cours \u00e0 la facult\u00e9 d&rsquo;histoire des arts africains Elizabeth M. Stanley, \u00e0l&rsquo;universit\u00e9 d&rsquo;Iowa, aux &Eacute;tats-Unis. Il a publi\u00e9 un grand nombre d&rsquo;ouvrages sur les arts africains et l&rsquo;art au Burkina Faso. Il a \u00e9galement produit vingt-six DVD sur l&rsquo;art et la vie en Afrique.<\/p>\n","protected":false},"excerpt":{"rendered":"<p>L&rsquo;histoire riche et complexe des Mossi, peuple du Burkina Faso, se refl\u00e8te dans les divers types et styles de figurines et de masques de leur cr\u00e9ation. Ce peuple est apparu environ 1500 ans apr. J.-C. Un groupe important de cavaliers venu de l&rsquo; actuelle r\u00e9gion du nord du Ghana serait remont\u00e9 vers le nord, dans&hellip;<\/p>\n","protected":false},"featured_media":9578,"template":"","meta":{"_acf_changed":false,"inline_featured_image":false},"product_brand":[],"product_cat":[54],"product_tag":[],"class_list":{"0":"post-9603","1":"product","2":"type-product","3":"status-publish","4":"has-post-thumbnail","6":"product_cat-art-africain","7":"collana-visions-dafrique","8":"collana-visions-of-africa","9":"disponibilita-si","10":"description-off","12":"first","13":"instock","14":"shipping-taxable","15":"purchasable","16":"product-type-simple"},"acf":[],"_links":{"self":[{"href":"https:\/\/www.fivecontinentseditions.com\/fr\/wp-json\/wp\/v2\/product\/9603","targetHints":{"allow":["GET"]}}],"collection":[{"href":"https:\/\/www.fivecontinentseditions.com\/fr\/wp-json\/wp\/v2\/product"}],"about":[{"href":"https:\/\/www.fivecontinentseditions.com\/fr\/wp-json\/wp\/v2\/types\/product"}],"wp:featuredmedia":[{"embeddable":true,"href":"https:\/\/www.fivecontinentseditions.com\/fr\/wp-json\/wp\/v2\/media\/9578"}],"wp:attachment":[{"href":"https:\/\/www.fivecontinentseditions.com\/fr\/wp-json\/wp\/v2\/media?parent=9603"}],"wp:term":[{"taxonomy":"product_brand","embeddable":true,"href":"https:\/\/www.fivecontinentseditions.com\/fr\/wp-json\/wp\/v2\/product_brand?post=9603"},{"taxonomy":"product_cat","embeddable":true,"href":"https:\/\/www.fivecontinentseditions.com\/fr\/wp-json\/wp\/v2\/product_cat?post=9603"},{"taxonomy":"product_tag","embeddable":true,"href":"https:\/\/www.fivecontinentseditions.com\/fr\/wp-json\/wp\/v2\/product_tag?post=9603"}],"curies":[{"name":"wp","href":"https:\/\/api.w.org\/{rel}","templated":true}]}}