{"id":9516,"date":"2015-03-01T05:00:00","date_gmt":"2015-03-01T05:00:00","guid":{"rendered":"http:\/\/www.fivecontinentseditions.com\/prodotto\/alfred-baur-2\/"},"modified":"2018-04-10T11:01:48","modified_gmt":"2018-04-10T11:01:48","slug":"alfred-baur-2","status":"publish","type":"product","link":"https:\/\/www.fivecontinentseditions.com\/fr\/p\/alfred-baur-2\/","title":{"rendered":"Alfred Baur"},"content":{"rendered":"<p>\u00e0\u20ac l\u2019occasion des 150 ans de la naissance d\u2019Alfred Baur (1865-1951) et des 50 ans de la fondation Baur, mus\u00e9e des Arts d\u2019Extr\u00eame-Orient de Gen\u00e8ve, cet ouvrage pr\u00e9sente un grand collectionneur \u00e0travers un riche choix parmi les 9000 objets d\u2019art de la Chine et du Japon aujourd\u2019hui abrit\u00e9s dans un \u00e9l\u00e9gant h\u00f4tel particulier de la fin du xixe si\u00e8cle.<br \/>\nCet ouvrage m\u00eale l\u2019histoire de l\u2019Orient et celle d\u2019un homme, entrepreneur, qui fonde sa soci\u00e9t\u00e9, A. Baur &amp; Co. Ltd, \u00e0Colombo (Ceylan) en 1897. Guid\u00e9 par les magnifiques photographies d\u2019Hughes Dubois, le lecteur p\u00e9n\u00e8tre dans le mus\u00e9e et d\u00e9couvre, au fil des pages, l\u2019\u00e2me d\u2019une collection et le parcours d\u2019un homme fascin\u00e9 par les arts d\u2019Extr\u00eame-Orient. Ornements de sabre, netsukes, laques, estampes, jades ou c\u00e9ramiques imp\u00e9riales : les illustrations montrent la diversit\u00e9 des \u0153uvres et la qualit\u00e9 de cet ensemble. Les objets pr\u00e9cieux japonais, minutieusement travaill\u00e9s et d\u2019une grande perfection technique, r\u00e9v\u00e8lent l\u2019exceptionnel savoir-faire des artisans japonais, et la simplicit\u00e9 des formes des monochromes chinois d\u00e9voile la contemporan\u00e9it\u00e9 des ma\u00eetres c\u00e9ramistes visionnaires de la dynastie Song.<\/p>\n<p><strong>Monique Crick<\/strong> est historienne de l\u2019art sp\u00e9cialis\u00e9e en arts d\u2019Extr\u00eame-Orient. Elle a \u00e9t\u00e9 chercheur ind\u00e9pendant, charg\u00e9e de mission au mus\u00e9e national des Arts asiatiques-Guimet de 1991 \u00e01998 et au mus\u00e9e Cernuschi \u00e0partir de 1999. Elle est, depuis janvier 2003, directrice de la fondation Baur, mus\u00e9e des Arts d\u2019Extr\u00eame-Orient \u00e0Gen\u00e8ve.<br \/>\n<strong>Helen Loveday<\/strong> a \u00e9tudi\u00e9 le chinois \u00e0 l\u2019universit\u00e9 d\u2019Oxford et r\u00e9dig\u00e9 sa th\u00e8se de doctorat sur l\u2019arch\u00e9ologie de la p\u00e9riode des Royaumes combattants. Depuis 2003, elle travaille \u00e0 la fondation Baur, \u00e0Gen\u00e8ve, d\u2019abord comme conservatrice adjointe, puis comme conservatrice. Elle occupe \u00e9galement le poste de charg\u00e9e de cours en histoire de l\u2019art de la Chine et du Japon \u00e0 l\u2019universit\u00e9 de Gen\u00e8ve.<br \/>\n<strong>Estelle Nikl\u00e8s van Osselt<\/strong> est sinologue. Elle a \u00e9tudi\u00e9 les arts asiatiques et l\u2019arch\u00e9ologie dans les universit\u00e9s de Gen\u00e8ve, Londres et P\u00e9kin.Aujourd\u2019hui conservatrice adjointe \u00e0 la fondation Baur, mus\u00e9e des Arts d\u2019Extr\u00eame-Orient de Gen\u00e8ve, elle a auparavant travaill\u00e9 pour la fonda- tion d\u2019art contemporain chinois Guy &amp; Myriam Ullens et leur centre d\u2019art UCCA de P\u00e9kin.<br \/>\n<strong>Hughes Dubois<\/strong>, photographe publicitaire et d\u2019objets d\u2019art, collabore avec diff\u00e9rentes institu- tions et collectionneurs d\u2019objets d\u2019art aussi bien en Europe qu\u2019\u00e0travers le monde.<\/p>\n","protected":false},"excerpt":{"rendered":"<p>\u00e0\u20ac l\u2019occasion des 150 ans de la naissance d\u2019Alfred Baur (1865-1951) et des 50 ans de la fondation Baur, mus\u00e9e des Arts d\u2019Extr\u00eame-Orient de Gen\u00e8ve, cet ouvrage pr\u00e9sente un grand collectionneur \u00e0travers un riche choix parmi les 9000 objets d\u2019art de la Chine et du Japon aujourd\u2019hui abrit\u00e9s dans un \u00e9l\u00e9gant h\u00f4tel particulier de la&hellip;<\/p>\n","protected":false},"featured_media":9490,"template":"","meta":{"_acf_changed":false,"inline_featured_image":false},"product_brand":[],"product_cat":[56],"product_tag":[],"class_list":{"0":"post-9516","1":"product","2":"type-product","3":"status-publish","4":"has-post-thumbnail","6":"product_cat-art-asiatique","7":"disponibilita-no","8":"description-off","10":"first","11":"outofstock","12":"shipping-taxable","13":"purchasable","14":"product-type-simple"},"acf":[],"_links":{"self":[{"href":"https:\/\/www.fivecontinentseditions.com\/fr\/wp-json\/wp\/v2\/product\/9516","targetHints":{"allow":["GET"]}}],"collection":[{"href":"https:\/\/www.fivecontinentseditions.com\/fr\/wp-json\/wp\/v2\/product"}],"about":[{"href":"https:\/\/www.fivecontinentseditions.com\/fr\/wp-json\/wp\/v2\/types\/product"}],"wp:featuredmedia":[{"embeddable":true,"href":"https:\/\/www.fivecontinentseditions.com\/fr\/wp-json\/wp\/v2\/media\/9490"}],"wp:attachment":[{"href":"https:\/\/www.fivecontinentseditions.com\/fr\/wp-json\/wp\/v2\/media?parent=9516"}],"wp:term":[{"taxonomy":"product_brand","embeddable":true,"href":"https:\/\/www.fivecontinentseditions.com\/fr\/wp-json\/wp\/v2\/product_brand?post=9516"},{"taxonomy":"product_cat","embeddable":true,"href":"https:\/\/www.fivecontinentseditions.com\/fr\/wp-json\/wp\/v2\/product_cat?post=9516"},{"taxonomy":"product_tag","embeddable":true,"href":"https:\/\/www.fivecontinentseditions.com\/fr\/wp-json\/wp\/v2\/product_tag?post=9516"}],"curies":[{"name":"wp","href":"https:\/\/api.w.org\/{rel}","templated":true}]}}