{"id":9429,"date":"2014-10-01T05:00:00","date_gmt":"2014-10-01T05:00:00","guid":{"rendered":"http:\/\/www.fivecontinentseditions.com\/prodotto\/andre-robillard-2\/"},"modified":"2018-04-10T10:43:36","modified_gmt":"2018-04-10T10:43:36","slug":"andre-robillard-2","status":"publish","type":"product","link":"https:\/\/www.fivecontinentseditions.com\/fr\/p\/andre-robillard-2\/","title":{"rendered":"Andr\u00e9 Robillard"},"content":{"rendered":"<p><strong>Cet ouvrage, accompagnant la premi\u00e8re exposition monographique sur Andr\u00e9 Robillard, propos\u00e9e par la Collection de l\u2019art brut, retrace cinquante ann\u00e9es de cr\u00e9ation originale et autodidacte.<br \/>\n<\/strong>Andr\u00e9 Robillard (1931) fabrique des fusils, des avions, des spoutniks et des animaux avec des mat\u00e9riaux de rebut et du bois d\u00e9coup\u00e9. Ces assemblages complexes et ing\u00e9nieux sont d\u2019une grande puissance \u00e9vocatrice. Il pratique \u00e9galement le dessin au feutre ou au crayon de couleur dans un style personnel et po\u00e9tique. Cinquante ans apr\u00e8s la cr\u00e9ation du premier fusil d\u2019Andr\u00e9 Robillard, cet ouvrage richement illustr\u00e9 r\u00e9unit des essais de plusieurs intervenants connaissant personnellement Andr\u00e9 Robillard et entretenant avec lui des relations privil\u00e9gi\u00e9es, la plupart depuis de nombreuses ann\u00e9es.<br \/>\nL\u2019ouvrage comporte \u00e9galement un DVD contenant des documents d\u2019archives et deux films documentaires de Henri-Fran\u00e7ois Imbert.<\/p>\n<p><strong>Bernadette Chevillon<\/strong> a travaill\u00e9 pendant quarante ans comme psychologue clinicienne. Elle a fond\u00e9 avec Lucien Bonnaf\u00e9, en 1992, l\u2019association Arimage dont le but est de promouvoir des pratiques artistiques et culturelles en psychiatrie. Elle est \u00e0 l\u2019origine de nombreuses manifestations et expositions dont certaines avec Andr\u00e9 Robillard.<br \/>\n<strong>Alexis Forestier<\/strong>, metteur en sc\u00e8ne, constructeur et musicien, cofonde la compagnie Les Endimanch\u00e9s en 1993. Une complicit\u00e9 avec Andr\u00e9 Robillard le conduit \u00e0cr\u00e9er deux pi\u00e8ces en compagnie de l\u2019artiste.<br \/>\n<strong>Sarah Lombardi<\/strong>, historienne de l\u2019art, est directrice de la Collection de l\u2019art brut depuis 2012. Collaboratrice scientifique d\u00e8s 2004, puis conservatrice, elle a coordonn\u00e9 de nombreuses expositions au sein de cette institution ainsi qu\u2019\u00e0 l\u2019\u00e9tranger.<br \/>\n<strong>Michel Nedjar<\/strong> est artiste autodidacte. Son \u0153uvre fait partie de la donation Daniel Cordier au Centre Pompidou et de la Collection de l\u2019art brut de Lausanne. En 1982, il a cofond\u00e9 l\u2019association L\u2019Aracine, dont les collections se trouvent aujourd\u2019hui au mus\u00e9e de Lille M\u00e9tropole (LaM).<br \/>\n<strong>Michel Th\u00e9voz<\/strong>, historien de l\u2019art, a \u00e9t\u00e9 \u00e0 l\u2019initiative de la cr\u00e9ation de la Collection de l\u2019art brut \u00e0Lausanne, dont il a assum\u00e9 la direction depuis sa fondation en 1976 jusqu\u2019en 2001. Il a aussi \u00e9t\u00e9 professeur d\u2019histoire de l\u2019art et de mus\u00e9ologie \u00e0 l\u2019universit\u00e9 de Lausanne de 1977 \u00e02001 et a publi\u00e9 une vingtaine d\u2019ouvrages.<\/p>\n","protected":false},"excerpt":{"rendered":"<p>Cet ouvrage, accompagnant la premi\u00e8re exposition monographique sur Andr\u00e9 Robillard, propos\u00e9e par la Collection de l\u2019art brut, retrace cinquante ann\u00e9es de cr\u00e9ation originale et autodidacte. Andr\u00e9 Robillard (1931) fabrique des fusils, des avions, des spoutniks et des animaux avec des mat\u00e9riaux de rebut et du bois d\u00e9coup\u00e9. Ces assemblages complexes et ing\u00e9nieux sont d\u2019une grande&hellip;<\/p>\n","protected":false},"featured_media":9406,"template":"","meta":{"_acf_changed":false,"inline_featured_image":false},"product_brand":[],"product_cat":[49],"product_tag":[],"class_list":{"0":"post-9429","1":"product","2":"type-product","3":"status-publish","4":"has-post-thumbnail","6":"product_cat-art-brut-fr","7":"disponibilita-no","8":"description-off","10":"first","11":"outofstock","12":"shipping-taxable","13":"purchasable","14":"product-type-simple"},"acf":[],"_links":{"self":[{"href":"https:\/\/www.fivecontinentseditions.com\/fr\/wp-json\/wp\/v2\/product\/9429","targetHints":{"allow":["GET"]}}],"collection":[{"href":"https:\/\/www.fivecontinentseditions.com\/fr\/wp-json\/wp\/v2\/product"}],"about":[{"href":"https:\/\/www.fivecontinentseditions.com\/fr\/wp-json\/wp\/v2\/types\/product"}],"wp:featuredmedia":[{"embeddable":true,"href":"https:\/\/www.fivecontinentseditions.com\/fr\/wp-json\/wp\/v2\/media\/9406"}],"wp:attachment":[{"href":"https:\/\/www.fivecontinentseditions.com\/fr\/wp-json\/wp\/v2\/media?parent=9429"}],"wp:term":[{"taxonomy":"product_brand","embeddable":true,"href":"https:\/\/www.fivecontinentseditions.com\/fr\/wp-json\/wp\/v2\/product_brand?post=9429"},{"taxonomy":"product_cat","embeddable":true,"href":"https:\/\/www.fivecontinentseditions.com\/fr\/wp-json\/wp\/v2\/product_cat?post=9429"},{"taxonomy":"product_tag","embeddable":true,"href":"https:\/\/www.fivecontinentseditions.com\/fr\/wp-json\/wp\/v2\/product_tag?post=9429"}],"curies":[{"name":"wp","href":"https:\/\/api.w.org\/{rel}","templated":true}]}}