{"id":9402,"date":"2015-08-20T05:00:00","date_gmt":"2015-08-20T05:00:00","guid":{"rendered":"http:\/\/www.fivecontinentseditions.com\/prodotto\/arts-anciens-de-madagascar-2\/"},"modified":"2022-01-01T19:56:05","modified_gmt":"2022-01-01T19:56:05","slug":"arts-anciens-de-madagascar-2","status":"publish","type":"product","link":"https:\/\/www.fivecontinentseditions.com\/fr\/p\/arts-anciens-de-madagascar-2\/","title":{"rendered":"Arts anciens de Madagascar"},"content":{"rendered":"<p>Cet ouvrage est le premier \u00e0rendre un hommage m\u00e9rit\u00e9 \u00e0 la richesse et \u00e0 la diversit\u00e9 de la production artistique traditionnelle de Madagascar. Dans tous les domaines, de la vie d\u2019ici-bas \u00e0celle de l\u2019au-del\u00e0en passant par un entre-deux d\u00e9di\u00e9 \u00e0 la magie et \u00e0 la divination, les artistes malgaches ont exprim\u00e9 leur imagination et leur savoir-faire. Parfois les cr\u00e9ations des sculpteurs sont uniques et insolites, \u00e0 l\u2019image de leur \u00eele incomparable, parfois elles tirent leur inspiration des populations austron\u00e9siennes, africaines, indiennes ou arabes que vents et courants favorables ont port\u00e9, au cours des si\u00e8cles, vers cette terre de rencontres. Qu\u2019elles soient objets du quotidien, charmes magiques ou statues fun\u00e9raires, ces \u0153uvres ont suscit\u00e9 un grand int\u00e9r\u00eat de la part des premiers observateurs europ\u00e9ens, dont les t\u00e9moignages \u00e9crits ou iconographiques servent de fil conducteur \u00e0cette publication.<br \/>\nUn long travail de recherche dans les collections publiques et priv\u00e9es, aux quatre coins du monde, a permis de r\u00e9unir les peintures et les sculptures les plus repr\u00e9sentatives et les plus esth\u00e9tiques de cette culture peu c\u00e9l\u00e9br\u00e9e jusqu\u2019\u00e0pr\u00e9sent. Le choix d\u2019un format exceptionnel donne \u00e0ce livre l\u2019espace n\u00e9cessaire aux magnifiques clich\u00e9s des photographes r\u00e9put\u00e9s qui contribuent ainsi \u00e0r\u00e9v\u00e9ler la beaut\u00e9 de ces \u0153uvres d\u2019art.<\/p>\n<p><strong>Bertrand Goy<\/strong> a v\u00e9cu de longues ann\u00e9es en Afrique et \u00e0Madagascar. Apr\u00e8s une carri\u00e8re de cadre sup\u00e9rieur dans l\u2019industrie, il consacre d\u00e9sormais son temps \u00e0 l\u2019histoire des arts primitifs. Membre de la Soci\u00e9t\u00e9 des africanistes, il est l\u2019auteur de nombreux articles et ouvrages notamment sur les arts de la C\u00f4te d\u2019Ivoire, du Burkina Faso et du Mali. Il a re\u00e7u le prix Auguste Pavie de l\u2019Acad\u00e9mie des sciences d\u2019outre-mer pour <em>Jara\u00ef : arts de guerre et de mort chez les montagnards d\u2019Indochine<\/em> en 2006 et le prix international du livre d\u2019arts primitifs pour <em>C\u00f4te d\u2019Ivoire : premiers regards sur la sculpture<\/em> en 2013.<\/p>\n","protected":false},"excerpt":{"rendered":"<p>Cet ouvrage est le premier \u00e0rendre un hommage m\u00e9rit\u00e9 \u00e0 la richesse et \u00e0 la diversit\u00e9 de la production artistique traditionnelle de Madagascar. Dans tous les domaines, de la vie d\u2019ici-bas \u00e0celle de l\u2019au-del\u00e0en passant par un entre-deux d\u00e9di\u00e9 \u00e0 la magie et \u00e0 la divination, les artistes malgaches ont exprim\u00e9 leur imagination et leur&hellip;<\/p>\n","protected":false},"featured_media":9379,"template":"","meta":{"_acf_changed":false,"inline_featured_image":false},"product_brand":[],"product_cat":[54],"product_tag":[],"class_list":{"0":"post-9402","1":"product","2":"type-product","3":"status-publish","4":"has-post-thumbnail","6":"product_cat-art-africain","7":"disponibilita-no","8":"description-off","10":"first","11":"outofstock","12":"shipping-taxable","13":"purchasable","14":"product-type-simple"},"acf":[],"_links":{"self":[{"href":"https:\/\/www.fivecontinentseditions.com\/fr\/wp-json\/wp\/v2\/product\/9402","targetHints":{"allow":["GET"]}}],"collection":[{"href":"https:\/\/www.fivecontinentseditions.com\/fr\/wp-json\/wp\/v2\/product"}],"about":[{"href":"https:\/\/www.fivecontinentseditions.com\/fr\/wp-json\/wp\/v2\/types\/product"}],"wp:featuredmedia":[{"embeddable":true,"href":"https:\/\/www.fivecontinentseditions.com\/fr\/wp-json\/wp\/v2\/media\/9379"}],"wp:attachment":[{"href":"https:\/\/www.fivecontinentseditions.com\/fr\/wp-json\/wp\/v2\/media?parent=9402"}],"wp:term":[{"taxonomy":"product_brand","embeddable":true,"href":"https:\/\/www.fivecontinentseditions.com\/fr\/wp-json\/wp\/v2\/product_brand?post=9402"},{"taxonomy":"product_cat","embeddable":true,"href":"https:\/\/www.fivecontinentseditions.com\/fr\/wp-json\/wp\/v2\/product_cat?post=9402"},{"taxonomy":"product_tag","embeddable":true,"href":"https:\/\/www.fivecontinentseditions.com\/fr\/wp-json\/wp\/v2\/product_tag?post=9402"}],"curies":[{"name":"wp","href":"https:\/\/api.w.org\/{rel}","templated":true}]}}