{"id":9375,"date":"2015-03-01T05:00:00","date_gmt":"2015-03-01T05:00:00","guid":{"rendered":"http:\/\/www.fivecontinentseditions.com\/prodotto\/donation-janet-zakos-2\/"},"modified":"2018-04-10T10:50:09","modified_gmt":"2018-04-10T10:50:09","slug":"donation-janet-zakos-2","status":"publish","type":"product","link":"https:\/\/www.fivecontinentseditions.com\/fr\/p\/donation-janet-zakos-2\/","title":{"rendered":"Donation Janet Zakos"},"content":{"rendered":"<p>En 2004, le mus\u00e9e d\u2019Art et d\u2019Histoire de Gen\u00e8ve recevait un v\u00e9ritable tr\u00e9sor byzantin que Janet Zakos avait d\u00e9sir\u00e9 lui confier quelque temps avant son d\u00e9c\u00e8s. Cet ensemble est constitu\u00e9 principalement d\u2019oeuvres d\u2019argent et de bronze, \u00e0usage profane ou liturgique, r\u00e9unies avec passion par la collectionneuse, ou auparavant par son \u00e9poux, le marchand d\u2019art et sp\u00e9cialiste de sigillographie, George Zakos.<br \/>\nCette collection est exceptionnellement riche en argenterie, mais parmi les oeuvres que Janet Zakos affectionnait le plus, on doit aussi citer le fonds de bronzes, notamment les mains votives, magnifique ensemble qui permet de comprende l\u2019origine de ces objets cultuels. Janet Zakos a aussi l\u00e9gu\u00e9 au mus\u00e9e plusieurs dizaines de c\u00e9ramiques, pour la plupart incis\u00e9es et gla\u00e7ur\u00e9es. Ces c\u00e9ramiques, qui ont appartenu \u00e0son mari, proviennent sans doute d\u2019un bateau \u00e9chou\u00e9 vers les c\u00f4tes de l\u2019Asie Mineure. De grande qualit\u00e9, elles \u00e9voquent, \u00e0 la diff\u00e9rence des autres supports, la libert\u00e9 des artisans byzantins tant par leur graphisme que par leur iconographie.<br \/>\nCette collection, dont aucune pi\u00e8ce n\u2019avait jamais \u00e9t\u00e9 publi\u00e9e, n\u2019\u00e9tait connue jusqu\u2019\u00e0pr\u00e9sent que des visiteurs du mus\u00e9e et des rares personnes invit\u00e9es par Janet Zakos \u00e0les contempler.<\/p>\n<p>Cet ouvrage permet maintenant de les d\u00e9voiler \u00e0tous.<\/p>\n<p>Ce beau livre vient \u00e0 la suite des deux premiers ouvrages consacr\u00e9s aux collections byzantines du mus\u00e9e d\u2019Art et d\u2019Histoire, l\u2019un aux ic\u00f4nes, l\u2019autre aux antiquit\u00e9s pal\u00e9ochr\u00e9tiennes et byzantines, d\u00e9j\u00e0publi\u00e9s par 5 Continents Editions.<\/p>\n<p><strong>Marielle Martiniani-Reber<\/strong> est docteur en histoire de l\u2019art de l\u2019universit\u00e9 Lyon II, sp\u00e9cialiste des textiles byzantins, conservateur en chef, responsable des collections byzantines et postbyzantines du mus\u00e9e d\u2019Art et d\u2019Histoire de Gen\u00e8ve.<\/p>\n","protected":false},"excerpt":{"rendered":"<p>En 2004, le mus\u00e9e d\u2019Art et d\u2019Histoire de Gen\u00e8ve recevait un v\u00e9ritable tr\u00e9sor byzantin que Janet Zakos avait d\u00e9sir\u00e9 lui confier quelque temps avant son d\u00e9c\u00e8s. Cet ensemble est constitu\u00e9 principalement d\u2019oeuvres d\u2019argent et de bronze, \u00e0usage profane ou liturgique, r\u00e9unies avec passion par la collectionneuse, ou auparavant par son \u00e9poux, le marchand d\u2019art et&hellip;<\/p>\n","protected":false},"featured_media":9352,"template":"","meta":{"_acf_changed":false,"inline_featured_image":false},"product_brand":[],"product_cat":[55],"product_tag":[],"class_list":{"0":"post-9375","1":"product","2":"type-product","3":"status-publish","4":"has-post-thumbnail","6":"product_cat-art-ancien","7":"collana-collections-byzantines-du-mah-geneve-fr","8":"disponibilita-si","9":"description-off","11":"first","12":"instock","13":"shipping-taxable","14":"purchasable","15":"product-type-simple"},"acf":[],"_links":{"self":[{"href":"https:\/\/www.fivecontinentseditions.com\/fr\/wp-json\/wp\/v2\/product\/9375","targetHints":{"allow":["GET"]}}],"collection":[{"href":"https:\/\/www.fivecontinentseditions.com\/fr\/wp-json\/wp\/v2\/product"}],"about":[{"href":"https:\/\/www.fivecontinentseditions.com\/fr\/wp-json\/wp\/v2\/types\/product"}],"wp:featuredmedia":[{"embeddable":true,"href":"https:\/\/www.fivecontinentseditions.com\/fr\/wp-json\/wp\/v2\/media\/9352"}],"wp:attachment":[{"href":"https:\/\/www.fivecontinentseditions.com\/fr\/wp-json\/wp\/v2\/media?parent=9375"}],"wp:term":[{"taxonomy":"product_brand","embeddable":true,"href":"https:\/\/www.fivecontinentseditions.com\/fr\/wp-json\/wp\/v2\/product_brand?post=9375"},{"taxonomy":"product_cat","embeddable":true,"href":"https:\/\/www.fivecontinentseditions.com\/fr\/wp-json\/wp\/v2\/product_cat?post=9375"},{"taxonomy":"product_tag","embeddable":true,"href":"https:\/\/www.fivecontinentseditions.com\/fr\/wp-json\/wp\/v2\/product_tag?post=9375"}],"curies":[{"name":"wp","href":"https:\/\/api.w.org\/{rel}","templated":true}]}}