{"id":9348,"date":"2014-07-27T05:00:00","date_gmt":"2014-07-27T05:00:00","guid":{"rendered":"http:\/\/www.fivecontinentseditions.com\/prodotto\/visions-of-grace-2\/"},"modified":"2018-04-10T10:53:09","modified_gmt":"2018-04-10T10:53:09","slug":"visions-of-grace-2","status":"publish","type":"product","link":"https:\/\/www.fivecontinentseditions.com\/fr\/p\/visions-of-grace-2\/","title":{"rendered":"Visions of Grace"},"content":{"rendered":"<p><em>Visions of Grace: 100 Masterpieces from the Collection of Daniel and Marian Malcolm <\/em>pr\u00e9sente une s\u00e9lection d\u2019\u0153uvres fortes de la c\u00e9l\u00e8bre collection rassembl\u00e9e par Daniel et Marian Malcolm. Compos\u00e9e durant plus de quarante ans, il s\u2019agit de l\u2019une des plus belles collections priv\u00e9es d\u2019art africain pr\u00e9colonial, et elle sert \u00e0cet \u00e9gard de mod\u00e8le et de source d\u2019inspiration pour tous les collectionneurs. Attir\u00e9s par les \u0153uvres de la plus haute qualit\u00e9 artistique, les Malcolm sont particuli\u00e8rement fascin\u00e9s par les expressions cr\u00e9atives qui refl\u00e8tent les croyances religieuses, les structures sociales et les valeurs traditionnelles des peuples subsahariens.<br \/>\nPar ce choix de 100 \u0153uvres, l\u2019auteur se concentre sur la diversit\u00e9 et la profondeur de la collection. Tout en \u00e9tablissant le contexte historique, sociologique et religieux des diverses cultures africaines, il remonte \u00e0 la source de l\u2019amour de ces deux collectionneurs pour l\u2019art africain. Cet ouvrage pr\u00e9sente dans un \u00e9quilibre subtil chefs-d\u2019\u0153uvre souvent publi\u00e9s et pi\u00e8ces moins connues de la collection, et r\u00e9v\u00e8le ainsi pour la premi\u00e8re fois au public nombre d\u2019\u0153uvres cl\u00e9s.<\/p>\n<p><strong>Heinrich Schweizer<\/strong>, collectionneur d\u2019art africain, historien de l\u2019art et juriste de formation, il a publi\u00e9 de nombreux textes sur l\u2019art ou des sujets connexes aussi bien dans des collections universitaires que grand public. Le d\u00e9but de sa collaboration r\u00e9guli\u00e8re \u00e0 la rubrique artistique de la <em>Frankfurter allgemeine Zeitung <\/em>remonte \u00e0ses vingt-quatre ans. Depuis 2006, il dirige le d\u00e9partement des arts africains et oc\u00e9aniques du si\u00e8ge new-yorkais de Sotheby\u2019s, o\u00f9 il est appr\u00e9ci\u00e9 pour avoir introduit de nouveaux crit\u00e8res de catalogage pour l\u2019art africain, bas\u00e9s sur des m\u00e9thodes mises au point dans d\u2019autres domaines de l\u2019histoire de l\u2019art, et pour avoir r\u00e9volutionn\u00e9 la pr\u00e9sentation de ces arts dans les catalogues de vente aux ench\u00e8res.<\/p>\n","protected":false},"excerpt":{"rendered":"<p>Visions of Grace: 100 Masterpieces from the Collection of Daniel and Marian Malcolm pr\u00e9sente une s\u00e9lection d\u2019\u0153uvres fortes de la c\u00e9l\u00e8bre collection rassembl\u00e9e par Daniel et Marian Malcolm. Compos\u00e9e durant plus de quarante ans, il s\u2019agit de l\u2019une des plus belles collections priv\u00e9es d\u2019art africain pr\u00e9colonial, et elle sert \u00e0cet \u00e9gard de mod\u00e8le et de&hellip;<\/p>\n","protected":false},"featured_media":9325,"template":"","meta":{"_acf_changed":false,"inline_featured_image":false},"product_brand":[],"product_cat":[54],"product_tag":[],"class_list":{"0":"post-9348","1":"product","2":"type-product","3":"status-publish","4":"has-post-thumbnail","6":"product_cat-art-africain","7":"disponibilita-no","8":"description-off","10":"first","11":"outofstock","12":"shipping-taxable","13":"purchasable","14":"product-type-simple"},"acf":[],"_links":{"self":[{"href":"https:\/\/www.fivecontinentseditions.com\/fr\/wp-json\/wp\/v2\/product\/9348","targetHints":{"allow":["GET"]}}],"collection":[{"href":"https:\/\/www.fivecontinentseditions.com\/fr\/wp-json\/wp\/v2\/product"}],"about":[{"href":"https:\/\/www.fivecontinentseditions.com\/fr\/wp-json\/wp\/v2\/types\/product"}],"wp:featuredmedia":[{"embeddable":true,"href":"https:\/\/www.fivecontinentseditions.com\/fr\/wp-json\/wp\/v2\/media\/9325"}],"wp:attachment":[{"href":"https:\/\/www.fivecontinentseditions.com\/fr\/wp-json\/wp\/v2\/media?parent=9348"}],"wp:term":[{"taxonomy":"product_brand","embeddable":true,"href":"https:\/\/www.fivecontinentseditions.com\/fr\/wp-json\/wp\/v2\/product_brand?post=9348"},{"taxonomy":"product_cat","embeddable":true,"href":"https:\/\/www.fivecontinentseditions.com\/fr\/wp-json\/wp\/v2\/product_cat?post=9348"},{"taxonomy":"product_tag","embeddable":true,"href":"https:\/\/www.fivecontinentseditions.com\/fr\/wp-json\/wp\/v2\/product_tag?post=9348"}],"curies":[{"name":"wp","href":"https:\/\/api.w.org\/{rel}","templated":true}]}}