{"id":9321,"date":"2014-10-01T05:00:00","date_gmt":"2014-10-01T05:00:00","guid":{"rendered":"http:\/\/www.fivecontinentseditions.com\/prodotto\/marcello-4\/"},"modified":"2018-04-10T10:22:03","modified_gmt":"2018-04-10T10:22:03","slug":"marcello-4","status":"publish","type":"product","link":"https:\/\/www.fivecontinentseditions.com\/fr\/p\/marcello-4\/","title":{"rendered":"Marcello"},"content":{"rendered":"<p>Ce catalogue accompagne l\u2019exposition itin\u00e9rante qui pr\u00e9sente l\u2019\u0153uvre de l\u2019artiste d\u2019origine suisse Ad\u00e8le d\u2019Affry, duchesse Colonna (1836-1879), sculpteur et peintre, mieux connue sous le pseudonyme de Marcello. Jeune veuve de Carlo di Castiglione Colonna, la duchesse romaine commence sa carri\u00e8re de sculpteur \u00e0 Paris et expose ses \u0153uvres au Salon \u00e0partir de 1863. Ensuite, sa carri\u00e8re se d\u00e9veloppera \u00e9galement en Italie et en Suisse.<br \/>\nDans cet ouvrage, richement illustr\u00e9, le lecteur d\u00e9couvre les sculptures, les peintures et les dessins de Marcello, qui dialoguent entre le n\u00e9oclassicisme et de nouvelles influences artistiques. Sa production est pr\u00e9sent\u00e9e \u00e0c\u00f4t\u00e9 d\u2019\u0153uvres d\u2019artistes de son temps tels que Gustave Courbet, Eug\u00e8ne Delacroix, Berthe Morisot, Jean-Baptiste Carpeaux ou Henri Regnault et de photographies provenant de ses archives, qui r\u00e9sonnent avec son \u0153uvre.<br \/>\nL\u2019histoire d\u2019Ad\u00e8le d\u2019Affry offre l\u2019occasion d\u2019\u00e9tudier de fa\u00e7on transversale l\u2019\u00e9mergence d\u2019artistes femmes au XIXe si\u00e8cle, ainsi que les sujets qu\u2019elles traitent et affectionnent. Cette publication analyse les sc\u00e8nes artistiques qui se sont d\u00e9velopp\u00e9es entre Rome et Paris autour de l\u2019ann\u00e9e 1870, ainsi que l\u2019influence de l\u2019art espagnol et le ph\u00e9nom\u00e8ne de mode des salons.<\/p>\n<p><strong>Laure Chabanne<\/strong>, conservateur responsable du mus\u00e9e du Second Empire et du mus\u00e9e de l\u2019Imp\u00e9ratrice, peintures et objets d\u2019art, Mus\u00e9e national du ch\u00e2teau de Compi\u00e8gne.<br \/>\n<strong>Simone de Reyff<\/strong>, professeur \u00e9m\u00e9rite de litt\u00e9rature fran\u00e7aise \u00e0 l\u2019Universit\u00e9 de Fribourg.<br \/>\n<strong>Gr\u00e9goire Extermann<\/strong>, historien de l\u2019art, est l\u2019auteur de recherches sur la sculpture italienne des XVIe-XIVe si\u00e8cles.<br \/>\n<strong>Pascal Griener<\/strong>, professeur ordinaire, Institut d\u2019Histoire de l\u2019Art et de Mus\u00e9ologie, Universit\u00e9 de Neuch\u00e2tel.<br \/>\n<strong>Gianna A. Mina<\/strong>, directrice du Museo Vincenzo Vela \u00e0Ligornetto et pr\u00e9sidente de l\u2019Association des mus\u00e9es suisses.<br \/>\n<strong>\u00e9douard Papet<\/strong>, conservateur en chef du mus\u00e9e d\u2019Orsay, Paris.<br \/>\n<strong>Caterina Y. Pierre<\/strong>, professeur associ\u00e9 d\u2019histoire de l\u2019art \u00e0 la City University of New York at Kingsborough Community College.<br \/>\n<strong>Fabien Python<\/strong>, charg\u00e9 de cours et doctorant, Universit\u00e9 de Fribourg \/ ATILF Nancy.<br \/>\n<strong>Francis Python<\/strong>, professeur \u00e9m\u00e9rite en histoire contemporaine, g\u00e9n\u00e9rale et suisse, Universit\u00e9 de Fribourg.<br \/>\n<strong>Caroline Schuster Cordone<\/strong>, directrice adjointe du Mus\u00e9e d\u2019art et d\u2019histoire Fribourg.<br \/>\n<strong>Monique von Wistinghausen<\/strong>, historienne, pr\u00e9sidente de la Fondation Marcello de Fribourg.<\/p>\n","protected":false},"excerpt":{"rendered":"<p>Ce catalogue accompagne l\u2019exposition itin\u00e9rante qui pr\u00e9sente l\u2019\u0153uvre de l\u2019artiste d\u2019origine suisse Ad\u00e8le d\u2019Affry, duchesse Colonna (1836-1879), sculpteur et peintre, mieux connue sous le pseudonyme de Marcello. Jeune veuve de Carlo di Castiglione Colonna, la duchesse romaine commence sa carri\u00e8re de sculpteur \u00e0 Paris et expose ses \u0153uvres au Salon \u00e0partir de 1863. Ensuite, sa&hellip;<\/p>\n","protected":false},"featured_media":9298,"template":"","meta":{"_acf_changed":false,"inline_featured_image":false},"product_brand":[],"product_cat":[68],"product_tag":[],"class_list":{"0":"post-9321","1":"product","2":"type-product","3":"status-publish","4":"has-post-thumbnail","6":"product_cat-art-moderne","7":"disponibilita-si","8":"description-off","10":"first","11":"instock","12":"shipping-taxable","13":"purchasable","14":"product-type-simple"},"acf":[],"_links":{"self":[{"href":"https:\/\/www.fivecontinentseditions.com\/fr\/wp-json\/wp\/v2\/product\/9321","targetHints":{"allow":["GET"]}}],"collection":[{"href":"https:\/\/www.fivecontinentseditions.com\/fr\/wp-json\/wp\/v2\/product"}],"about":[{"href":"https:\/\/www.fivecontinentseditions.com\/fr\/wp-json\/wp\/v2\/types\/product"}],"wp:featuredmedia":[{"embeddable":true,"href":"https:\/\/www.fivecontinentseditions.com\/fr\/wp-json\/wp\/v2\/media\/9298"}],"wp:attachment":[{"href":"https:\/\/www.fivecontinentseditions.com\/fr\/wp-json\/wp\/v2\/media?parent=9321"}],"wp:term":[{"taxonomy":"product_brand","embeddable":true,"href":"https:\/\/www.fivecontinentseditions.com\/fr\/wp-json\/wp\/v2\/product_brand?post=9321"},{"taxonomy":"product_cat","embeddable":true,"href":"https:\/\/www.fivecontinentseditions.com\/fr\/wp-json\/wp\/v2\/product_cat?post=9321"},{"taxonomy":"product_tag","embeddable":true,"href":"https:\/\/www.fivecontinentseditions.com\/fr\/wp-json\/wp\/v2\/product_tag?post=9321"}],"curies":[{"name":"wp","href":"https:\/\/api.w.org\/{rel}","templated":true}]}}