{"id":9294,"date":"2014-06-09T05:00:00","date_gmt":"2014-06-09T05:00:00","guid":{"rendered":"http:\/\/www.fivecontinentseditions.com\/prodotto\/rodin-2\/"},"modified":"2018-04-11T09:23:23","modified_gmt":"2018-04-11T09:23:23","slug":"rodin-2","status":"publish","type":"product","link":"https:\/\/www.fivecontinentseditions.com\/fr\/p\/rodin-2\/","title":{"rendered":"Rodin"},"content":{"rendered":"<p><em><strong>\u00ab On y voit clairement la pens\u00e9e, l\u2019\u00e9criture m\u00eame du ma\u00eetre. C\u2019est une \u0153uvre qui n\u2019a \u00e9t\u00e9 d\u00e9shonor\u00e9e par aucun praticien, par aucune retouche. Elle est la premi\u00e8re \u00e9motion du statuaire, sa vraie oeuvre, l\u2019\u00e2me de son \u00e2me. \u00bb <\/strong><\/em><strong>Mathias Morhardt (parlant de La Muse tragique)<br \/>\n<\/strong>P\u00e8re de la sculpture moderne, Auguste Rodin (1840 \u2014 1917) a ouvert la voie \u00e0des artistes majeurs du XXe si\u00e8cle. S\u2019il a marqu\u00e9 les esprits par sa valorisation du fragment, de l\u2019inach\u00e8vement, il a \u00e9galement renouvel\u00e9 le m\u00e9dium en y introduisant la notion d\u2019al\u00e9atoire et d\u2019accident.<br \/>\nRodin, acceptant les fruits du hasard, int\u00e8gre \u00e0sa d\u00e9marche artistique des \u00e9l\u00e9ments qui ne doivent rien \u00e0son initiative personnelle. L\u2019accident devient processus cr\u00e9atif. B\u00e9n\u00e9ficiant de la participation exceptionnelle du mus\u00e9e Rodin, l\u2019exposition, qui explore un th\u00e8me nouveau, pr\u00e9sente, autour de <em>La Muse tragique<\/em>, don de Rodin au mus\u00e9e d\u2019Art et d\u2019Histoire de Gen\u00e8ve, pr\u00e8s de quatre-vingts sculptures.<\/p>\n<p><strong>Fran\u00e7ois Blancheti\u00e8re<\/strong> est conservateur du patrimoine, adjoint au responsable du service de la conservation du mus\u00e9e Rodin depuis 2005.<br \/>\n<strong>Christina Buley-Uribe<\/strong> est historienne de l\u2019art et auteur d\u2019essais sur les dessins de Rodin.<br \/>\n<strong>Thierry Dufr\u00eane<\/strong> est actuellement professeur d\u2019histoire de l\u2019art contemporain \u00e0 l\u2019universit\u00e9 Paris Ouest Nanterre.<br \/>\n<strong>Dario Gamboni<\/strong> occupe la chaire d\u2019histoire de l\u2019art contemporain \u00e0 l\u2019universit\u00e9 de Gen\u00e8ve.<br \/>\n<strong>Antoinette Le Normand-Romain<\/strong> est conservateur g\u00e9n\u00e9ral du patrimoine et dirige l\u2019Institut national d\u2019histoire de l\u2019art (INHA) \u00e0 Paris depuis 2006.<br \/>\n<strong>Laurence Madeline<\/strong> est conservateur en chef du p\u00f4le Beaux-Arts des mus\u00e9es d\u2019Art et d\u2019Histoire de Gen\u00e8ve.<br \/>\n<strong>H\u00e9l\u00e8ne Pinet<\/strong> est chef du service de la recherche et responsable scientifique des collections de photographies du mus\u00e9e Rodin.<br \/>\n<strong>Rapha\u00eblle Richet<\/strong> est membre du service d\u2019acquisition des s\u00e9ries t\u00e9l\u00e9vis\u00e9es \u00e9trang\u00e8res chez Canal + et poursuit ses recherches sur la th\u00e9orie de la dramaturgie dans l\u2019\u00e9criture t\u00e9l\u00e9visuelle.<br \/>\n<strong>Alicia Robinson<\/strong> est conservateur s\u00e9nior des collections m\u00e9tal, c\u00e9ramique et verre du V&amp;A de Londres depuis 2006 et responsable de la sculpture fran\u00e7aise post-m\u00e9di\u00e9vale.<br \/>\n<strong>Bernard Vouilloux<\/strong> est professeur de litt\u00e9rature fran\u00e7aise du XXe si\u00e8cle \u00e0 l\u2019universit\u00e9 de Paris IV-Sorbonne.<\/p>\n","protected":false},"excerpt":{"rendered":"<p>\u00ab On y voit clairement la pens\u00e9e, l\u2019\u00e9criture m\u00eame du ma\u00eetre. C\u2019est une \u0153uvre qui n\u2019a \u00e9t\u00e9 d\u00e9shonor\u00e9e par aucun praticien, par aucune retouche. Elle est la premi\u00e8re \u00e9motion du statuaire, sa vraie oeuvre, l\u2019\u00e2me de son \u00e2me. \u00bb Mathias Morhardt (parlant de La Muse tragique) P\u00e8re de la sculpture moderne, Auguste Rodin (1840 \u2014&hellip;<\/p>\n","protected":false},"featured_media":9271,"template":"","meta":{"_acf_changed":false,"inline_featured_image":false},"product_brand":[],"product_cat":[57,68],"product_tag":[],"class_list":{"0":"post-9294","1":"product","2":"type-product","3":"status-publish","4":"has-post-thumbnail","6":"product_cat-art-contemporain","7":"product_cat-art-moderne","8":"disponibilita-si","9":"description-off","11":"first","12":"instock","13":"shipping-taxable","14":"purchasable","15":"product-type-simple"},"acf":[],"_links":{"self":[{"href":"https:\/\/www.fivecontinentseditions.com\/fr\/wp-json\/wp\/v2\/product\/9294","targetHints":{"allow":["GET"]}}],"collection":[{"href":"https:\/\/www.fivecontinentseditions.com\/fr\/wp-json\/wp\/v2\/product"}],"about":[{"href":"https:\/\/www.fivecontinentseditions.com\/fr\/wp-json\/wp\/v2\/types\/product"}],"wp:featuredmedia":[{"embeddable":true,"href":"https:\/\/www.fivecontinentseditions.com\/fr\/wp-json\/wp\/v2\/media\/9271"}],"wp:attachment":[{"href":"https:\/\/www.fivecontinentseditions.com\/fr\/wp-json\/wp\/v2\/media?parent=9294"}],"wp:term":[{"taxonomy":"product_brand","embeddable":true,"href":"https:\/\/www.fivecontinentseditions.com\/fr\/wp-json\/wp\/v2\/product_brand?post=9294"},{"taxonomy":"product_cat","embeddable":true,"href":"https:\/\/www.fivecontinentseditions.com\/fr\/wp-json\/wp\/v2\/product_cat?post=9294"},{"taxonomy":"product_tag","embeddable":true,"href":"https:\/\/www.fivecontinentseditions.com\/fr\/wp-json\/wp\/v2\/product_tag?post=9294"}],"curies":[{"name":"wp","href":"https:\/\/api.w.org\/{rel}","templated":true}]}}