{"id":9210,"date":"2014-05-07T05:00:00","date_gmt":"2014-05-07T05:00:00","guid":{"rendered":"http:\/\/www.fivecontinentseditions.com\/prodotto\/la-grande-guerre-the-great-war-3\/"},"modified":"2017-12-21T18:27:06","modified_gmt":"2017-12-21T18:27:06","slug":"la-grande-guerre-the-great-war-3","status":"publish","type":"product","link":"https:\/\/www.fivecontinentseditions.com\/fr\/p\/la-grande-guerre-the-great-war-3\/","title":{"rendered":"La Grande Guerre | The Great War"},"content":{"rendered":"<p>La Premi\u00e8re Guerre mondiale est souvent consid\u00e9r\u00e9e comme une &laquo; guerre de la photographie &raquo;. Si la photographie a servi \u00e0documenter d&rsquo;autres guerres dans le pass\u00e9, ce conflit marquera un tournant d\u00e9cisif pour ce moyen d&rsquo;expression. Les photographies officielles refl\u00e8tent la planification, la censure et un constant besoin de rallier l&rsquo;opinion publique \u00e0 la cause. Parall\u00e8lement, la Triple Entente et la Triple Alliance choisiront de faire de la photographie un instrument de strat\u00e9gie, d&rsquo;espionnage, de provocation et de persuasion. L&rsquo;importance de l&rsquo;utilisation de l&rsquo;appareil photographique pour un usage personnel contraste avec son utilisation politique et militariste. Les populaires portraits en studio des soldats et des membres de leur famille et les albums personnels compos\u00e9s avant, pendant et apr\u00e8s la guerre qui t\u00e9moignent de ces vies menac\u00e9es montrent l&rsquo;importance ind\u00e9niable de la photographie dans l&rsquo;espace priv\u00e9. Cette exposition pr\u00e9sente une s\u00e9lection exceptionnelle de photographies issues de collections nationales et internationales afin d&rsquo;illustrer les r\u00f4les cl\u00e9s que la photographie a \u00e9t\u00e9 appel\u00e9e \u00e0jouer durant la guerre.<\/p>\n<p><strong>Ann Thomas<\/strong>, conservatrice du d\u00e9partement de la photographie Mus\u00e9e des beaux-arts du Canada, Ottawa.<br \/>\n<strong>Anthony Petiteau<\/strong>, charg\u00e9 d&rsquo;\u00e9tudes documentaires au Mus\u00e9e de l&rsquo;Arm\u00e9e, Paris.<\/p>\n","protected":false},"excerpt":{"rendered":"<p>La Premi\u00e8re Guerre mondiale est souvent consid\u00e9r\u00e9e comme une &laquo; guerre de la photographie &raquo;. Si la photographie a servi \u00e0documenter d&rsquo;autres guerres dans le pass\u00e9, ce conflit marquera un tournant d\u00e9cisif pour ce moyen d&rsquo;expression. Les photographies officielles refl\u00e8tent la planification, la censure et un constant besoin de rallier l&rsquo;opinion publique \u00e0 la cause.&hellip;<\/p>\n","protected":false},"featured_media":9187,"template":"","meta":{"_acf_changed":false,"inline_featured_image":false},"product_brand":[],"product_cat":[73],"product_tag":[],"class_list":{"0":"post-9210","1":"product","2":"type-product","3":"status-publish","4":"has-post-thumbnail","6":"product_cat-photographie","7":"disponibilita-si","8":"description-off","10":"first","11":"instock","12":"shipping-taxable","13":"purchasable","14":"product-type-simple"},"acf":[],"_links":{"self":[{"href":"https:\/\/www.fivecontinentseditions.com\/fr\/wp-json\/wp\/v2\/product\/9210","targetHints":{"allow":["GET"]}}],"collection":[{"href":"https:\/\/www.fivecontinentseditions.com\/fr\/wp-json\/wp\/v2\/product"}],"about":[{"href":"https:\/\/www.fivecontinentseditions.com\/fr\/wp-json\/wp\/v2\/types\/product"}],"wp:featuredmedia":[{"embeddable":true,"href":"https:\/\/www.fivecontinentseditions.com\/fr\/wp-json\/wp\/v2\/media\/9187"}],"wp:attachment":[{"href":"https:\/\/www.fivecontinentseditions.com\/fr\/wp-json\/wp\/v2\/media?parent=9210"}],"wp:term":[{"taxonomy":"product_brand","embeddable":true,"href":"https:\/\/www.fivecontinentseditions.com\/fr\/wp-json\/wp\/v2\/product_brand?post=9210"},{"taxonomy":"product_cat","embeddable":true,"href":"https:\/\/www.fivecontinentseditions.com\/fr\/wp-json\/wp\/v2\/product_cat?post=9210"},{"taxonomy":"product_tag","embeddable":true,"href":"https:\/\/www.fivecontinentseditions.com\/fr\/wp-json\/wp\/v2\/product_tag?post=9210"}],"curies":[{"name":"wp","href":"https:\/\/api.w.org\/{rel}","templated":true}]}}