{"id":9153,"date":"2014-01-20T05:00:00","date_gmt":"2014-01-20T05:00:00","guid":{"rendered":"http:\/\/www.fivecontinentseditions.com\/prodotto\/afrique-en-resonance-2\/"},"modified":"2018-04-11T09:39:51","modified_gmt":"2018-04-11T09:39:51","slug":"afrique-en-resonance-2","status":"publish","type":"product","link":"https:\/\/www.fivecontinentseditions.com\/fr\/p\/afrique-en-resonance-2\/","title":{"rendered":"Afrique en r\u00e9sonance"},"content":{"rendered":"<p>\u00e0\u20ac l\u2019occasion du 150e anniversaire du Mus\u00e9e africain de Lyon, cette publication pr\u00e9sente pour la premi\u00e8re fois sa collection, l\u2019une des plus importantes en France.<br \/>\nElle comprend des objets produits par des populations et des groupes culturels tr\u00e8s divers, des Yoruba du B\u00e9nin, du Nigeria et du Togo aux Baoul\u00e9 de C\u00f4te d\u2019Ivoire, en passant par les S\u00e9noufo. La collection offre par ailleurs un panorama large de ces cultures \u2014 \u00e0travers la d\u00e9couverte de masques, de statues, ainsi que d\u2019objets de la vie quotidienne \u2014, toutes li\u00e9es \u00e0une origine g\u00e9ographique commune: l\u2019Afrique de l\u2019Ouest.<br \/>\nCe livre pr\u00e9sente \u00e9galement l\u2019histoire de la collection, initi\u00e9e par les collectes des p\u00e8res missionnaires de la Soci\u00e9t\u00e9 des missions africaines, ainsi que l\u2019\u00e9volution du mus\u00e9e, constitu\u00e9 dans les ann\u00e9es 1860.<\/p>\n<p><strong>Joseph Adande<\/strong> est professeur d\u2019histoire de l\u2019art \u00e0 l\u2019universit\u00e9 Abomey-Calavi, Cotonou (B\u00e9nin). Il a publi\u00e9 de nombreux articles, apport\u00e9 son soutien \u00e0 la r\u00e9alisation d\u2019expositions et il participe r\u00e9guli\u00e8rement \u00e0des s\u00e9minaires aussi bien au B\u00e9nin qu\u2019\u00e0 l\u2019\u00e9tranger.<br \/>\n<strong>Julien Bondaz<\/strong>, chercheur au sein de l\u2019\u00e9quipe d\u2019accueil Histoire culturelle et sociale de l\u2019art (universit\u00e9 Paris I Panth\u00e9on-Sorbonne) et de l\u2019Institut interdisciplinaire de l\u2019anthropologie du contemporain (CNRS-EHESS), dans le cadre du Labex cr\u00e9ation, arts et patrimoines a coordonn\u00e9 plusieurs ouvrages collectifs.<br \/>\n<strong>Pierre Boutin<\/strong>, ancien directeur du Mus\u00e9e africain de Lyon (de 1998 \u00e02003), est membre de la Soci\u00e9t\u00e9 des missions africaines, chercheur ind\u00e9pendant. Il est actuellement charg\u00e9 de collection \u00e0 la SMA patrimoine.<br \/>\n<strong>Claude Prudhomme<\/strong> est professeur \u00e9m\u00e9rite d\u2019histoire contemporaine \u00e0 l\u2019universit\u00e9 Lyon 2, sp\u00e9cialiste de l\u2019histoire des missions chr\u00e9tiennes et de l\u2019Afrique subsaharienne, membre du Laboratoire de recherche historique Rh\u00f4ne-Alpes, LARHRA UMR 5190, \u00e9quipe RESEA (religions, soci\u00e9t\u00e9s et acculturation).<br \/>\n<strong>Laurick Zerbini<\/strong> est ma\u00eetresse de conf\u00e9rences en histoire des arts africains \u00e0 l\u2019universit\u00e9 Lyon 2, membre du Laboratoire de recherche historique Rh\u00f4ne-Alpes, LARHRA UMR 5190, \u00e9quipe RESEA (religions, soci\u00e9t\u00e9s et acculturation), elle est l\u2019auteure d\u2019articles sur les mus\u00e9es missionnaires catholiques et la patrimonialisation des cultures africaines.<\/p>\n","protected":false},"excerpt":{"rendered":"<p>\u00e0\u20ac l\u2019occasion du 150e anniversaire du Mus\u00e9e africain de Lyon, cette publication pr\u00e9sente pour la premi\u00e8re fois sa collection, l\u2019une des plus importantes en France. Elle comprend des objets produits par des populations et des groupes culturels tr\u00e8s divers, des Yoruba du B\u00e9nin, du Nigeria et du Togo aux Baoul\u00e9 de C\u00f4te d\u2019Ivoire, en passant&hellip;<\/p>\n","protected":false},"featured_media":9130,"template":"","meta":{"_acf_changed":false,"inline_featured_image":false},"product_brand":[],"product_cat":[54],"product_tag":[],"class_list":{"0":"post-9153","1":"product","2":"type-product","3":"status-publish","4":"has-post-thumbnail","6":"product_cat-art-africain","7":"disponibilita-no","8":"description-off","10":"first","11":"outofstock","12":"shipping-taxable","13":"purchasable","14":"product-type-simple"},"acf":[],"_links":{"self":[{"href":"https:\/\/www.fivecontinentseditions.com\/fr\/wp-json\/wp\/v2\/product\/9153","targetHints":{"allow":["GET"]}}],"collection":[{"href":"https:\/\/www.fivecontinentseditions.com\/fr\/wp-json\/wp\/v2\/product"}],"about":[{"href":"https:\/\/www.fivecontinentseditions.com\/fr\/wp-json\/wp\/v2\/types\/product"}],"wp:featuredmedia":[{"embeddable":true,"href":"https:\/\/www.fivecontinentseditions.com\/fr\/wp-json\/wp\/v2\/media\/9130"}],"wp:attachment":[{"href":"https:\/\/www.fivecontinentseditions.com\/fr\/wp-json\/wp\/v2\/media?parent=9153"}],"wp:term":[{"taxonomy":"product_brand","embeddable":true,"href":"https:\/\/www.fivecontinentseditions.com\/fr\/wp-json\/wp\/v2\/product_brand?post=9153"},{"taxonomy":"product_cat","embeddable":true,"href":"https:\/\/www.fivecontinentseditions.com\/fr\/wp-json\/wp\/v2\/product_cat?post=9153"},{"taxonomy":"product_tag","embeddable":true,"href":"https:\/\/www.fivecontinentseditions.com\/fr\/wp-json\/wp\/v2\/product_tag?post=9153"}],"curies":[{"name":"wp","href":"https:\/\/api.w.org\/{rel}","templated":true}]}}