{"id":9126,"date":"2014-11-01T05:00:00","date_gmt":"2014-11-01T05:00:00","guid":{"rendered":"http:\/\/www.fivecontinentseditions.com\/prodotto\/the-buchner-boxes-2\/"},"modified":"2018-04-11T09:43:30","modified_gmt":"2018-04-11T09:43:30","slug":"the-buchner-boxes-2","status":"publish","type":"product","link":"https:\/\/www.fivecontinentseditions.com\/fr\/p\/the-buchner-boxes-2\/","title":{"rendered":"The Buchner Boxes"},"content":{"rendered":"<p>Les caisses que Giorgio Buchner a soigneusement conserv\u00e9es racontent le r\u00eave tenace de l\u2019arch\u00e9ologue. Par ses fouilles dans l\u2019\u00eele d\u2019Ischia durant cinquante ans, il a \u00e9crit l\u2019histoire de la premi\u00e8re colonie grecque d\u2019Occident. Les caisses en bois de 40 par 45 centim\u00e8tres sont des conteneurs pour les bo\u00eetes en carton gris plus petites, de tailles diverses, qui s\u2019y encastrent comme en un tissage. Elles renferment des dents, des fragments d\u2019os, des cr\u00e2nes, des traces organiques d\u2019\u00eatres ayant travers\u00e9 l\u2019\u00eele il y a trois mille ans. Ensuite, des objets qui les ont accompagn\u00e9s : des fibules, des vases, des fermoirs pour tresse, des armilles, de petits anneaux, des poids en plomb, des hame\u00e7ons de p\u00eache, des lampes \u00e0huile, un biberon pour nourrisson. Enfin, des mottes de terre sectionn\u00e9es et catalogu\u00e9es que le temps a d\u00e9color\u00e9es jusqu\u2019au m\u00eame gris. Durant vingt ans, les objets se sont tus, empil\u00e9s sur des \u00e9tag\u00e8res en m\u00e9tal.<br \/>\nAujourd\u2019hui, Luigi Spina leur redonne la parole. Ils reprennent la narration. C\u2019est une histoire d\u2019\u00e9poques qui s\u2019entrem\u00ealent. Buchner enveloppait chaque objet dans des feuilles de journaux que sa communaut\u00e9 d\u2019arch\u00e9ologues allemands, anglais et italiens avait \u00e0port\u00e9e de main, <em>The Times<\/em>, <em>Il Mattino<\/em>, <em>The Daily Telegraph<\/em>, <em>Frankfurter Allgemeine<\/em>, <em>S\u00fcddeutsche Zeitung<\/em>, des fragments de nouvelles des premiers hommes ayant march\u00e9 sur la Lune, des campagnes \u00e9lectorales, des guerres. Mais il conservait aussi de petites dents ou des phalanges d\u00e9charn\u00e9es dans des bo\u00eetes d\u2019allumettes illustr\u00e9es. Des triangulations, des fils qui relient les coutumes, les lambeaux, l\u2019imaginaire, les r\u00eaves d\u2019hier, d\u2019aujourd\u2019hui et les r\u00eaves antiques murmur\u00e9s sur le terreau sec.<\/p>\n<p><strong>Luigi Spina<\/strong>, photographe, a publi\u00e9 plusieurs ouvrages. Il a travaill\u00e9 sur la collection Farn\u00e8se de sculptures classiques au Museo Archeologico Nazionale di Napoli en 2002 et a particip\u00e9 \u00e0 l\u2019exposition \u00ab Antinoo, il fascino della bellezza \u00bb \u00e0 la Villa Adriana en 2012. Il \u00e9tait pr\u00e9sent au Festival de la photographie de Rome et au MIAFAIR en 2013.<br \/>\n<strong>Giovanni Fiorentino<\/strong>, professeur \u00e0 l\u2019universit\u00e9 de Tuscia, est journaliste pour<em> Il Messaggero<\/em> et <em>Il Mattino<\/em>, et auteur. Il dirige le Centro Meridionale di Educazione Ambientale de Sorrente.<br \/>\n<strong>Costanza Gialanella<\/strong> travaille \u00e0 la Surintendance pour le patrimoine arch\u00e9ologique de Naples. Elle a dirig\u00e9 de nombreuses fouilles arch\u00e9ologiques, telles que celles du Rione Terra \u00e0Pozzuoli et celles de la n\u00e9cropole de Pithecusae avec Giorgio Buchner.<br \/>\n<strong>Davide Vargas<\/strong> est un architecte et \u00e9crivain. Il a particip\u00e9 plusieurs fois \u00e0 la Biennale de Venise et a publi\u00e9 plusieurs ouvrages dont<em> Racconti di qui e Racconti di architettura<\/em> (\u00e9d. Tullio Pironti, 2010 et 2012), <em>La citt\u00e0della poesia<\/em> (\u00e9d. Letteraventidue, 2012), <em>Alberi<\/em> (\u00e9d. Ilfilodipartenope, 2012).<\/p>\n","protected":false},"excerpt":{"rendered":"<p>Les caisses que Giorgio Buchner a soigneusement conserv\u00e9es racontent le r\u00eave tenace de l\u2019arch\u00e9ologue. Par ses fouilles dans l\u2019\u00eele d\u2019Ischia durant cinquante ans, il a \u00e9crit l\u2019histoire de la premi\u00e8re colonie grecque d\u2019Occident. Les caisses en bois de 40 par 45 centim\u00e8tres sont des conteneurs pour les bo\u00eetes en carton gris plus petites, de tailles&hellip;<\/p>\n","protected":false},"featured_media":9103,"template":"","meta":{"_acf_changed":false,"inline_featured_image":false},"product_brand":[],"product_cat":[73],"product_tag":[],"class_list":{"0":"post-9126","1":"product","2":"type-product","3":"status-publish","4":"has-post-thumbnail","6":"product_cat-photographie","7":"disponibilita-si","8":"description-off","10":"first","11":"instock","12":"shipping-taxable","13":"purchasable","14":"product-type-simple"},"acf":[],"_links":{"self":[{"href":"https:\/\/www.fivecontinentseditions.com\/fr\/wp-json\/wp\/v2\/product\/9126","targetHints":{"allow":["GET"]}}],"collection":[{"href":"https:\/\/www.fivecontinentseditions.com\/fr\/wp-json\/wp\/v2\/product"}],"about":[{"href":"https:\/\/www.fivecontinentseditions.com\/fr\/wp-json\/wp\/v2\/types\/product"}],"wp:featuredmedia":[{"embeddable":true,"href":"https:\/\/www.fivecontinentseditions.com\/fr\/wp-json\/wp\/v2\/media\/9103"}],"wp:attachment":[{"href":"https:\/\/www.fivecontinentseditions.com\/fr\/wp-json\/wp\/v2\/media?parent=9126"}],"wp:term":[{"taxonomy":"product_brand","embeddable":true,"href":"https:\/\/www.fivecontinentseditions.com\/fr\/wp-json\/wp\/v2\/product_brand?post=9126"},{"taxonomy":"product_cat","embeddable":true,"href":"https:\/\/www.fivecontinentseditions.com\/fr\/wp-json\/wp\/v2\/product_cat?post=9126"},{"taxonomy":"product_tag","embeddable":true,"href":"https:\/\/www.fivecontinentseditions.com\/fr\/wp-json\/wp\/v2\/product_tag?post=9126"}],"curies":[{"name":"wp","href":"https:\/\/api.w.org\/{rel}","templated":true}]}}