{"id":9045,"date":"2014-03-19T05:00:00","date_gmt":"2014-03-19T05:00:00","guid":{"rendered":"http:\/\/www.fivecontinentseditions.com\/prodotto\/onobrakpeya-2\/"},"modified":"2018-04-11T09:55:22","modified_gmt":"2018-04-11T09:55:22","slug":"onobrakpeya-2","status":"publish","type":"product","link":"https:\/\/www.fivecontinentseditions.com\/fr\/p\/onobrakpeya-2\/","title":{"rendered":"Onobrakpeya"},"content":{"rendered":"<p><em>Onobrakpeya: Masks of the Flaming Arrows<\/em> est un recueil d\u2019essais r\u00e9dig\u00e9s par des auteurs de renom et \u00e9maill\u00e9s d\u2019un ensemble de magnifi ques reproductions de dessins, peintures, gravures et installations de Bruce Onobrakpeya, pr\u00e9sent\u00e9es en couleurs ou en noir et blanc.<br \/>\nReconnu comme le ma\u00eetre africain de la gravure, Bruce Onobrakpeya fut \u00e0 l\u2019avant-garde de la premi\u00e8re g\u00e9n\u00e9ration d\u2019artistes contemporains form\u00e9s dans le Nigeria encore colonial de son \u00e9poque. Il donna ensuite le ton et institua les standards de l\u2019innovation et du professionnalisme dans le nouvel espace post-colonial. Dirig\u00e9 par Dele Jegede, professeur d\u2019histoire de l\u2019art et sp\u00e9cialiste d\u2019Onobrakpeya, cet ouvrage propose des contributions critiques et pertinentes d\u2019universitaires, tels que John Agberia, Osa Egonwa, Olakunle Filani et Basil Nnamdi, au c\u00f4t\u00e9 d\u2019autres collaborateurs comme Gani Odutokun, David Okpako, Pat Oyelola et Frank Ugiomoh.<br \/>\nIl comporte un nombre impressionnant de travaux de l\u2019artiste r\u00e9alis\u00e9s au moyen de divers m\u00e9dias: dessins \u00e0 la plume, gravures \u00e0 l\u2019eau-forte, s\u00e9rigraphies, moulages en r\u00e9sine, plastographies compl\u00e9mentaires, peintures \u00e0 l\u2019huile ou acryliques sur des diptyques ou triptyques sur toiles. \u00e0\u20ac c\u00f4t\u00e9 de ce corpus d\u2019oeuvres vari\u00e9es et d\u2019installations, le livre porte \u00e9galement \u00e0notre connaissance des commentaires de l\u2019artiste sur son propre travail, ainsi que quelques-uns de ses po\u00e8mes \u00e9crits au fil des ans sur divers th\u00e8mes, dont l\u2019ex\u00e9cution de Ken Saro-Wiwa, leader du Movement for the Survival of the Ogoni People (MOSOP) dans la r\u00e9gion du delta du Niger, au Nigeria. Un tableau chronologique pr\u00e9sente les activit\u00e9s professionnelles et cr\u00e9atives d\u2019Onobrakpeya depuis sa premi\u00e8re exposition personnelle \u00e0Ughelli, en 1959, jusqu\u2019aux Harmattan Workshops qu\u2019il organise chaque ann\u00e9e \u00e0Agbarha-Otor, sa ville natale.<br \/>\nLe livre donne un large aper\u00e7u du travail de l\u2019artiste au cours du temps, avec des interviews et des essais qui fournissent une analyse du contexte de sa production.<\/p>\n<p><strong>Dele Jegede<\/strong> est professeur d\u2019histoire de l\u2019art \u00e0 l\u2019universit\u00e9 Miami, Oxford, Ohio, aux \u00e9tats-Unis. Il est \u00e9galement peintre, caricaturiste, conservateur, critique d\u2019art et administrateur artistique. Il a \u00e9t\u00e9 pr\u00e9sident de la Soci\u00e9t\u00e9 des artistes nig\u00e9rians de 1989 \u00e01992, ainsi que du Conseil artistique de l\u2019Association des \u00e9tudes africaines (ACASA) entre 1996 et 1998, et laur\u00e9at en 2013 du Distinguished Africanist Award, prix attribu\u00e9 par l\u2019universit\u00e9 du Texas.<\/p>\n","protected":false},"excerpt":{"rendered":"<p>Onobrakpeya: Masks of the Flaming Arrows est un recueil d\u2019essais r\u00e9dig\u00e9s par des auteurs de renom et \u00e9maill\u00e9s d\u2019un ensemble de magnifi ques reproductions de dessins, peintures, gravures et installations de Bruce Onobrakpeya, pr\u00e9sent\u00e9es en couleurs ou en noir et blanc. Reconnu comme le ma\u00eetre africain de la gravure, Bruce Onobrakpeya fut \u00e0 l\u2019avant-garde de&hellip;<\/p>\n","protected":false},"featured_media":9022,"template":"","meta":{"_acf_changed":false,"inline_featured_image":false},"product_brand":[],"product_cat":[57],"product_tag":[],"class_list":{"0":"post-9045","1":"product","2":"type-product","3":"status-publish","4":"has-post-thumbnail","6":"product_cat-art-contemporain","7":"disponibilita-no","8":"description-off","10":"first","11":"outofstock","12":"shipping-taxable","13":"purchasable","14":"product-type-simple"},"acf":[],"_links":{"self":[{"href":"https:\/\/www.fivecontinentseditions.com\/fr\/wp-json\/wp\/v2\/product\/9045","targetHints":{"allow":["GET"]}}],"collection":[{"href":"https:\/\/www.fivecontinentseditions.com\/fr\/wp-json\/wp\/v2\/product"}],"about":[{"href":"https:\/\/www.fivecontinentseditions.com\/fr\/wp-json\/wp\/v2\/types\/product"}],"wp:featuredmedia":[{"embeddable":true,"href":"https:\/\/www.fivecontinentseditions.com\/fr\/wp-json\/wp\/v2\/media\/9022"}],"wp:attachment":[{"href":"https:\/\/www.fivecontinentseditions.com\/fr\/wp-json\/wp\/v2\/media?parent=9045"}],"wp:term":[{"taxonomy":"product_brand","embeddable":true,"href":"https:\/\/www.fivecontinentseditions.com\/fr\/wp-json\/wp\/v2\/product_brand?post=9045"},{"taxonomy":"product_cat","embeddable":true,"href":"https:\/\/www.fivecontinentseditions.com\/fr\/wp-json\/wp\/v2\/product_cat?post=9045"},{"taxonomy":"product_tag","embeddable":true,"href":"https:\/\/www.fivecontinentseditions.com\/fr\/wp-json\/wp\/v2\/product_tag?post=9045"}],"curies":[{"name":"wp","href":"https:\/\/api.w.org\/{rel}","templated":true}]}}