{"id":8991,"date":"2014-07-10T05:00:00","date_gmt":"2014-07-10T05:00:00","guid":{"rendered":"http:\/\/www.fivecontinentseditions.com\/prodotto\/resonant-space-2\/"},"modified":"2018-04-11T10:00:19","modified_gmt":"2018-04-11T10:00:19","slug":"resonant-space-2","status":"publish","type":"product","link":"https:\/\/www.fivecontinentseditions.com\/fr\/p\/resonant-space-2\/","title":{"rendered":"Resonant Space"},"content":{"rendered":"<p><strong>Cet ouvrage se propose d\u2019\u00e9valuer la place des <em>Colorythmes <\/em>dans l\u2019\u0153uvre d\u2019Otero et dans le contexte de l\u2019abstraction g\u00e9om\u00e9trique internationale, un point de vue enti\u00e8rement in\u00e9dit sur le travail de l\u2019artiste.<br \/>\n<\/strong>Alejandro Otero (Venezuela, 1921\u20141990), l\u2019un des artistes les plus brillants de l\u2019histoire de l\u2019abstraction, est un peintre et un sculpteur renomm\u00e9. De 1955 \u00e01960, il a d\u00e9velopp\u00e9 l\u2019extraordinaire s\u00e9rie de ses 75 <em>Coloritmos (Colorythmes), <\/em>l\u2019une de ses principales contributions conceptuelles \u00e0 l\u2019univers de la peinture. l\u2019exposition organis\u00e9e par l\u2019Instituto de Arte Contempor\u00e2nea (IAC) de S\u00e3o Paulo (de m\u00eame que le catalogue qui l\u2019accompagne) constitue le premier hommage de ce type consacr\u00e9 aux <em>Coloritmos<\/em>. Elle pr\u00e9sente un nombre substantiel d\u2019\u0153uvres emprunt\u00e9es \u00e0des collections publiques ou priv\u00e9es. C\u2019est la premi\u00e8re grande exposition en solo concernant cet artiste au Br\u00e9sil.<br \/>\nGr\u00e2ce aux contributions d\u2019un groupe d\u2019historiens de l\u2019art de premier plan, en Am\u00e9rique latine, aux \u00e9tats-Unis et en Europe, l\u2019ouvrage comporte plusieurs essais qui permettent de contextualiser sa production selon des perspectives diverses.<\/p>\n<p><strong>Rina Carvajal<\/strong> est conservatrice ind\u00e9pendante et critique, install\u00e9e \u00e0Miami. Elle est actuellement conservatrice invit\u00e9e \u00e0 l\u2019Instituto de Arte Contempor\u00e2nea (IAC) et \u00e0 l\u2019Instituto Moreira Salles (S\u00e3o Paulo et Rio de Janeiro, Br\u00e9sil).<br \/>\n<strong>Kaira M. Caba\u00e0\u00b1as<\/strong> est ma\u00eetre de conf\u00e9rences et directrice du programme d\u2019art moderne du M. A. \u00e0 l\u2019universit\u00e9 Columbia.<br \/>\n<strong>Juan Carlos Ledezma <\/strong>est \u00e9crivain et conservateur, sp\u00e9cialis\u00e9 en art moderne et contemporain.<br \/>\n<strong>Nadja Rottner<\/strong> est professeur assistante d\u2019histoire de l\u2019art \u00e0 l\u2019universit\u00e9 du Michigan-Dearborn. Elle est sp\u00e9cialiste de l\u2019art d\u2019Am\u00e9rique du Nord et d\u2019Am\u00e9rique latine apr\u00e8s 1945 et s\u2019int\u00e9resse en particulier aux interactions entre l\u2019art visuel, la performance, la musique et le cin\u00e9ma.<\/p>\n","protected":false},"excerpt":{"rendered":"<p>Cet ouvrage se propose d\u2019\u00e9valuer la place des Colorythmes dans l\u2019\u0153uvre d\u2019Otero et dans le contexte de l\u2019abstraction g\u00e9om\u00e9trique internationale, un point de vue enti\u00e8rement in\u00e9dit sur le travail de l\u2019artiste. Alejandro Otero (Venezuela, 1921\u20141990), l\u2019un des artistes les plus brillants de l\u2019histoire de l\u2019abstraction, est un peintre et un sculpteur renomm\u00e9. De 1955 \u00e01960,&hellip;<\/p>\n","protected":false},"featured_media":8968,"template":"","meta":{"_acf_changed":false,"inline_featured_image":false},"product_brand":[],"product_cat":[57],"product_tag":[],"class_list":{"0":"post-8991","1":"product","2":"type-product","3":"status-publish","4":"has-post-thumbnail","6":"product_cat-art-contemporain","7":"disponibilita-si","8":"description-off","10":"first","11":"outofstock","12":"shipping-taxable","13":"purchasable","14":"product-type-simple"},"acf":[],"_links":{"self":[{"href":"https:\/\/www.fivecontinentseditions.com\/fr\/wp-json\/wp\/v2\/product\/8991","targetHints":{"allow":["GET"]}}],"collection":[{"href":"https:\/\/www.fivecontinentseditions.com\/fr\/wp-json\/wp\/v2\/product"}],"about":[{"href":"https:\/\/www.fivecontinentseditions.com\/fr\/wp-json\/wp\/v2\/types\/product"}],"wp:featuredmedia":[{"embeddable":true,"href":"https:\/\/www.fivecontinentseditions.com\/fr\/wp-json\/wp\/v2\/media\/8968"}],"wp:attachment":[{"href":"https:\/\/www.fivecontinentseditions.com\/fr\/wp-json\/wp\/v2\/media?parent=8991"}],"wp:term":[{"taxonomy":"product_brand","embeddable":true,"href":"https:\/\/www.fivecontinentseditions.com\/fr\/wp-json\/wp\/v2\/product_brand?post=8991"},{"taxonomy":"product_cat","embeddable":true,"href":"https:\/\/www.fivecontinentseditions.com\/fr\/wp-json\/wp\/v2\/product_cat?post=8991"},{"taxonomy":"product_tag","embeddable":true,"href":"https:\/\/www.fivecontinentseditions.com\/fr\/wp-json\/wp\/v2\/product_tag?post=8991"}],"curies":[{"name":"wp","href":"https:\/\/api.w.org\/{rel}","templated":true}]}}