{"id":8964,"date":"2013-12-31T05:00:00","date_gmt":"2013-12-31T05:00:00","guid":{"rendered":"http:\/\/www.fivecontinentseditions.com\/prodotto\/samuel-hieronymus-grimm-1733-1794-3\/"},"modified":"2018-10-22T08:38:21","modified_gmt":"2018-10-22T08:38:21","slug":"samuel-hieronymus-grimm-1733-1794-3","status":"publish","type":"product","link":"https:\/\/www.fivecontinentseditions.com\/fr\/p\/samuel-hieronymus-grimm-1733-1794-3\/","title":{"rendered":"Samuel Hieronymus Grimm (1733-1794)"},"content":{"rendered":"<p>Parmi les topographes du XVIII<sup>e <\/sup>si\u00e8cle, il est probable qu&rsquo;aucun artiste n&rsquo;a \u00e9t\u00e9 plus prolif\u00ecque que Grimm en mati\u00e8re d&rsquo;enregistrement des paysages et des antiquit\u00e9s de la Grande-Bretagne, et qu&rsquo;aucun d&rsquo;eux n&rsquo;a jou\u00e9 un r\u00f4le aussi important. N\u00e9 pr\u00e8s de Berne, en Suisse, Grimm a \u00e9tudi\u00e9 aupr\u00e8s de plusieurs ma\u00eetres avant de d\u00e9cider, en 1768, de partir travailler \u00e0 Londres, o\u00f9 il devait rester jusqu&rsquo;\u00e0 la f\u00ecn de sa vie. Aquarelliste de talent, il avait acquis aupr\u00e8s de ses divers clients la r\u00e9putation d&rsquo;\u00eatre rapide et pr\u00e9cis. Le plus important d&rsquo;entre eux \u00e9tait Sir Richard Kaye, qui eut recours aux services de Grimm pendant pr\u00e8s de deux d\u00e9cennies, et accumula par ce biais plus de 2 600 dessins et aquarelles. Voyageur imp\u00e9nitent, Grimm a parcouru la Grande-Bretagne en tous sens, r\u00e9alisant des \u0153uvres diverses, qui vont du simple paysage \u00e0 l&rsquo;enregistrement pr\u00e9cieux de sc\u00e8nes de la vie quotidienne rurale. \u00c0 Londres, r\u00e9v\u00e9lant en cela un regard aigu et un esprit vif, Grimm a aussi publi\u00e9 toute une s\u00e9rie de caricatures politiques et satiriques qui brocardent la mode et la soci\u00e9t\u00e9 de l&rsquo;\u00e9poque. Quelques-unes des commandes les plus importantes que Grimm ait re\u00e7ues provenaient de la Soci\u00e9t\u00e9 des antiquaires, d\u00e9sireuse de garder la trace des monuments historiques menac\u00e9s de destruction.\u00a0Malgr\u00e9 l&rsquo;excellente r\u00e9putation dont il jouissait de son vivant, Grimm n&rsquo;a fa position des \u0153uvres de l&rsquo;artiste au Kunstmuseum de Berne, en 2014, sera la toute premi\u00e8re jamais consacr\u00e9e \u00e0 sa seule personne. La monographie qui l&rsquo;accompagne, due au Dr William Hauptman, invite \u00e0 redonner \u00e0 Grimm toute la place qu&rsquo;il m\u00e9rite dans l&rsquo;histoire de la peinture britannique.<\/p>\n<p>&nbsp;<\/p>\n<p><strong>William Hauptman\u00a0<\/strong>est l&rsquo;auteur de plusieurs livres sur la peinture du XVIII<sup>e\u00a0<\/sup>et XIX<sup>e\u00a0<\/sup>si\u00e8cles, du catalogue raisonn\u00e9 des \u0153uvres de Charles Gleyre (1806-1874) et d&rsquo;autres ouvrages scientifiques. Il a \u00e9galement organis\u00e9 une dizaine d&rsquo;expositions.<\/p>\n","protected":false},"excerpt":{"rendered":"<p>Parmi les topographes du XVIIIe si\u00e8cle, il est probable qu&rsquo;aucun artiste n&rsquo;a \u00e9t\u00e9 plus prolif\u00ecque que Grimm en mati\u00e8re d&rsquo;enregistrement des paysages et des antiquit\u00e9s de la Grande-Bretagne, et qu&rsquo;aucun d&rsquo;eux n&rsquo;a jou\u00e9 un r\u00f4le aussi important. N\u00e9 pr\u00e8s de Berne, en Suisse, Grimm a \u00e9tudi\u00e9 aupr\u00e8s de plusieurs ma\u00eetres avant de d\u00e9cider, en 1768,&hellip;<\/p>\n","protected":false},"featured_media":8960,"template":"","meta":{"_acf_changed":false,"inline_featured_image":false},"product_brand":[],"product_cat":[68],"product_tag":[],"class_list":{"0":"post-8964","1":"product","2":"type-product","3":"status-publish","4":"has-post-thumbnail","6":"product_cat-art-moderne","7":"disponibilita-no","8":"description-off","10":"first","11":"outofstock","12":"shipping-taxable","13":"purchasable","14":"product-type-simple"},"acf":[],"_links":{"self":[{"href":"https:\/\/www.fivecontinentseditions.com\/fr\/wp-json\/wp\/v2\/product\/8964","targetHints":{"allow":["GET"]}}],"collection":[{"href":"https:\/\/www.fivecontinentseditions.com\/fr\/wp-json\/wp\/v2\/product"}],"about":[{"href":"https:\/\/www.fivecontinentseditions.com\/fr\/wp-json\/wp\/v2\/types\/product"}],"wp:featuredmedia":[{"embeddable":true,"href":"https:\/\/www.fivecontinentseditions.com\/fr\/wp-json\/wp\/v2\/media\/8960"}],"wp:attachment":[{"href":"https:\/\/www.fivecontinentseditions.com\/fr\/wp-json\/wp\/v2\/media?parent=8964"}],"wp:term":[{"taxonomy":"product_brand","embeddable":true,"href":"https:\/\/www.fivecontinentseditions.com\/fr\/wp-json\/wp\/v2\/product_brand?post=8964"},{"taxonomy":"product_cat","embeddable":true,"href":"https:\/\/www.fivecontinentseditions.com\/fr\/wp-json\/wp\/v2\/product_cat?post=8964"},{"taxonomy":"product_tag","embeddable":true,"href":"https:\/\/www.fivecontinentseditions.com\/fr\/wp-json\/wp\/v2\/product_tag?post=8964"}],"curies":[{"name":"wp","href":"https:\/\/api.w.org\/{rel}","templated":true}]}}