{"id":8844,"date":"2013-09-01T05:00:00","date_gmt":"2013-09-01T05:00:00","guid":{"rendered":"http:\/\/www.fivecontinentseditions.com\/prodotto\/vehicules-2\/"},"modified":"2026-02-14T10:31:19","modified_gmt":"2026-02-14T10:31:19","slug":"vehicules-2","status":"publish","type":"product","link":"https:\/\/www.fivecontinentseditions.com\/fr\/p\/vehicules-2\/","title":{"rendered":"V\u00e9hicules"},"content":{"rendered":"<p>La s\u00e9rie <em>Art Brut. La Collection, <\/em>dirig\u00e9e par Sarah Lombardi, rend compte de la Biennale de l\u2019Art Brut, qui met en lumi\u00e8re l\u2019exceptionnel fonds de la Collection de l\u2019Art Brut regroupant plus de 60 000 \u0153uvres.<br \/>\nEn effet, l\u2019institution souhaite valoriser sa superbe collection, qui ne peut \u00eatre montr\u00e9e de mani\u00e8re permanente faute d\u2019espace. Elle offrira au public un regard sur ses \u0153uvres \u00e0travers un th\u00e8me \u00e0chaque fois renouvel\u00e9. Le premier, celui des v\u00e9hicules, inaugure une s\u00e9rie d\u2019expositions th\u00e9matiques qui se tiendront tous les deux ans au mus\u00e9e, sur le mod\u00e8le d\u2019une biennale, et viseront \u00e0mettre en valeur la richesse du mat\u00e9riel recueilli. Des locomotives de Hidenori Motooka \u00e0 la bicyclette de Franz Kernbeis, en passant par les dirigeables de Willem Van Genk ou les bateaux d\u2019Auguste Forestier, les auteurs d\u2019Art Brut sont nombreux \u00e0s\u2019\u00eatre focalis\u00e9s sur la mobilit\u00e9.<br \/>\nL\u2019exposition, accompagn\u00e9e du premier ouvrage de la s\u00e9rie, pr\u00e9sentera uniquement des \u0153uvres issues du fonds de la Collection: assemblages, sculptures et dessins de pr\u00e8s de 40 cr\u00e9ateurs.<\/p>\n<p><strong>Sarah Lombardi<\/strong>, historienne de l\u2019art, est directrice de la Collection de l\u2019Art Brut depuis 2012. Collaboratrice scientifique d\u00e8s 2004, puis conservatrice, elle a coordonn\u00e9 de nombreuses expositions au sein de cette institution, ainsi qu\u2019\u00e0 l\u2019\u00e9tranger.<br \/>\n<strong>Michel Th\u00e9voz<\/strong> a \u00e9t\u00e9 conservateur au Mus\u00e9e cantonal des beaux-arts de Lausanne de 1960 \u00e01975. \u00e0\u20ac la suite de ses contacts avec Jean Dubuffet, il a \u00e9t\u00e9 \u00e0 l\u2019initiative de la cr\u00e9ation de la Collection de l\u2019Art Brut \u00e0Lausanne, dont il a assum\u00e9 la direction depuis sa fondation en 1976 jusqu\u2019en 2001. Professeur d\u2019histoire de l\u2019art et de mus\u00e9ologie \u00e0 l\u2019Universit\u00e9 de Lausanne de 1977 \u00e02001, il a publi\u00e9 une vingtaine d\u2019ouvrages.<br \/>\n<strong>Anic Zanzi<\/strong>, historienne de l\u2019art, est conservatrice \u00e0 la Collection de l\u2019Art Brut depuis 2003. Elle a coordonn\u00e9 plusieurs expositions et publications pour le mus\u00e9e.<\/p>\n","protected":false},"excerpt":{"rendered":"<p>La s\u00e9rie Art Brut. La Collection, dirig\u00e9e par Sarah Lombardi, rend compte de la Biennale de l\u2019Art Brut, qui met en lumi\u00e8re l\u2019exceptionnel fonds de la Collection de l\u2019Art Brut regroupant plus de 60 000 \u0153uvres. En effet, l\u2019institution souhaite valoriser sa superbe collection, qui ne peut \u00eatre montr\u00e9e de mani\u00e8re permanente faute d\u2019espace. Elle&hellip;<\/p>\n","protected":false},"featured_media":8821,"template":"","meta":{"_acf_changed":false,"inline_featured_image":false},"product_brand":[],"product_cat":[49],"product_tag":[],"class_list":{"0":"post-8844","1":"product","2":"type-product","3":"status-publish","4":"has-post-thumbnail","6":"product_cat-art-brut-fr","7":"collana-art-brut-la-collection","8":"disponibilita-si","9":"description-off","11":"first","12":"instock","13":"shipping-taxable","14":"purchasable","15":"product-type-simple"},"acf":[],"_links":{"self":[{"href":"https:\/\/www.fivecontinentseditions.com\/fr\/wp-json\/wp\/v2\/product\/8844","targetHints":{"allow":["GET"]}}],"collection":[{"href":"https:\/\/www.fivecontinentseditions.com\/fr\/wp-json\/wp\/v2\/product"}],"about":[{"href":"https:\/\/www.fivecontinentseditions.com\/fr\/wp-json\/wp\/v2\/types\/product"}],"wp:featuredmedia":[{"embeddable":true,"href":"https:\/\/www.fivecontinentseditions.com\/fr\/wp-json\/wp\/v2\/media\/8821"}],"wp:attachment":[{"href":"https:\/\/www.fivecontinentseditions.com\/fr\/wp-json\/wp\/v2\/media?parent=8844"}],"wp:term":[{"taxonomy":"product_brand","embeddable":true,"href":"https:\/\/www.fivecontinentseditions.com\/fr\/wp-json\/wp\/v2\/product_brand?post=8844"},{"taxonomy":"product_cat","embeddable":true,"href":"https:\/\/www.fivecontinentseditions.com\/fr\/wp-json\/wp\/v2\/product_cat?post=8844"},{"taxonomy":"product_tag","embeddable":true,"href":"https:\/\/www.fivecontinentseditions.com\/fr\/wp-json\/wp\/v2\/product_tag?post=8844"}],"curies":[{"name":"wp","href":"https:\/\/api.w.org\/{rel}","templated":true}]}}