{"id":8811,"date":"2013-08-02T05:00:00","date_gmt":"2013-08-02T05:00:00","guid":{"rendered":"http:\/\/www.fivecontinentseditions.com\/prodotto\/ceci-est-une-icone-2\/"},"modified":"2025-12-16T22:47:40","modified_gmt":"2025-12-16T22:47:40","slug":"ceci-est-une-icone-2","status":"publish","type":"product","link":"https:\/\/www.fivecontinentseditions.com\/fr\/p\/ceci-est-une-icone-2\/","title":{"rendered":"Ceci est une ic\u00f4ne"},"content":{"rendered":"<p>Pourquoi certaines &oelig;uvres d&rsquo;art, telles que <em>La Joconde <\/em>de L\u00e9onard de Vinci, <em>La Naissance de V\u00e9nus <\/em>de Botticelli, <em>La Maja nue <\/em>de Goya, <em>Guernica <\/em>de Picasso ou <em>Le Cri <\/em>de Munch, deviennent-elles des ic\u00f4nes populaires reconnues par tous? Qui a le pouvoir de transformer une &oelig;uvre d&rsquo;art en une image universellement reconnue et parfois idol\u00e2tr\u00e9e dans une nouvelle forme de p\u00e8lerinage ou dans les longues files d&rsquo;attente devant les mus\u00e9es? Pourquoi, parmi toutes les sculptures de Rodin, <em>Le Penseur <\/em>deviendra-t-il la plus c\u00e9l\u00e8bre? Par quel ph\u00e9nom\u00e8ne <em>La C\u00e8ne <\/em>et <em>La Joconde <\/em>de L\u00e9onard de Vinci font-elles partie des &oelig;uvres les plus populaires au monde, alors que si tout le monde conna\u00eet le nom du Caravage, beaucoup seraient bien en peine de citer le titre d&rsquo;un seul de ses tableaux ou de s&rsquo;en souvenir avec exactitude? Pourquoi la V\u00e9nus de Botticelli, apr\u00e8s avoir \u00e9t\u00e9 totalement ignor\u00e9e pendant des si\u00e8cles, est-elle devenue soudain une v\u00e9ritable star? Engag\u00e9, instructif et divertissant, <em>Ic\u00f4nes <\/em>r\u00e9v\u00e8le les histoires d&rsquo;une trentaine de chefs-d&rsquo;&oelig;uvre et d\u00e9voile la mani\u00e8re dont chacun d&rsquo;entre eux a \u00e9t\u00e9 \u00e9lev\u00e9 au statut d&rsquo;ic\u00f4ne. Le livre examine, pour la premi\u00e8re fois, le processus de m\u00e9tamorphose d&rsquo;une &oelig;uvre d&rsquo;art en ic\u00f4ne populaire. Les auteurs expliquent comment chaque &oelig;uvre d&rsquo;art a \u00e9t\u00e9 con\u00e7ue, comment elle a atteint le statut d&rsquo;objet culte, et comment la perception de ces ic\u00f4nes a chang\u00e9 ou \u00e9volu\u00e9 au fil des si\u00e8cles.<\/p>\n<p><strong>Francesca Bonazzoli<\/strong>, historienne de l&rsquo;art et journaliste, \u00e9crit pour le <em>Corriere della sera <\/em>depuis 1992. Auteur d&rsquo;essais et de textes pour diff\u00e9rents catalogues d&rsquo;exposition, elle a \u00e9galement contribu\u00e9 \u00e0 la production de programmes de t\u00e9l\u00e9vision d\u00e9di\u00e9s \u00e0l&rsquo;art.<br \/>\n<strong>Michele Robecchi<\/strong>, \u00e9crivain et conservateur, ancien r\u00e9dacteur en chef \u00e0<em>Flash Art <\/em>(2000-2004) et r\u00e9dacteur en chef de <em>Contemporaine <\/em>(2005-2007), a \u00e9crit de nombreux essais, catalogues et articles de magazines, et dirige actuellement les publications d\u00e9di\u00e9es \u00e0l&rsquo;art contemporain chez Phaidon Press.<\/p>\n","protected":false},"excerpt":{"rendered":"<p>Pourquoi certaines &oelig;uvres d&rsquo;art, telles que La Joconde de L\u00e9onard de Vinci, La Naissance de V\u00e9nus de Botticelli, La Maja nue de Goya, Guernica de Picasso ou Le Cri de Munch, deviennent-elles des ic\u00f4nes populaires reconnues par tous? Qui a le pouvoir de transformer une &oelig;uvre d&rsquo;art en une image universellement reconnue et parfois idol\u00e2tr\u00e9e&hellip;<\/p>\n","protected":false},"featured_media":8788,"template":"","meta":{"_acf_changed":false,"inline_featured_image":false},"product_brand":[],"product_cat":[57,67],"product_tag":[],"class_list":{"0":"post-8811","1":"product","2":"type-product","3":"status-publish","4":"has-post-thumbnail","6":"product_cat-art-contemporain","7":"product_cat-autour-de-lart","8":"disponibilita-si","9":"description-off","11":"first","12":"instock","13":"shipping-taxable","14":"purchasable","15":"product-type-simple"},"acf":[],"_links":{"self":[{"href":"https:\/\/www.fivecontinentseditions.com\/fr\/wp-json\/wp\/v2\/product\/8811","targetHints":{"allow":["GET"]}}],"collection":[{"href":"https:\/\/www.fivecontinentseditions.com\/fr\/wp-json\/wp\/v2\/product"}],"about":[{"href":"https:\/\/www.fivecontinentseditions.com\/fr\/wp-json\/wp\/v2\/types\/product"}],"wp:featuredmedia":[{"embeddable":true,"href":"https:\/\/www.fivecontinentseditions.com\/fr\/wp-json\/wp\/v2\/media\/8788"}],"wp:attachment":[{"href":"https:\/\/www.fivecontinentseditions.com\/fr\/wp-json\/wp\/v2\/media?parent=8811"}],"wp:term":[{"taxonomy":"product_brand","embeddable":true,"href":"https:\/\/www.fivecontinentseditions.com\/fr\/wp-json\/wp\/v2\/product_brand?post=8811"},{"taxonomy":"product_cat","embeddable":true,"href":"https:\/\/www.fivecontinentseditions.com\/fr\/wp-json\/wp\/v2\/product_cat?post=8811"},{"taxonomy":"product_tag","embeddable":true,"href":"https:\/\/www.fivecontinentseditions.com\/fr\/wp-json\/wp\/v2\/product_tag?post=8811"}],"curies":[{"name":"wp","href":"https:\/\/api.w.org\/{rel}","templated":true}]}}