{"id":8757,"date":"2013-07-10T05:00:00","date_gmt":"2013-07-10T05:00:00","guid":{"rendered":"http:\/\/www.fivecontinentseditions.com\/prodotto\/textiles-from-borneo-2\/"},"modified":"2018-10-02T13:03:54","modified_gmt":"2018-10-02T13:03:54","slug":"textiles-from-borneo-2","status":"publish","type":"product","link":"https:\/\/www.fivecontinentseditions.com\/fr\/p\/textiles-from-borneo-2\/","title":{"rendered":"Textiles from Borneo"},"content":{"rendered":"<p>Les textiles de c\u00e9r\u00e9monie jouent un r\u00f4le central dans de nombreuses cultures de l\u2019Asie du Sud-Est, o\u00f9 le tissage constitue la principale forme d\u2019activit\u00e9 cr\u00e9ative et artistique, en particulier chez les Iban et leurs voisins, les Kantu, les Ketungau et les Mualang. Ce livre pr\u00e9sente une s\u00e9lection in\u00e9gal\u00e9e de ces tissus, rassembl\u00e9s par Heribert Amann durant plus de trente ann\u00e9es de voyages et de recherches. Richement illustr\u00e9, il propose des exemples de la plupart des types de textiles, qui r\u00e9v\u00e8lent une sophistication impressionnante, une grande diversit\u00e9 de techniques et une incroyable cr\u00e9ativit\u00e9. Les clich\u00e9s de la c\u00e9l\u00e8bre photographe allemande Hedda Morrison illustrent le contexte et l\u2019importance de ces superbes tissus.<\/p>\n","protected":false},"excerpt":{"rendered":"<p>Les textiles de c\u00e9r\u00e9monie jouent un r\u00f4le central dans de nombreuses cultures de l\u2019Asie du Sud-Est, o\u00f9 le tissage constitue la principale forme d\u2019activit\u00e9 cr\u00e9ative et artistique, en particulier chez les Iban et leurs voisins, les Kantu, les Ketungau et les Mualang. Ce livre pr\u00e9sente une s\u00e9lection in\u00e9gal\u00e9e de ces tissus, rassembl\u00e9s par Heribert Amann&hellip;<\/p>\n","protected":false},"featured_media":16320,"template":"","meta":{"_acf_changed":false,"inline_featured_image":false},"product_brand":[],"product_cat":[56,75],"product_tag":[],"class_list":{"0":"post-8757","1":"product","2":"type-product","3":"status-publish","4":"has-post-thumbnail","6":"product_cat-art-asiatique","7":"product_cat-mode-et-design","8":"disponibilita-no","9":"description-off","11":"first","12":"outofstock","13":"shipping-taxable","14":"purchasable","15":"product-type-simple"},"acf":[],"_links":{"self":[{"href":"https:\/\/www.fivecontinentseditions.com\/fr\/wp-json\/wp\/v2\/product\/8757","targetHints":{"allow":["GET"]}}],"collection":[{"href":"https:\/\/www.fivecontinentseditions.com\/fr\/wp-json\/wp\/v2\/product"}],"about":[{"href":"https:\/\/www.fivecontinentseditions.com\/fr\/wp-json\/wp\/v2\/types\/product"}],"wp:featuredmedia":[{"embeddable":true,"href":"https:\/\/www.fivecontinentseditions.com\/fr\/wp-json\/wp\/v2\/media\/16320"}],"wp:attachment":[{"href":"https:\/\/www.fivecontinentseditions.com\/fr\/wp-json\/wp\/v2\/media?parent=8757"}],"wp:term":[{"taxonomy":"product_brand","embeddable":true,"href":"https:\/\/www.fivecontinentseditions.com\/fr\/wp-json\/wp\/v2\/product_brand?post=8757"},{"taxonomy":"product_cat","embeddable":true,"href":"https:\/\/www.fivecontinentseditions.com\/fr\/wp-json\/wp\/v2\/product_cat?post=8757"},{"taxonomy":"product_tag","embeddable":true,"href":"https:\/\/www.fivecontinentseditions.com\/fr\/wp-json\/wp\/v2\/product_tag?post=8757"}],"curies":[{"name":"wp","href":"https:\/\/api.w.org\/{rel}","templated":true}]}}