{"id":8628,"date":"2013-02-26T05:00:00","date_gmt":"2013-02-26T05:00:00","guid":{"rendered":"http:\/\/www.fivecontinentseditions.com\/prodotto\/art-precolombien-2\/"},"modified":"2018-04-11T11:00:49","modified_gmt":"2018-04-11T11:00:49","slug":"art-precolombien-2","status":"publish","type":"product","link":"https:\/\/www.fivecontinentseditions.com\/fr\/p\/art-precolombien-2\/","title":{"rendered":"Art pr\u00e9colombien"},"content":{"rendered":"<p>R\u00e9f\u00e9rence absolue en art pr\u00e9colombien, la collection Barbier-Mueller sera r\u00e9unie pour la premi\u00e8re fois sous la forme d\u2019un somptueux coffret contenant deux ouvrages magnifiquement illustr\u00e9s et comment\u00e9s par les plus grands sp\u00e9cialistes mondiaux en la mati\u00e8re. Ces livres d\u2019art pr\u00e9sentent un ensemble unique au monde, que Josef Mueller a commenc\u00e9 \u00e0r\u00e9unir il y a pr\u00e8s de cent ans. En 1908 et 1909, Josef Mueller acquiert \u00e0 Paris des oeuvres ma\u00eetresses d\u2019Hodler et de C\u00e9zanne. Ouvrant sa collection aux chefs-d\u2019oeuvre de l\u2019art universel, il ach\u00e8te \u00e0 Paris, en 1920, sa premi\u00e8re et importante oeuvre d\u2019art pr\u00e9colombien, la D\u00e9esse de l\u2019eau azt\u00e8que. Grand esth\u00e8te, homme de culture, son gendre Jean Paul Barbier-Mueller portera cette collection, comme celles d\u00e9di\u00e9es aux autres domaines artistiques (arts d\u2019Afrique, arts d\u2019Oc\u00e9anie, art cycladique, arts d\u2019Asie du Sud-Est\u2026), \u00e0 l\u2019excellence qui la caract\u00e9rise aujourd\u2019hui.<br \/>\nProvenant du continent am\u00e9ricain, les plus de 300 oeuvres qui la composent (sculptures en pierre et en bois, c\u00e9ramiques, tissus, objets rituels) sont repr\u00e9sentatives des plus importantes cultures pr\u00e9colombiennes et illustrent, \u00e0travers les chefs-d\u2019oeuvre embl\u00e9matiques ponctuant chaque ensemble, tels que la statue Chupicuaro et le vase Tarasque provenant tous deux de l\u2019ancienne collection de Guy Joussemet, la richesse de ces civilisations.<br \/>\nCet ouvrage, v\u00e9ritable hommage \u00e0 la beaut\u00e9 des arts pr\u00e9colombiens, para\u00eet alors que la co lection sera vendue en mars 2013 \u00e0 Paris. Le coffret comptera, en plus des deux volumes d\u00e9di\u00e9s \u00e0 la mise en contexte historique et artistique des oeuvres, le catalogue de vente de Sotheby\u2019s.<\/p>\n<p><strong>Jacques Blazy<\/strong>, expert international en art pr\u00e9colombien, a notamment contribu\u00e9 \u00e0 la vente des collections d\u2019Andr\u00e9 Breton en 2003 et de G\u00e9rard Geiger en 2005. Il a \u00e9t\u00e9 le commissaire de plusieurs expositions dans ce domaine : \u00abFigures de pierre &#8211; mus\u00e9e de la Seita\u00bb (Paris, 1992), \u00abMexique, 3000 ans d\u2019histoire et de civilisation\u00bb (Angers, 2001), \u00abMexique, 3000 ans d\u2019histoire et de civilisation\u00bb (Amiens, 2005) et \u00abLe Cinqui\u00e8me Soleil\u00bb (Saran, 2012).<\/p>\n","protected":false},"excerpt":{"rendered":"<p>R\u00e9f\u00e9rence absolue en art pr\u00e9colombien, la collection Barbier-Mueller sera r\u00e9unie pour la premi\u00e8re fois sous la forme d\u2019un somptueux coffret contenant deux ouvrages magnifiquement illustr\u00e9s et comment\u00e9s par les plus grands sp\u00e9cialistes mondiaux en la mati\u00e8re. Ces livres d\u2019art pr\u00e9sentent un ensemble unique au monde, que Josef Mueller a commenc\u00e9 \u00e0r\u00e9unir il y a pr\u00e8s&hellip;<\/p>\n","protected":false},"featured_media":8599,"template":"","meta":{"_acf_changed":false,"inline_featured_image":false},"product_brand":[],"product_cat":[69],"product_tag":[],"class_list":{"0":"post-8628","1":"product","2":"type-product","3":"status-publish","4":"has-post-thumbnail","6":"product_cat-art-precolombien","7":"disponibilita-si","8":"description-off","10":"first","11":"instock","12":"shipping-taxable","13":"purchasable","14":"product-type-simple"},"acf":[],"_links":{"self":[{"href":"https:\/\/www.fivecontinentseditions.com\/fr\/wp-json\/wp\/v2\/product\/8628","targetHints":{"allow":["GET"]}}],"collection":[{"href":"https:\/\/www.fivecontinentseditions.com\/fr\/wp-json\/wp\/v2\/product"}],"about":[{"href":"https:\/\/www.fivecontinentseditions.com\/fr\/wp-json\/wp\/v2\/types\/product"}],"wp:featuredmedia":[{"embeddable":true,"href":"https:\/\/www.fivecontinentseditions.com\/fr\/wp-json\/wp\/v2\/media\/8599"}],"wp:attachment":[{"href":"https:\/\/www.fivecontinentseditions.com\/fr\/wp-json\/wp\/v2\/media?parent=8628"}],"wp:term":[{"taxonomy":"product_brand","embeddable":true,"href":"https:\/\/www.fivecontinentseditions.com\/fr\/wp-json\/wp\/v2\/product_brand?post=8628"},{"taxonomy":"product_cat","embeddable":true,"href":"https:\/\/www.fivecontinentseditions.com\/fr\/wp-json\/wp\/v2\/product_cat?post=8628"},{"taxonomy":"product_tag","embeddable":true,"href":"https:\/\/www.fivecontinentseditions.com\/fr\/wp-json\/wp\/v2\/product_tag?post=8628"}],"curies":[{"name":"wp","href":"https:\/\/api.w.org\/{rel}","templated":true}]}}