{"id":8568,"date":"2013-10-24T05:00:00","date_gmt":"2013-10-24T05:00:00","guid":{"rendered":"http:\/\/www.fivecontinentseditions.com\/prodotto\/art-de-larchipel-bismarck-2\/"},"modified":"2018-07-20T09:22:37","modified_gmt":"2018-07-20T09:22:37","slug":"art-de-larchipel-bismarck-2","status":"publish","type":"product","link":"https:\/\/www.fivecontinentseditions.com\/fr\/p\/art-de-larchipel-bismarck-2\/","title":{"rendered":"Art de l&rsquo;Archipel Bismarck"},"content":{"rendered":"<p>Cet ouvrage nous r\u00e9v\u00e8le la production artistique du vaste groupe des \u00eeles de l\u2019archipel Bismarck, r\u00e9gion des Mers du Sud situ\u00e9e sur la ceinture de feu volcanique de la M\u00e9lan\u00e9sie occidentale, divis\u00e9e en quatre zones g\u00e9ographiques et culturelles principales: la Nouvelle-Irlande, la Nouvelle-Bretagne, les \u00eeles de l\u2019Amiraut\u00e9 et les \u00eeles de l\u2019Ouest.<br \/>\nC\u2019est un art fait de mat\u00e9riaux naturels comme la fibre v\u00e9g\u00e9tale, les bois l\u00e9gers, le tissu d\u2019\u00e9corce et le c\u0153ur des arbres. Cette fragilit\u00e9 associ\u00e9e \u00e0 l\u2019utilisation de couleurs vives a largement inspir\u00e9 l\u2019expressionnisme allemand et le surr\u00e9alisme. <em>Art de l\u2019archipel Bismarck <\/em>est divis\u00e9 en trois parties principales: un premier essai sur les plus r\u00e9centes explorations photographiques de Bart Van Bussel concernant les traditions culturelles et la danse traditionnelle en Nouvelle-Irlande et en Nouvelle-Angleterre aujourd\u2019hui; un second sur la p\u00e9riode historique d\u2019\u00e9changes et d\u2019interactions du colonialisme allemand et, enfin, un troisi\u00e8me qui traite de l\u2019histoire de l\u2019art de la r\u00e9gion et des interpr\u00e9tations culturelles des \u0153uvres illustr\u00e9es. Les pi\u00e8ces reproduites, magnifiquement photographi\u00e9es par Hughes Dubois, proviennent toutes de collections priv\u00e9es renomm\u00e9es du Benelux.<\/p>\n<p><strong>Ingrid Heermann<\/strong>, conservateur en chef du D\u00e9partement des arts de l\u2019Oc\u00e9anie du Linden-Museum de Stuttgart depuis 1980, commissaire d\u2019expositions au Linden-Museum sur la M\u00e9lan\u00e9sie, la Micron\u00e9sie, l\u2019Australie et la Nouvelle-Z\u00e9lande, elle a \u00e9crit de nombreux livres, catalogues d\u2019exposition et articles sur les arts de l\u2019Oc\u00e9anie.<br \/>\n<strong>Klaus-Jochen Kr\u00fcger<\/strong>, collectionneur et expert de l\u2019art africain, il a particip\u00e9 au catalogue de l\u2019exposition <em>Masters\u2019 hands: In Search of the African Sculptures.<\/em><br \/>\n<strong>Bart Van Bussel<\/strong>, photographe ind\u00e9pendant, il a voyag\u00e9 dans toute la Papouasie-Nouvelle-Guin\u00e9e et l\u2019archipel Bismarck.<br \/>\n<strong>Kevin Conru<\/strong>, membre de la Pacific Art Association et de l\u2019Oceanic Art Society, il est connu pour ses publications sur l\u2019art de l\u2019Afrique australe, sur les photos de Hugo Bernatzik et sur les arts des \u00eeles du Pacifique.<br \/>\n<strong>Hughes Dubois<\/strong>, photographe publicitaire et d\u2019objets d\u2019art, collabore avec diff\u00e9rentes institutions et collectionneurs d\u2019objets d\u2019art, tant en Europe qu\u2019\u00e0travers le monde.<\/p>\n","protected":false},"excerpt":{"rendered":"<p>Cet ouvrage nous r\u00e9v\u00e8le la production artistique du vaste groupe des \u00eeles de l\u2019archipel Bismarck, r\u00e9gion des Mers du Sud situ\u00e9e sur la ceinture de feu volcanique de la M\u00e9lan\u00e9sie occidentale, divis\u00e9e en quatre zones g\u00e9ographiques et culturelles principales: la Nouvelle-Irlande, la Nouvelle-Bretagne, les \u00eeles de l\u2019Amiraut\u00e9 et les \u00eeles de l\u2019Ouest. C\u2019est un art&hellip;<\/p>\n","protected":false},"featured_media":16375,"template":"","meta":{"_acf_changed":false,"inline_featured_image":false},"product_brand":[],"product_cat":[72],"product_tag":[],"class_list":{"0":"post-8568","1":"product","2":"type-product","3":"status-publish","4":"has-post-thumbnail","6":"product_cat-art-oceanien","7":"disponibilita-si","8":"description-off","10":"first","11":"instock","12":"shipping-taxable","13":"purchasable","14":"product-type-simple"},"acf":[],"_links":{"self":[{"href":"https:\/\/www.fivecontinentseditions.com\/fr\/wp-json\/wp\/v2\/product\/8568","targetHints":{"allow":["GET"]}}],"collection":[{"href":"https:\/\/www.fivecontinentseditions.com\/fr\/wp-json\/wp\/v2\/product"}],"about":[{"href":"https:\/\/www.fivecontinentseditions.com\/fr\/wp-json\/wp\/v2\/types\/product"}],"wp:featuredmedia":[{"embeddable":true,"href":"https:\/\/www.fivecontinentseditions.com\/fr\/wp-json\/wp\/v2\/media\/16375"}],"wp:attachment":[{"href":"https:\/\/www.fivecontinentseditions.com\/fr\/wp-json\/wp\/v2\/media?parent=8568"}],"wp:term":[{"taxonomy":"product_brand","embeddable":true,"href":"https:\/\/www.fivecontinentseditions.com\/fr\/wp-json\/wp\/v2\/product_brand?post=8568"},{"taxonomy":"product_cat","embeddable":true,"href":"https:\/\/www.fivecontinentseditions.com\/fr\/wp-json\/wp\/v2\/product_cat?post=8568"},{"taxonomy":"product_tag","embeddable":true,"href":"https:\/\/www.fivecontinentseditions.com\/fr\/wp-json\/wp\/v2\/product_tag?post=8568"}],"curies":[{"name":"wp","href":"https:\/\/api.w.org\/{rel}","templated":true}]}}