{"id":8547,"date":"2013-03-05T05:00:00","date_gmt":"2013-03-05T05:00:00","guid":{"rendered":"http:\/\/www.fivecontinentseditions.com\/prodotto\/noblesse-oblige-3\/"},"modified":"2021-09-01T13:02:20","modified_gmt":"2021-09-01T13:02:20","slug":"noblesse-oblige-3","status":"publish","type":"product","link":"https:\/\/www.fivecontinentseditions.com\/fr\/p\/noblesse-oblige-3\/","title":{"rendered":"Noblesse Oblige!"},"content":{"rendered":"<p><strong>Cette publication, accompagnant l\u2019exposition permanente du ch\u00e2teau de Prangins, propose au lecteur de d\u00e9couvrir l\u2019atmosph\u00e8re d\u2019un temps pass\u00e9.<br \/>\n<\/strong>Construit au d\u00e9but du si\u00e8cle des Lumi\u00e8res, le ch\u00e2teau de Prangins a connu une riche histoire au cours de laquelle il a notamment servi de r\u00e9sidence \u00e0voltaire et \u00e0Joseph Bonaparte. La p\u00e9riode plus connue co\u00efncide avec la pr\u00e9sence du baron Louis-Fran\u00e7ois Guiguer.<br \/>\nC\u2019est sur la base de son journal, dans lequel le baron relate ses activit\u00e9s et ses pr\u00e9occupations de noble \u00e9clair\u00e9 et de p\u00e8re de famille, compl\u00e9t\u00e9 par un inventaire de biens \u00e9tabli \u00e0son d\u00e9c\u00e8s, que le d\u00e9cor des salles de r\u00e9ception du ch\u00e2teau a \u00e9t\u00e9 restitu\u00e9 : salle \u00e0manger, grand salon, biblioth\u00e8que et vestibule de marbre retrouvent ainsi leur ancienne apparence. La couleur d\u2019origine des boiseries, les tentures murales et le mobilier d\u2019\u00e9poque contribuent \u00e0redonner \u00e0ces salles leur faste d\u2019autrefois.<br \/>\nGuid\u00e9 par le journal et illustr\u00e9 par de belles photographies des salles restaur\u00e9es et d\u2019une s\u00e9lection d\u2019\u0153uvres et d\u2019objets d\u2019art provenant des collections du Mus\u00e9e national suisse, le catalogue aborde des th\u00e9matiques telles que la vie de famille, l\u2019art de recevoir, la sociabilit\u00e9, la domesticit\u00e9 ou encore le go\u00fbt de la lecture et de l\u2019\u00e9criture.<\/p>\n<p><strong>Helen Bieri-Thomson<\/strong>, historienne de l\u2019art, a dirig\u00e9 la fondation Neumann \u00e0Gingins (VD) jusqu\u2019en 2004. Depuis 2005, elle travaille comme conservatrice au Mus\u00e9e national suisse \u2014 Ch\u00e2teau de Prangins et, depuis 2010, elle est \u00e9galement responsable du d\u00e9partement des papiers peints du Mus\u00e9e national suisse.<\/p>\n","protected":false},"excerpt":{"rendered":"<p>Cette publication, accompagnant l\u2019exposition permanente du ch\u00e2teau de Prangins, propose au lecteur de d\u00e9couvrir l\u2019atmosph\u00e8re d\u2019un temps pass\u00e9. Construit au d\u00e9but du si\u00e8cle des Lumi\u00e8res, le ch\u00e2teau de Prangins a connu une riche histoire au cours de laquelle il a notamment servi de r\u00e9sidence \u00e0voltaire et \u00e0Joseph Bonaparte. La p\u00e9riode plus connue co\u00efncide avec la&hellip;<\/p>\n","protected":false},"featured_media":8524,"template":"","meta":{"_acf_changed":false,"inline_featured_image":false},"product_brand":[],"product_cat":[55,70],"product_tag":[],"class_list":{"0":"post-8547","1":"product","2":"type-product","3":"status-publish","4":"has-post-thumbnail","6":"product_cat-art-ancien","7":"product_cat-arts-appliques","8":"disponibilita-si","9":"description-off","11":"first","12":"instock","13":"shipping-taxable","14":"purchasable","15":"product-type-simple"},"acf":[],"_links":{"self":[{"href":"https:\/\/www.fivecontinentseditions.com\/fr\/wp-json\/wp\/v2\/product\/8547","targetHints":{"allow":["GET"]}}],"collection":[{"href":"https:\/\/www.fivecontinentseditions.com\/fr\/wp-json\/wp\/v2\/product"}],"about":[{"href":"https:\/\/www.fivecontinentseditions.com\/fr\/wp-json\/wp\/v2\/types\/product"}],"wp:featuredmedia":[{"embeddable":true,"href":"https:\/\/www.fivecontinentseditions.com\/fr\/wp-json\/wp\/v2\/media\/8524"}],"wp:attachment":[{"href":"https:\/\/www.fivecontinentseditions.com\/fr\/wp-json\/wp\/v2\/media?parent=8547"}],"wp:term":[{"taxonomy":"product_brand","embeddable":true,"href":"https:\/\/www.fivecontinentseditions.com\/fr\/wp-json\/wp\/v2\/product_brand?post=8547"},{"taxonomy":"product_cat","embeddable":true,"href":"https:\/\/www.fivecontinentseditions.com\/fr\/wp-json\/wp\/v2\/product_cat?post=8547"},{"taxonomy":"product_tag","embeddable":true,"href":"https:\/\/www.fivecontinentseditions.com\/fr\/wp-json\/wp\/v2\/product_tag?post=8547"}],"curies":[{"name":"wp","href":"https:\/\/api.w.org\/{rel}","templated":true}]}}