{"id":8460,"date":"2013-03-19T05:00:00","date_gmt":"2013-03-19T05:00:00","guid":{"rendered":"http:\/\/www.fivecontinentseditions.com\/prodotto\/isamu-noguchi-qi-baishi-beijing-1930-2\/"},"modified":"2017-12-21T18:20:23","modified_gmt":"2017-12-21T18:20:23","slug":"isamu-noguchi-qi-baishi-beijing-1930-2","status":"publish","type":"product","link":"https:\/\/www.fivecontinentseditions.com\/fr\/p\/isamu-noguchi-qi-baishi-beijing-1930-2\/","title":{"rendered":"Isamu Noguchi | Qi Baishi | Beijing 1930"},"content":{"rendered":"<p>En 1930, Isamu Noguchi &ndash; Am\u00e9ricain d&rsquo;origine japonaise, \u00e0 la fois sculpteur, architecte, paysagiste, designer industriel et d\u00e9corateur de th\u00e9\u00e2tre, alors en d\u00e9but de carri\u00e8re &ndash; entreprend un voyage en Orient, direction le Japon, par le Transsib\u00e9rien. Il s&rsquo; arr\u00eat\u00e9 six mois \u00e0P\u00e9kin, o\u00f9 il rencontre le c\u00e9l\u00e8bre calligraphe chinois Qi Baishi et \u00e9tude sous sa direction. Dans le droit fil de la tradition des peintres chinois, Qi s&rsquo;inspirait des artistes du pass\u00e9, mais il apportait \u00e0cette forme d&rsquo;art ancienne une touche de fra\u00eecheur et de spontan\u00e9it\u00e9. Son trait de pinceau dynamique, prompt \u00e0saisir des sujets de tous les jours et des d\u00e9cors naturels, son art de la calligraphie et son talent de graveur de sceaux faisaient l&rsquo;admiration g\u00e9n\u00e9rale. Noguchi n&rsquo;a s\u00e9journ\u00e9 que peu de temps aupr\u00e8s de Qi et n&rsquo;est jamais retourn\u00e9 en Chine, mais cette exp\u00e9rience a marqu\u00e9 durablement sa vision cr\u00e9atrice. Une grande partie des sculptures de sa maturit\u00e9 &ndash; consid\u00e9r\u00e9es par le <em>New York Times <\/em>comme des jalons d\u00e9cisifs de l&rsquo;art du XXe si\u00e8cle, &laquo; pierres enracin\u00e9es et jardins de m\u00e9ditation qui jettent une passerelle entre l&rsquo;Orient et l&rsquo;Occident &raquo; &ndash; d\u00e9montrent la dette artistique qu&rsquo;il a contract\u00e9e aupr\u00e8s de la culture et de l&rsquo;art chinois. Cet ouvrage rassemble pour la premi\u00e8re fois des &oelig;uvres de ces deux artistes. L&rsquo;exposition et le catalogue pr\u00e9senteront environ 65 pi\u00e8ces : dessins de Noguchi et calligraphies de Qi, empruntes \u00e0des collections publiques ou priv\u00e9es, dont celles la Isamu Noguchi Foundation and Garden Museum New York. On y verra le sceau personnel de Noguchi, grav\u00e9 \u00e0son intention par Qi Baishi, ainsi que des images de paysages et de sites historiques visit\u00e9s par Noguchi. Les dessins de Noguchi, qui n&rsquo;ont jamais fait l&rsquo;objet, \u00e0ce jour, d&rsquo;une exposition formelle, \u00e9voquent une observation attentive des exceptionnels talents de Qi, mais aussi une grande ma\u00eetrise du pinceau, aux traits hardis, aux lignes inspir\u00e9es, et une utilisation r\u00e9fl\u00e9chie de l&rsquo;espace vide.<\/p>\n<p><strong>Kenneth Wayne<\/strong> est sp\u00e9cialiste de la sculpture moderne. Il a \u00e9tudi\u00e9 \u00e0 la Stanford University (doctorat) et au Courtauld Institute of Art, University of London (Master of Arts). Il est conservateur consultant aupr\u00e8s du Noguchi Museum.<br \/>\n<strong>Jenny Dixon<\/strong>, directrice de Isamu Noguchi Foundation and Garden Museum, New York.<br \/>\n<strong>Joseph Rosa<\/strong>, directeur, University of Michigan Museum of Art.<br \/>\n<strong>Alexandra May<\/strong>, conseill\u00e8re en conservation, Portland, Maine.<br \/>\n<strong>Britta Erickson<\/strong>, chercheuse ind\u00e9pendante, Palo Alto, Californie.<br \/>\n<strong>Natsu Oyobe<\/strong>, conservateur associ\u00e9 du d\u00e9partement d&rsquo;art asiatique, University of Michigan Museum of Art.<br \/>\n<strong>Jo-Anne Birnie Danzker<\/strong>, directrice, Frye Art Museum, Seattle,WA.<br \/>\n<strong>Lang Shaojun<\/strong>, directeur du Laboratoire de recherche sur les beaux-arts, Institute of Fine Arts, Chinese Academy of Arts, P\u00e9kin.<\/p>\n","protected":false},"excerpt":{"rendered":"<p>En 1930, Isamu Noguchi &ndash; Am\u00e9ricain d&rsquo;origine japonaise, \u00e0 la fois sculpteur, architecte, paysagiste, designer industriel et d\u00e9corateur de th\u00e9\u00e2tre, alors en d\u00e9but de carri\u00e8re &ndash; entreprend un voyage en Orient, direction le Japon, par le Transsib\u00e9rien. Il s&rsquo; arr\u00eat\u00e9 six mois \u00e0P\u00e9kin, o\u00f9 il rencontre le c\u00e9l\u00e8bre calligraphe chinois Qi Baishi et \u00e9tude sous&hellip;<\/p>\n","protected":false},"featured_media":8437,"template":"","meta":{"_acf_changed":false,"inline_featured_image":false},"product_brand":[],"product_cat":[57,68],"product_tag":[],"class_list":{"0":"post-8460","1":"product","2":"type-product","3":"status-publish","4":"has-post-thumbnail","6":"product_cat-art-contemporain","7":"product_cat-art-moderne","8":"disponibilita-no","9":"description-off","11":"first","12":"outofstock","13":"shipping-taxable","14":"purchasable","15":"product-type-simple"},"acf":[],"_links":{"self":[{"href":"https:\/\/www.fivecontinentseditions.com\/fr\/wp-json\/wp\/v2\/product\/8460","targetHints":{"allow":["GET"]}}],"collection":[{"href":"https:\/\/www.fivecontinentseditions.com\/fr\/wp-json\/wp\/v2\/product"}],"about":[{"href":"https:\/\/www.fivecontinentseditions.com\/fr\/wp-json\/wp\/v2\/types\/product"}],"wp:featuredmedia":[{"embeddable":true,"href":"https:\/\/www.fivecontinentseditions.com\/fr\/wp-json\/wp\/v2\/media\/8437"}],"wp:attachment":[{"href":"https:\/\/www.fivecontinentseditions.com\/fr\/wp-json\/wp\/v2\/media?parent=8460"}],"wp:term":[{"taxonomy":"product_brand","embeddable":true,"href":"https:\/\/www.fivecontinentseditions.com\/fr\/wp-json\/wp\/v2\/product_brand?post=8460"},{"taxonomy":"product_cat","embeddable":true,"href":"https:\/\/www.fivecontinentseditions.com\/fr\/wp-json\/wp\/v2\/product_cat?post=8460"},{"taxonomy":"product_tag","embeddable":true,"href":"https:\/\/www.fivecontinentseditions.com\/fr\/wp-json\/wp\/v2\/product_tag?post=8460"}],"curies":[{"name":"wp","href":"https:\/\/api.w.org\/{rel}","templated":true}]}}