{"id":8406,"date":"2013-06-11T05:00:00","date_gmt":"2013-06-11T05:00:00","guid":{"rendered":"http:\/\/www.fivecontinentseditions.com\/prodotto\/igbo-3\/"},"modified":"2025-02-13T15:24:18","modified_gmt":"2025-02-13T15:24:18","slug":"igbo-3","status":"publish","type":"product","link":"https:\/\/www.fivecontinentseditions.com\/fr\/p\/igbo-3\/","title":{"rendered":"Igbo"},"content":{"rendered":"<p>Cet ouvrage passe en revue les diverses formes d&rsquo;art propres aux 15 \u00e020 millions d&rsquo;Igbo qui vivent dans la partie sud-est du Nigeria, en s&rsquo;int\u00e9ressant tout particuli\u00e8rement aux r\u00e9alisations du XXe si\u00e8cle, sans oublier toutefois les bronzes et les c\u00e9ramiques des IXe et Xe si\u00e8cles retrouv\u00e9s sur trois sites d&rsquo;Igbo-Ukwu habit\u00e9s par une m\u00eame famille. Certains aspects de ces pi\u00e8ces arch\u00e9ologiques se retrouvent \u00e0l&rsquo;identique dans des &oelig;uvres d&rsquo;art ex\u00e9cut\u00e9es dix si\u00e8cles plus tard. L&rsquo;accent est mis sur les divers styles r\u00e9gionaux de sculptures figuratives, dont certaines plus grandes que nature, et des styles encore plus nombreux de masques provenant d&rsquo;une bonne dizaine de r\u00e9gions, qui ne sont pas de simples formes, mais des instruments porteurs d&rsquo;une intense signification pour la vie religieuse, sociale et politique. Le style et le contexte de ces arts sont \u00e9tudi\u00e9s avec attention, de m\u00eame que la place qu&rsquo;ils occupent dans le syst\u00e8me esth\u00e9tique international et le r\u00f4le des artistes et des m\u00e9c\u00e8nes. L&rsquo;ouvrage examine les arts associ\u00e9s aux personnes, aux familles et aux communaut\u00e9s tout enti\u00e8res : d\u00e9coration priv\u00e9e, objets domestiques, objets associ\u00e9s \u00e0 la divination, formes architecturales, embl\u00e8mes de pouvoir, statuettes de culte, autels personnels et publics, et un vaste \u00e9chantillon de plusieurs milliers de masques, qui repr\u00e9sentent sans doute la quintessence de l&rsquo;art igbo. Le livre s&rsquo;ach\u00e8ve sur une analyse des changements, de la concurrence et des d\u00e9veloppements intervenus dans le domaine des arts africains au cours du si\u00e8cle dernier.<\/p>\n<p><strong>Herbert M. Cole,<\/strong> aujourd&rsquo;hui professeur \u00e9m\u00e9rite, a enseign\u00e9 pendant 35 ans l&rsquo;histoire de l&rsquo;art africain \u00e0l&rsquo;universit\u00e9 de Santa Barbara, en Californie. Il a \u00e9crit, co\u00e9crit ou dirig\u00e9 neuf livres et plus de 60 articles sur l&rsquo;art africain, et a \u00e9t\u00e9 nomm\u00e9 commissaire de plusieurs expositions. En 2001, il a re\u00e7u un prix d&rsquo;excellence pour l&rsquo;ensemble de sa carri\u00e8re, d\u00e9cern\u00e9 par le Conseil des arts de l&rsquo;African Studies Association, organisation internationale qui regroupe les professionnels des arts africain. Il vit \u00e0Santa Barbara avec sa famille.<\/p>\n","protected":false},"excerpt":{"rendered":"<p>Cet ouvrage passe en revue les diverses formes d&rsquo;art propres aux 15 \u00e020 millions d&rsquo;Igbo qui vivent dans la partie sud-est du Nigeria, en s&rsquo;int\u00e9ressant tout particuli\u00e8rement aux r\u00e9alisations du XXe si\u00e8cle, sans oublier toutefois les bronzes et les c\u00e9ramiques des IXe et Xe si\u00e8cles retrouv\u00e9s sur trois sites d&rsquo;Igbo-Ukwu habit\u00e9s par une m\u00eame famille.&hellip;<\/p>\n","protected":false},"featured_media":8383,"template":"","meta":{"_acf_changed":false,"inline_featured_image":false},"product_brand":[],"product_cat":[54],"product_tag":[],"class_list":{"0":"post-8406","1":"product","2":"type-product","3":"status-publish","4":"has-post-thumbnail","6":"product_cat-art-africain","7":"collana-visions-dafrique","8":"disponibilita-no","9":"description-off","11":"first","12":"outofstock","13":"shipping-taxable","14":"purchasable","15":"product-type-simple"},"acf":[],"_links":{"self":[{"href":"https:\/\/www.fivecontinentseditions.com\/fr\/wp-json\/wp\/v2\/product\/8406","targetHints":{"allow":["GET"]}}],"collection":[{"href":"https:\/\/www.fivecontinentseditions.com\/fr\/wp-json\/wp\/v2\/product"}],"about":[{"href":"https:\/\/www.fivecontinentseditions.com\/fr\/wp-json\/wp\/v2\/types\/product"}],"wp:featuredmedia":[{"embeddable":true,"href":"https:\/\/www.fivecontinentseditions.com\/fr\/wp-json\/wp\/v2\/media\/8383"}],"wp:attachment":[{"href":"https:\/\/www.fivecontinentseditions.com\/fr\/wp-json\/wp\/v2\/media?parent=8406"}],"wp:term":[{"taxonomy":"product_brand","embeddable":true,"href":"https:\/\/www.fivecontinentseditions.com\/fr\/wp-json\/wp\/v2\/product_brand?post=8406"},{"taxonomy":"product_cat","embeddable":true,"href":"https:\/\/www.fivecontinentseditions.com\/fr\/wp-json\/wp\/v2\/product_cat?post=8406"},{"taxonomy":"product_tag","embeddable":true,"href":"https:\/\/www.fivecontinentseditions.com\/fr\/wp-json\/wp\/v2\/product_tag?post=8406"}],"curies":[{"name":"wp","href":"https:\/\/api.w.org\/{rel}","templated":true}]}}