{"id":8352,"date":"2012-08-03T05:00:00","date_gmt":"2012-08-03T05:00:00","guid":{"rendered":"http:\/\/www.fivecontinentseditions.com\/prodotto\/caravanserails-2\/"},"modified":"2017-12-21T18:19:24","modified_gmt":"2017-12-21T18:19:24","slug":"caravanserails-2","status":"publish","type":"product","link":"https:\/\/www.fivecontinentseditions.com\/fr\/p\/caravanserails-2\/","title":{"rendered":"Caravans\u00e9rails"},"content":{"rendered":"<p>Un &laquo; caravans\u00e9rail &raquo; est une auberge destin\u00e9e \u00e0donner abri aux hommes, aux marchandises et aux animaux sur les anciennes routes caravani\u00e8res du monde musulman. Pendant des si\u00e8cles, elles ont servi de relais de poste au Moyen-Orient et en Asie centrale, offrant le g\u00eete et le couvert aux marchands, aux p\u00e8lerins, et autres voyageurs sur les diff\u00e9rentes itin\u00e9raires terrestres de la route de la soie, qui reliaient la Chine et l&rsquo;Inde \u00e0l&rsquo;Europe. Les caravans\u00e9rails \u00e9taient des points de jonction indispensables dans ce qui repr\u00e9sente v\u00e9ritablement le premier r\u00e9seau mondial et commercial par voie de terre. Quelques milliers de caravans\u00e9rails furent construits. Ils ont subsist\u00e9 au cours des empires, califats, guerres et autres calamit\u00e9s, jusqu&#39;\u00e0l&#39;effondrement du trafic caravanier. Ceux qui n&rsquo;ont pas disparu, ou qui ne sont pas \u00e0l&rsquo;\u00e9tat de ruines, survivent encore, en d\u00e9pit du d\u00e9veloppement moderne des grandes villes : ce sont des h\u00f4tels, des mus\u00e9es, des boutiques, des espaces de stockage, des habitations et encore des garnisons. Apr\u00e8s avoir effectu\u00e9 un premier rapport photographique des caravans\u00e9rails du nord-est de l&rsquo;Iran, Tom schutyser d\u00e9cide d&rsquo;explorer la r\u00e9gion du Levant, Liban, Syrie et Jordanie. Il ne photographie pas seulement des caravans\u00e9rails en ruines ou restaur\u00e9s, mais aussi les paysages \u00e0l&rsquo;entour, et les abords de ces b\u00e2timents, pour restituer le sens de l&rsquo;histoire pr\u00e9sent en ces lieux. Et, en s&rsquo;entourant d&rsquo;experts, d&rsquo;\u00e9crivains et de journalistes sp\u00e9cialis\u00e9s sur le Moyen-Orient, le photographe pr\u00e9sente au lecteur une nouvelle dimension du d\u00e9bat sur la r\u00e9gion telle qu&rsquo;elle est aujourd&rsquo;hui. &Eacute;l\u00e9ment fondamental d&rsquo;une forme ancienne de mondialisation, le caravans\u00e9rail est un exemple r\u00e9ussi de v\u00e9hicule du dialogue multiculturel.<\/p>\n<p><strong>Tom Schutyser<\/strong> est un photographe documentariste et chercheur belge sp\u00e9cialis\u00e9 en architecture et histoire. Son exploration des caravans\u00e9rails a \u00e9t\u00e9 pr\u00e9sent\u00e9e dans des galeries \u00e0Beyrouth et Beiteddine au Liban, \u00e0Portland en Oregon, et \u00e0l&rsquo;&Eacute;cole nationale sup\u00e9rieure d&rsquo;architecture de Paris-Val de Seine (ensa-PVs).<br \/>\n<strong>Andrew Lawler<\/strong> est auteur, \u00e9diteur et contributeur \u00e0<em>Science <\/em>et <em>Archaeology<\/em>. Il \u00e9crit r\u00e9guli\u00e8rement dans les publications <em>Smithsonian<\/em>, <em>Discover, National Geographic <\/em>et autres.<br \/>\n<strong>Reza Aslan<\/strong> est expert en religions et auteur renomm\u00e9. Il est professeur \u00e0 la University of California et membre du Council on Foreign relations aux EU.<br \/>\n<strong>Rachid al-Daif<\/strong> est nouvelliste libanais. Ses romans sont traduits de l&rsquo;arabe en onze langues.<br \/>\n<strong>Robert Fisk<\/strong> est correspondant du Moyen-Orient pour The independent et bas\u00e9 \u00e0Beyrouth. Honor\u00e9 de multiples prix de journalisme, son &oelig;uvre <em>La grande guerre pour la Civilisation : la Conqu\u00eate du Moyen-Orient <\/em>est le plus renomm\u00e9.<br \/>\n<strong>Dominique Mo\u00efsi<\/strong> est expert en politique internationale, conseiller sp\u00e9cial \u00e0l&rsquo;IFRI, professeur au Coll\u00e8ge de l&rsquo;Europe, auteur et contributeur r\u00e9gulier dans la presse internationale.<br \/>\n<strong>Paul Salem<\/strong> est directeur du Centre Carn\u00e9gie au Moyen-Orient \u00e0Beyrouth, Liban. Il est auteur et contributeur r\u00e9gulier dans la presse anglophone et arabe.<\/p>\n","protected":false},"excerpt":{"rendered":"<p>Un &laquo; caravans\u00e9rail &raquo; est une auberge destin\u00e9e \u00e0donner abri aux hommes, aux marchandises et aux animaux sur les anciennes routes caravani\u00e8res du monde musulman. Pendant des si\u00e8cles, elles ont servi de relais de poste au Moyen-Orient et en Asie centrale, offrant le g\u00eete et le couvert aux marchands, aux p\u00e8lerins, et autres voyageurs sur&hellip;<\/p>\n","protected":false},"featured_media":8329,"template":"","meta":{"_acf_changed":false,"inline_featured_image":false},"product_brand":[],"product_cat":[73],"product_tag":[],"class_list":{"0":"post-8352","1":"product","2":"type-product","3":"status-publish","4":"has-post-thumbnail","6":"product_cat-photographie","7":"disponibilita-si","8":"description-off","10":"first","11":"instock","12":"shipping-taxable","13":"purchasable","14":"product-type-simple"},"acf":[],"_links":{"self":[{"href":"https:\/\/www.fivecontinentseditions.com\/fr\/wp-json\/wp\/v2\/product\/8352","targetHints":{"allow":["GET"]}}],"collection":[{"href":"https:\/\/www.fivecontinentseditions.com\/fr\/wp-json\/wp\/v2\/product"}],"about":[{"href":"https:\/\/www.fivecontinentseditions.com\/fr\/wp-json\/wp\/v2\/types\/product"}],"wp:featuredmedia":[{"embeddable":true,"href":"https:\/\/www.fivecontinentseditions.com\/fr\/wp-json\/wp\/v2\/media\/8329"}],"wp:attachment":[{"href":"https:\/\/www.fivecontinentseditions.com\/fr\/wp-json\/wp\/v2\/media?parent=8352"}],"wp:term":[{"taxonomy":"product_brand","embeddable":true,"href":"https:\/\/www.fivecontinentseditions.com\/fr\/wp-json\/wp\/v2\/product_brand?post=8352"},{"taxonomy":"product_cat","embeddable":true,"href":"https:\/\/www.fivecontinentseditions.com\/fr\/wp-json\/wp\/v2\/product_cat?post=8352"},{"taxonomy":"product_tag","embeddable":true,"href":"https:\/\/www.fivecontinentseditions.com\/fr\/wp-json\/wp\/v2\/product_tag?post=8352"}],"curies":[{"name":"wp","href":"https:\/\/api.w.org\/{rel}","templated":true}]}}