{"id":8325,"date":"2012-12-03T05:00:00","date_gmt":"2012-12-03T05:00:00","guid":{"rendered":"http:\/\/www.fivecontinentseditions.com\/prodotto\/reflections-on-renaissance-venice-2\/"},"modified":"2023-03-14T17:46:17","modified_gmt":"2023-03-14T17:46:17","slug":"reflections-on-renaissance-venice-2","status":"publish","type":"product","link":"https:\/\/www.fivecontinentseditions.com\/fr\/p\/reflections-on-renaissance-venice-2\/","title":{"rendered":"Reflections on Renaissance Venice"},"content":{"rendered":"<p>Ce recueil d\u2019essais rend hommage aux recherches et aux publications de Patricia Fortini Brown, l\u2019une des plus brillantes sp\u00e9cialistes de l\u2019art et de l\u2019histoire de Venise, et professeur \u00e9m\u00e9rite au d\u00e9partement d\u2019art et d\u2019arch\u00e9ologie de l\u2019universit\u00e9 de Princeton. Les sujets abord\u00e9s dans ces essais vont des cycles narratifs peints de la fin du XVe si\u00e8cle \u00e0 la reconstruction du Campanile au d\u00e9but du XXe si\u00e8cle. Chacune de ces contributions reste fid\u00e8le \u00e0 l\u2019approche acad\u00e9mique qu\u2019a Fortini Brown de l\u2019art de la Renaissance \u00e0Venise, examinant les objets, les images et les textes pour montrer que la signification de l\u2019art v\u00e9nitien peut se r\u00e9v\u00e9ler aussi fluide que l\u2019environnement naturel de la cit\u00e9. La capacit\u00e9 de l\u2019architecture et de l\u2019art v\u00e9nitiens \u00e0se transformer est \u00e9tudi\u00e9e sous des angles diff\u00e9rents, offrant l\u2019occasion de nouvelles r\u00e9flexions sur des artistes aussi divers que Mantegna, la famille Bellini, Giorgione, Pietro Lombardo, V\u00e9ron\u00e8se, Palladio, Algarotti et Piran\u00e8se. L\u2019int\u00e9r\u00eat de Patricia Fortini Brown pour la culture mat\u00e9rielle se refl\u00e8te dans des ouvrages traitant de l\u2019utilisation d\u2019objets religieux dans un cadre domestique, des endroits o\u00f9 se procurer des antiquit\u00e9s et du march\u00e9 des pierres pr\u00e9cieuses dans la Venise du Cinquecento.<br \/>\nDe nombreuses illustrations en couleur donnent vie \u00e0ces essais sous les yeux du lecteur. Inspir\u00e9 par les recherches et l\u2019enseignement de Patricia Fortini Brown, ce volume reprend les interventions prononc\u00e9es en son honneur en 2010, devant la Renaissance Society of America, \u00e0Venise, et au Symposium Giorgione, qui s\u2019est tenu \u00e0 l\u2019universit\u00e9 de Princeton \u00e0 l\u2019occasion de son d\u00e9part \u00e0 la retraite, apr\u00e8s toute une carri\u00e8re pass\u00e9e \u00e0Princeton. \u00e0\u20ac noter que Patricia Fortini Brown a \u00e9t\u00e9 la directrice de th\u00e8se des deux responsables \u00e9ditoriales de ce volume.<\/p>\n<p><strong>Blake de Maria<\/strong> est professeur associ\u00e9e au d\u00e9partement d\u2019art et d\u2019histoire de l\u2019art de l\u2019universit\u00e9 de Santa Clara, en Californie. Elle est l\u2019auteur de Becoming Venetian (paru en 2010).<br \/>\n<strong>Mary E. Frank<\/strong> est chercheuse en \u00e9tudes v\u00e9nitiennes \u00e0titre personnel, et s\u2019int\u00e9resse tout particuli\u00e8rement aux portraits de famille. En tant que vice-pr\u00e9sidente du conseil d\u2019administration de Save Venice Incorporated, elle est fr\u00e9quemment amen\u00e9e \u00e0r\u00e9diger des articles et \u00e0prononcer des conf\u00e9rences sur l\u2019art v\u00e9nitien \u00e0 l\u2019\u00e9poque de la Renaissance.<\/p>\n","protected":false},"excerpt":{"rendered":"<p>Ce recueil d\u2019essais rend hommage aux recherches et aux publications de Patricia Fortini Brown, l\u2019une des plus brillantes sp\u00e9cialistes de l\u2019art et de l\u2019histoire de Venise, et professeur \u00e9m\u00e9rite au d\u00e9partement d\u2019art et d\u2019arch\u00e9ologie de l\u2019universit\u00e9 de Princeton. Les sujets abord\u00e9s dans ces essais vont des cycles narratifs peints de la fin du XVe si\u00e8cle&hellip;<\/p>\n","protected":false},"featured_media":8302,"template":"","meta":{"_acf_changed":false,"inline_featured_image":false},"product_brand":[],"product_cat":[68,67],"product_tag":[],"class_list":{"0":"post-8325","1":"product","2":"type-product","3":"status-publish","4":"has-post-thumbnail","6":"product_cat-art-moderne","7":"product_cat-autour-de-lart","8":"disponibilita-si","9":"description-off","11":"first","12":"instock","13":"shipping-taxable","14":"purchasable","15":"product-type-simple"},"acf":[],"_links":{"self":[{"href":"https:\/\/www.fivecontinentseditions.com\/fr\/wp-json\/wp\/v2\/product\/8325","targetHints":{"allow":["GET"]}}],"collection":[{"href":"https:\/\/www.fivecontinentseditions.com\/fr\/wp-json\/wp\/v2\/product"}],"about":[{"href":"https:\/\/www.fivecontinentseditions.com\/fr\/wp-json\/wp\/v2\/types\/product"}],"wp:featuredmedia":[{"embeddable":true,"href":"https:\/\/www.fivecontinentseditions.com\/fr\/wp-json\/wp\/v2\/media\/8302"}],"wp:attachment":[{"href":"https:\/\/www.fivecontinentseditions.com\/fr\/wp-json\/wp\/v2\/media?parent=8325"}],"wp:term":[{"taxonomy":"product_brand","embeddable":true,"href":"https:\/\/www.fivecontinentseditions.com\/fr\/wp-json\/wp\/v2\/product_brand?post=8325"},{"taxonomy":"product_cat","embeddable":true,"href":"https:\/\/www.fivecontinentseditions.com\/fr\/wp-json\/wp\/v2\/product_cat?post=8325"},{"taxonomy":"product_tag","embeddable":true,"href":"https:\/\/www.fivecontinentseditions.com\/fr\/wp-json\/wp\/v2\/product_tag?post=8325"}],"curies":[{"name":"wp","href":"https:\/\/api.w.org\/{rel}","templated":true}]}}