{"id":8271,"date":"2012-06-25T05:00:00","date_gmt":"2012-06-25T05:00:00","guid":{"rendered":"http:\/\/www.fivecontinentseditions.com\/prodotto\/walker-evans-2\/"},"modified":"2026-02-05T09:08:34","modified_gmt":"2026-02-05T09:08:34","slug":"walker-evans-2","status":"publish","type":"product","link":"https:\/\/www.fivecontinentseditions.com\/fr\/p\/walker-evans-2\/","title":{"rendered":"Walker Evans"},"content":{"rendered":"<p><strong>Cette \u00e9dition c\u00e9l\u00e9brant le 75e anniversaire du livre, reprend fid\u00e8lement l&rsquo;esprit de l&rsquo;\u00e9dition originale de 1938 en permettant la red\u00e9couverte de l&rsquo;ouvrage longtemps rest\u00e9 introuvable<\/strong><\/p>\n<p>L&rsquo;\u00e9dition originale de ce livre, <em>American Photographs<\/em>, imprim\u00e9e avec le plus grand soin, fut publi\u00e9e par le Museum of Modern Art en 1938 pour accompagner une exposition de photographies de Walker Evans pr\u00e9sentant divers visages de l&rsquo;Am\u00e9rique du d\u00e9but des ann\u00e9es 1930. Comme l&rsquo;explique la couverture de cette premi\u00e8re \u00e9dition, Evans, &laquo; qu&rsquo;il photographie la Nouvelle-Angleterre ou la Louisiane, qu&rsquo;il couvre un enterrement politique \u00e0Cuba ou une crue du Mississipi, qu&rsquo;il travaille en veillant soigneusement \u00e0ne pas troubler l&rsquo;ambiance d&rsquo;un lieu ordinaire, peut \u00eatre consid\u00e9r\u00e9 comme une sorte d&rsquo;&oelig;il fouisseur, d\u00e9sincarn\u00e9, comme un conspirateur contre le temps et ses mart\u00e8lements &raquo;. Plus que n&rsquo;importe quel autre artiste, il a invent\u00e9 des images de l&rsquo;Am\u00e9rique, que depuis longtemps maintenant nous acceptons comme des r\u00e9alit\u00e9s. Son art a exerc\u00e9 une grande influence sur la photographie moderne, mais aussi sur la litt\u00e9rature, le cin\u00e9ma et les arts visuels en g\u00e9n\u00e9ral. Cette \u00e9dition du 75e anniversaire, qui pr\u00e9sente des reproductions nouvelles, mais reprend aussi fid\u00e8lement l&rsquo;esprit de l&rsquo;\u00e9dition originale de 1938, permet l&rsquo;acc\u00e8s d&rsquo;une nouvelle g\u00e9n\u00e9ration \u00e0cet ouvrage qui a marqu\u00e9 son temps. Depuis sa premi\u00e8re parution, en effet, <em>American Photographs <\/em>est rest\u00e9 longtemps introuvable, et m\u00eame les \u00e9ditions ult\u00e9rieures, parmi lesquelles deux ont modifi\u00e9 &ndash; l\u00e9g\u00e8rement mais de fa\u00e7on significative &ndash; la mise en page et la typographie du livre, ne se trouvent plus gu\u00e8re que dans des biblioth\u00e8ques ou quelques rares librairies. Cette version, tout comme celle du 50e anniversaire publi\u00e9e par le MoMA en 1988, recr\u00e9e, gr\u00e2ce aux nouvelles technologies num\u00e9riques, l&rsquo;aspect de la toute premi\u00e8re \u00e9dition et l&rsquo;\u00e9motion qu&rsquo;elle pouvait provoquer.<\/p>\n<p><strong>Lincoln Kirstein<\/strong> fut un \u00e9crivain am\u00e9ricain et une figure culturellement importante pour la ville de New York. Son \u00e9clectisme et son ambition l&rsquo;ont amen\u00e9 \u00e0entrer dans le cercle de la haute culture et \u00e0s&rsquo;entourer de grandes personnalit\u00e9s telles que Gertrude Stein, Jean Cocteau,Walker Evans et nombreux autres.<br \/>\n<strong>Sarah Meister<\/strong> est conservatrice du d\u00e9partement de photographie au MoMA.<\/p>\n","protected":false},"excerpt":{"rendered":"<p>Cette \u00e9dition c\u00e9l\u00e9brant le 75e anniversaire du livre, reprend fid\u00e8lement l&rsquo;esprit de l&rsquo;\u00e9dition originale de 1938 en permettant la red\u00e9couverte de l&rsquo;ouvrage longtemps rest\u00e9 introuvable L&rsquo;\u00e9dition originale de ce livre, American Photographs, imprim\u00e9e avec le plus grand soin, fut publi\u00e9e par le Museum of Modern Art en 1938 pour accompagner une exposition de photographies de&hellip;<\/p>\n","protected":false},"featured_media":8248,"template":"","meta":{"_acf_changed":false,"inline_featured_image":false},"product_brand":[],"product_cat":[73],"product_tag":[],"class_list":{"0":"post-8271","1":"product","2":"type-product","3":"status-publish","4":"has-post-thumbnail","6":"product_cat-photographie","7":"disponibilita-si","8":"description-off","10":"first","11":"outofstock","12":"shipping-taxable","13":"purchasable","14":"product-type-simple"},"acf":[],"_links":{"self":[{"href":"https:\/\/www.fivecontinentseditions.com\/fr\/wp-json\/wp\/v2\/product\/8271","targetHints":{"allow":["GET"]}}],"collection":[{"href":"https:\/\/www.fivecontinentseditions.com\/fr\/wp-json\/wp\/v2\/product"}],"about":[{"href":"https:\/\/www.fivecontinentseditions.com\/fr\/wp-json\/wp\/v2\/types\/product"}],"wp:featuredmedia":[{"embeddable":true,"href":"https:\/\/www.fivecontinentseditions.com\/fr\/wp-json\/wp\/v2\/media\/8248"}],"wp:attachment":[{"href":"https:\/\/www.fivecontinentseditions.com\/fr\/wp-json\/wp\/v2\/media?parent=8271"}],"wp:term":[{"taxonomy":"product_brand","embeddable":true,"href":"https:\/\/www.fivecontinentseditions.com\/fr\/wp-json\/wp\/v2\/product_brand?post=8271"},{"taxonomy":"product_cat","embeddable":true,"href":"https:\/\/www.fivecontinentseditions.com\/fr\/wp-json\/wp\/v2\/product_cat?post=8271"},{"taxonomy":"product_tag","embeddable":true,"href":"https:\/\/www.fivecontinentseditions.com\/fr\/wp-json\/wp\/v2\/product_tag?post=8271"}],"curies":[{"name":"wp","href":"https:\/\/api.w.org\/{rel}","templated":true}]}}