{"id":8019,"date":"2011-11-29T05:00:00","date_gmt":"2011-11-29T05:00:00","guid":{"rendered":"http:\/\/www.fivecontinentseditions.com\/prodotto\/lafrique-de-nos-reserves-2\/"},"modified":"2025-03-31T13:29:50","modified_gmt":"2025-03-31T13:29:50","slug":"lafrique-de-nos-reserves-2","status":"publish","type":"product","link":"https:\/\/www.fivecontinentseditions.com\/fr\/p\/lafrique-de-nos-reserves-2\/","title":{"rendered":"L&rsquo;Afrique de nos r\u00e9serves"},"content":{"rendered":"<p>Ce livre souhaite interroger les enjeux autant que sur l&#39;appropriation et le statut de l&#39;&oelig;uvre africaine au sein des institutions et du march\u00e9 de l&#39;art occidental \u00e0partir des collections de la r\u00e9gion Rh\u00f4ne-Alpes. Les auteurs, universitaires et conservateurs africains et europ\u00e9ens, s&#39;interrogent sur la relation faite de tensions, de rejet et de coop\u00e9ration avec l&#39;Afrique, sur l&#39;entrecroisement entre fait missionnaire et fait anthropologique, sur le r\u00f4le dans la reconnaissance des cultures et des arts africains de la figure de Madeleine Rousseau. Ils examinent \u00e9galement les multiples facettes que repr\u00e9sentent ces productions et l&#39;image que les mus\u00e9es entretiennent \u00e0leur sujet, et posent la question de l&#39;art africain contemporain.<\/p>\n<p><strong>Laurick Zerbini<\/strong> est ma\u00eetre de conf\u00e9rences en histoire des arts africains, Universit\u00e9 Lumi\u00e8re Lyon 2, membre du laboratoire LARHRA (UMR 5180), \u00e9quipe RESEA.<br \/>\n<strong>Cyrille Bela<\/strong> est ma\u00eetre de conf\u00e9rences en histoire des arts africains, Universit\u00e9 Yaound\u00e9 1, Cameroun.<br \/>\n<strong>Danielle Maurice<\/strong> est doctorante EHESS, Paris, membre du CEAF\/EHESS.<br \/>\n<strong>Claude Prudhomme<\/strong> est professeur d&#39;histoire contemporaine, Universit\u00e9 Lumi\u00e8re Lyon 2, membre du laboratoire LARHRA (UMR 5180), \u00e9quipe RESEA.<br \/>\n<strong>Yaya Savan\u00e9<\/strong> ancien conservateur du mus\u00e9e d&#39;Abidjan, est membre de l&#39;Acad\u00e9mie des Sciences, des Arts, des Cultures d&rsquo;Afrique et des Diasporas Africaines (ASCAD), Abidjan, C\u00f4te d&#39;Ivoire, directeur de l&#39;Association visage du mus\u00e9e africain (AVMA), membre de l&#39;Association internationale des critiques d&#39;Art, Abidjan.<br \/>\n<strong>Manuel Valentin<\/strong> est ma\u00eetre de conf\u00e9rences en ethnologie de l&#39;Afrique, MNHN, membre de l&#39;UMS105\/UMR &laquo; patrimoines locaux &raquo;.<\/p>\n","protected":false},"excerpt":{"rendered":"<p>Ce livre souhaite interroger les enjeux autant que sur l&#39;appropriation et le statut de l&#39;&oelig;uvre africaine au sein des institutions et du march\u00e9 de l&#39;art occidental \u00e0partir des collections de la r\u00e9gion Rh\u00f4ne-Alpes. Les auteurs, universitaires et conservateurs africains et europ\u00e9ens, s&#39;interrogent sur la relation faite de tensions, de rejet et de coop\u00e9ration avec l&#39;Afrique,&hellip;<\/p>\n","protected":false},"featured_media":7994,"template":"","meta":{"_acf_changed":false,"inline_featured_image":false},"product_brand":[],"product_cat":[54],"product_tag":[],"class_list":{"0":"post-8019","1":"product","2":"type-product","3":"status-publish","4":"has-post-thumbnail","6":"product_cat-art-africain","7":"disponibilita-si","8":"description-off","10":"first","11":"instock","12":"shipping-taxable","13":"purchasable","14":"product-type-simple"},"acf":[],"_links":{"self":[{"href":"https:\/\/www.fivecontinentseditions.com\/fr\/wp-json\/wp\/v2\/product\/8019","targetHints":{"allow":["GET"]}}],"collection":[{"href":"https:\/\/www.fivecontinentseditions.com\/fr\/wp-json\/wp\/v2\/product"}],"about":[{"href":"https:\/\/www.fivecontinentseditions.com\/fr\/wp-json\/wp\/v2\/types\/product"}],"wp:featuredmedia":[{"embeddable":true,"href":"https:\/\/www.fivecontinentseditions.com\/fr\/wp-json\/wp\/v2\/media\/7994"}],"wp:attachment":[{"href":"https:\/\/www.fivecontinentseditions.com\/fr\/wp-json\/wp\/v2\/media?parent=8019"}],"wp:term":[{"taxonomy":"product_brand","embeddable":true,"href":"https:\/\/www.fivecontinentseditions.com\/fr\/wp-json\/wp\/v2\/product_brand?post=8019"},{"taxonomy":"product_cat","embeddable":true,"href":"https:\/\/www.fivecontinentseditions.com\/fr\/wp-json\/wp\/v2\/product_cat?post=8019"},{"taxonomy":"product_tag","embeddable":true,"href":"https:\/\/www.fivecontinentseditions.com\/fr\/wp-json\/wp\/v2\/product_tag?post=8019"}],"curies":[{"name":"wp","href":"https:\/\/api.w.org\/{rel}","templated":true}]}}