{"id":7992,"date":"2012-04-04T05:00:00","date_gmt":"2012-04-04T05:00:00","guid":{"rendered":"http:\/\/www.fivecontinentseditions.com\/prodotto\/home-2\/"},"modified":"2017-12-21T18:16:11","modified_gmt":"2017-12-21T18:16:11","slug":"home-2","status":"publish","type":"product","link":"https:\/\/www.fivecontinentseditions.com\/fr\/p\/home-2\/","title":{"rendered":"Home"},"content":{"rendered":"<p>Dans la platitude du paysage \u00e9milien subsistent encore des constructions sans attrait spectaculaire qui n&rsquo;attirent le regard de personne : ce sont des maisons abandonn\u00e9es, r\u00e9duites \u00e0l&rsquo;\u00e9tat de ruines qui attendent d&rsquo;\u00eatre red\u00e9couvertes. Dans une \u00e9poque caract\u00e9ris\u00e9e par l&rsquo;habitude \u00e0l&rsquo;oubli, Giancarlo Pradelli nous fait d\u00e9couvrir \u00e0travers ces images le plaisir du silence, de l&rsquo;absence. Son point de vue est celui de l&rsquo;observateur qui malgr\u00e9 la m\u00e9lancolie d&rsquo;une civilisation rurale aujourd&rsquo;hui disparue, sait cueillir la dignit\u00e9 des objets cr\u00e9\u00e9s par l&rsquo;homme. Images en noir et blanc essentielles, concises, qui ne connaissent pas la rh\u00e9torique. A travers des jeux de lumi\u00e8res et l&rsquo;\u00e9quilibre des compositions, les formes squelettiques r\u00e9v\u00e8lent des architectures transform\u00e9es par l&rsquo;abandon et acqui\u00e8rent dans les photos de Pradelli un \u00e9tat de gr\u00e2ce et d&rsquo;\u00e9l\u00e9gance.<\/p>\n<p><strong>Giancarlo Pradelli<\/strong>, n\u00e9 en 1966, vit et travaille \u00e0Mod\u00e8ne. Il a travaill\u00e9 pour <em>Life<\/em>, <em>The Times<\/em>, <em>Photo<\/em>, <em>Corriere della Sera<\/em>, <em>La Repubblica<\/em>, <em>La Stampa<\/em>, <em>Specchio<\/em>. Ses photographies sont pr\u00e9sentes dans les collections de la Biblioth\u00e8que nationale de France \u00e0 Paris et au CSAC (Centro Studi e Archivio della Comunicazione) de l&rsquo;universit\u00e9 de Parme. Il a publi\u00e9 <em>Eolie<\/em> (2005), <em>Pierluigi Ghianda<\/em> (2006) et <em>Sutor Mantellassi<\/em> (2011) aux \u00e9ditions 5 Continents.<br \/>\n<strong>Andrea Emiliani<\/strong> est un critique d&rsquo;art, ancien surintendant pour le patrimoine historique et artistique de l&#39;Emilie Romagne et directeur de la Pinacoteca Nazionale de Bologne. Il a enseign\u00e9 Histoire de l&rsquo;art et Mus\u00e9ographie a l&#39;universit\u00e9 de Bologne. Il est actuellement ins- pecteur honoraire pour la Didactique des mus\u00e9es Patrimoine artistiques et historiques du Minist\u00e8re des biens et des activit\u00e9s culturelles et a contribu\u00e9 \u00e0 la r\u00e9organisation de plusieurs mus\u00e9es.<\/p>\n","protected":false},"excerpt":{"rendered":"<p>Dans la platitude du paysage \u00e9milien subsistent encore des constructions sans attrait spectaculaire qui n&rsquo;attirent le regard de personne : ce sont des maisons abandonn\u00e9es, r\u00e9duites \u00e0l&rsquo;\u00e9tat de ruines qui attendent d&rsquo;\u00eatre red\u00e9couvertes. Dans une \u00e9poque caract\u00e9ris\u00e9e par l&rsquo;habitude \u00e0l&rsquo;oubli, Giancarlo Pradelli nous fait d\u00e9couvrir \u00e0travers ces images le plaisir du silence, de l&rsquo;absence. Son&hellip;<\/p>\n","protected":false},"featured_media":7967,"template":"","meta":{"_acf_changed":false,"inline_featured_image":false},"product_brand":[],"product_cat":[73],"product_tag":[],"class_list":{"0":"post-7992","1":"product","2":"type-product","3":"status-publish","4":"has-post-thumbnail","6":"product_cat-photographie","7":"disponibilita-si","8":"description-off","10":"first","11":"instock","12":"shipping-taxable","13":"purchasable","14":"product-type-simple"},"acf":[],"_links":{"self":[{"href":"https:\/\/www.fivecontinentseditions.com\/fr\/wp-json\/wp\/v2\/product\/7992","targetHints":{"allow":["GET"]}}],"collection":[{"href":"https:\/\/www.fivecontinentseditions.com\/fr\/wp-json\/wp\/v2\/product"}],"about":[{"href":"https:\/\/www.fivecontinentseditions.com\/fr\/wp-json\/wp\/v2\/types\/product"}],"wp:featuredmedia":[{"embeddable":true,"href":"https:\/\/www.fivecontinentseditions.com\/fr\/wp-json\/wp\/v2\/media\/7967"}],"wp:attachment":[{"href":"https:\/\/www.fivecontinentseditions.com\/fr\/wp-json\/wp\/v2\/media?parent=7992"}],"wp:term":[{"taxonomy":"product_brand","embeddable":true,"href":"https:\/\/www.fivecontinentseditions.com\/fr\/wp-json\/wp\/v2\/product_brand?post=7992"},{"taxonomy":"product_cat","embeddable":true,"href":"https:\/\/www.fivecontinentseditions.com\/fr\/wp-json\/wp\/v2\/product_cat?post=7992"},{"taxonomy":"product_tag","embeddable":true,"href":"https:\/\/www.fivecontinentseditions.com\/fr\/wp-json\/wp\/v2\/product_tag?post=7992"}],"curies":[{"name":"wp","href":"https:\/\/api.w.org\/{rel}","templated":true}]}}