{"id":7938,"date":"2011-09-01T05:00:00","date_gmt":"2011-09-01T05:00:00","guid":{"rendered":"http:\/\/www.fivecontinentseditions.com\/prodotto\/aux-abonnes-absents-2\/"},"modified":"2017-12-21T18:15:46","modified_gmt":"2017-12-21T18:15:46","slug":"aux-abonnes-absents-2","status":"publish","type":"product","link":"https:\/\/www.fivecontinentseditions.com\/fr\/p\/aux-abonnes-absents-2\/","title":{"rendered":"Aux abonn\u00e9s absents"},"content":{"rendered":"<p><strong>Voici un r\u00e9cit intense o\u00f9 images et mots accompagnent le lecteur tout au long de ce voyage \u00e0travers la vie et la mort, notions indissociables de l&rsquo;acte de cr\u00e9ation<\/strong><\/p>\n<p>Ce livre pr\u00e9sente le travail photographique de Simone Casetta \u00e0qui l&rsquo;id\u00e9e est venue fortuitement alors qu&rsquo;il photographiait les m\u00e9decins et l&rsquo;activit\u00e9 hospitali\u00e8re. Il d\u00e9couvre \u00e0cette occasion l&rsquo;existence du mus\u00e9e anatomique Eugenio Morelli \u00e0l&rsquo;h\u00f4pital Carlo Forlanini de Rome qui conserve dans le formol des &laquo; pi\u00e8ces anatomiques &raquo; remontant aux ann\u00e9es 1920. D&rsquo;autres artistes se sont int\u00e9ress\u00e9s \u00e0ce sujet en abordant ces pi\u00e8ces particuli\u00e8res le plus souvent comme des objets silencieux. Mais cette s\u00e9rie de portraits bouleverse les canons de l&rsquo;approche habituelle du genre. Les \u00eatres humains repr\u00e9sent\u00e9s apparaissent en dehors du temps et de leur condition pr\u00e9sente. Nous sommes confront\u00e9s \u00e0de v\u00e9ritables portraits, o\u00f9 l&rsquo;amour suscit\u00e9 par cette rencontre triomphe et restitue le chant de celui qui a v\u00e9cu, sans que transparaisse la moindre trace de provocation ou d&rsquo;\u00e9pouvante. Les photographies sont accompagn\u00e9es par les &ldquo; Douze th\u00e8ses sur l&rsquo;\u00e9conomie des morts &rdquo; de John Berger. La r\u00e9union de ces photographies et de ces textes \u00e9largit notre horizon et permet d&rsquo;embrasser en une vision unique l&rsquo;immensit\u00e9 de l&rsquo;espace et du temps.<\/p>\n<p><strong>Simone Casetta<\/strong>, photographe, partage son activit\u00e9 entre la production de s\u00e9ries photographiques sur les grands th\u00e8mes de l&rsquo;existence et l&rsquo;enseignement. Il a collabor\u00e9 \u00e0d&rsquo;importants journaux en Italie et \u00e0l&rsquo;\u00e9tranger, a particip\u00e9 \u00e0des expositions collectives et a expos\u00e9 \u00e0titre personnel en Italie, en France, en Autriche et en Suisse.<br \/>\n<strong>John Berger<\/strong> est connu dans le monde entier en tant que critique d&rsquo;art, po\u00e8te, journaliste, romancier, sc\u00e9nariste, auteur de th\u00e9\u00e2tre et dessinateur. Il est entre autres l&rsquo;auteur de <em>Voir le voir <\/em>(1976); <em>La R\u00e9ussite et l&rsquo;&Eacute;chec de Picasso <\/em>(1968); <em>G. <\/em>(1972); <em>Fid\u00e8le au rendez-vous <\/em>(1996) ; <em>King, roman de rue <\/em>(1998) ; <em>Drawings <\/em>(1994) ; <em>La Tenda rouge de Bologne <\/em>(2009) et, en tant que journaliste, il a collabor\u00e9 \u00e0des journaux comme <em>The Guardian<\/em>, <em>The Independent<\/em>, <em>Le Monde diplomatique<\/em>.<br \/>\n<strong>Henri Peyre<\/strong> est photographe et professeur de photographie. Il est le webmaster de galerie-photo.com, le site fran\u00e7ais de la photographie haute r\u00e9solution.<\/p>\n","protected":false},"excerpt":{"rendered":"<p>Voici un r\u00e9cit intense o\u00f9 images et mots accompagnent le lecteur tout au long de ce voyage \u00e0travers la vie et la mort, notions indissociables de l&rsquo;acte de cr\u00e9ation Ce livre pr\u00e9sente le travail photographique de Simone Casetta \u00e0qui l&rsquo;id\u00e9e est venue fortuitement alors qu&rsquo;il photographiait les m\u00e9decins et l&rsquo;activit\u00e9 hospitali\u00e8re. Il d\u00e9couvre \u00e0cette occasion&hellip;<\/p>\n","protected":false},"featured_media":7913,"template":"","meta":{"_acf_changed":false,"inline_featured_image":false},"product_brand":[],"product_cat":[73],"product_tag":[],"class_list":{"0":"post-7938","1":"product","2":"type-product","3":"status-publish","4":"has-post-thumbnail","6":"product_cat-photographie","7":"disponibilita-si","8":"description-off","10":"first","11":"instock","12":"shipping-taxable","13":"purchasable","14":"product-type-simple"},"acf":[],"_links":{"self":[{"href":"https:\/\/www.fivecontinentseditions.com\/fr\/wp-json\/wp\/v2\/product\/7938","targetHints":{"allow":["GET"]}}],"collection":[{"href":"https:\/\/www.fivecontinentseditions.com\/fr\/wp-json\/wp\/v2\/product"}],"about":[{"href":"https:\/\/www.fivecontinentseditions.com\/fr\/wp-json\/wp\/v2\/types\/product"}],"wp:featuredmedia":[{"embeddable":true,"href":"https:\/\/www.fivecontinentseditions.com\/fr\/wp-json\/wp\/v2\/media\/7913"}],"wp:attachment":[{"href":"https:\/\/www.fivecontinentseditions.com\/fr\/wp-json\/wp\/v2\/media?parent=7938"}],"wp:term":[{"taxonomy":"product_brand","embeddable":true,"href":"https:\/\/www.fivecontinentseditions.com\/fr\/wp-json\/wp\/v2\/product_brand?post=7938"},{"taxonomy":"product_cat","embeddable":true,"href":"https:\/\/www.fivecontinentseditions.com\/fr\/wp-json\/wp\/v2\/product_cat?post=7938"},{"taxonomy":"product_tag","embeddable":true,"href":"https:\/\/www.fivecontinentseditions.com\/fr\/wp-json\/wp\/v2\/product_tag?post=7938"}],"curies":[{"name":"wp","href":"https:\/\/api.w.org\/{rel}","templated":true}]}}