{"id":7878,"date":"2011-06-07T05:00:00","date_gmt":"2011-06-07T05:00:00","guid":{"rendered":"http:\/\/www.fivecontinentseditions.com\/prodotto\/igboland-2\/"},"modified":"2018-04-16T12:53:24","modified_gmt":"2018-04-16T12:53:24","slug":"igboland-2","status":"publish","type":"product","link":"https:\/\/www.fivecontinentseditions.com\/fr\/p\/igboland-2\/","title":{"rendered":"Igboland"},"content":{"rendered":"<p>Ce livre est le fruit de douze ann\u00e9es de travail consacr\u00e9es \u00e0 l\u2019\u00e9tude des rites de Nig\u00e9rians de l\u2019ethnie Igbo pr\u00e9sents sur le sol italien. C\u2019est d\u2019abord un voyage \u00e0travers les coutumes, les rites et les c\u00e9r\u00e9monies pratiqu\u00e9s dans cet environnement reconfigur\u00e9 par des groupes d\u2019hommes et de femmes qui se retrouvent sur des terrains de football abandonn\u00e9s ou dans des hangars. Les vicissitudes humaines ayant fait que beaucoup de ces rites ne sont plus pratiqu\u00e9s en Afrique, cette recherche est li\u00e9e aussi au souvenir, \u00e0 la m\u00e9moire, \u00e0ce qui a disparu; les rites sont d\u00e9sormais entr\u00e9s dans une culture postmoderne.<br \/>\nLe d\u00e9sir de reproduire un \u00e9v\u00e9nement tel qu\u2019il \u00e9tait v\u00e9cu dans son lieu d\u2019origine est un trait d\u2019union invisible qui cherche \u00e0r\u00e9aliser une forme \u00e9l\u00e9mentaire de transnationalit\u00e9. Ainsi, ces Nig\u00e9rians deviennent les \u00ab porteurs sains \u00bb d\u2019une culture particuli\u00e8re, dans leurs rapports avec les populations d\u2019accueil ou avec leurs propres compatriotes qui, souvent, semblent aujourd\u2019hui coup\u00e9s de leurs racines.<br \/>\nC\u2019est le rite qui rend l\u2019espace sacr\u00e9 : la communaut\u00e9 nig\u00e9riane pratique ses rituels dans un environnement particuli\u00e8rement d\u00e9grad\u00e9, mais l\u2019action de l\u2019homme en fait un lieu de puret\u00e9. Cette sacralit\u00e9 impr\u00e8gne les photographies d\u2019Aniello Barone, o\u00f9 l\u2019obscurit\u00e9 de la nuit est \u00e9clair\u00e9e par une \u00ab lueur \u00bb qui semble venir de l\u2019\u00e2me de l\u2019assistance.<br \/>\nL\u2019observateur, le t\u00e9moin du rite, l\u2019homme, l\u2019appareil photographique et les acteurs finissent par faire partie d\u2019un m\u00eame univers symbolique.<\/p>\n<p><strong>Aniello Barone<\/strong> est n\u00e9 et vit \u00e0Naples. Dipl\u00f4m\u00e9 de sociologie avec un travail sur la d\u00e9gradation de l\u2019environnement, il poursuit depuis 1994 une recherche photographique sur les r\u00e9alit\u00e9s urbaines et suburbaines des aires m\u00e9tropolitaines, accordant une attention particuli\u00e8re aux \u00ab sous-cultures \u00bb. Il s\u2019int\u00e9resse aux th\u00e9matiques li\u00e9es \u00e0 l\u2019environnement, \u00e0 l\u2019immigration et aux banlieues. Parmi ses publications, <em>Sahrawi, la terra sospesa<\/em>, 2001, <em>La comunit\u00e0accanto<\/em>, 2001, <em>Detta innominata<\/em>, 2006.<br \/>\n<strong>Naomi Rosenblum<\/strong>, historienne de la photographie, a \u00e9t\u00e9 commissaire de nombreuses et importantes expositions de photographie. Ses \u00e9crits ont \u00e9t\u00e9 publi\u00e9s dans de prestigieux magazines et journaux. Parmi ses livres : <em>America and Lewis Hine, avec Walter Rosenblum<\/em>, et <em>A World History of Photography<\/em>, 1984.<\/p>\n","protected":false},"excerpt":{"rendered":"<p>Ce livre est le fruit de douze ann\u00e9es de travail consacr\u00e9es \u00e0 l\u2019\u00e9tude des rites de Nig\u00e9rians de l\u2019ethnie Igbo pr\u00e9sents sur le sol italien. C\u2019est d\u2019abord un voyage \u00e0travers les coutumes, les rites et les c\u00e9r\u00e9monies pratiqu\u00e9s dans cet environnement reconfigur\u00e9 par des groupes d\u2019hommes et de femmes qui se retrouvent sur des terrains&hellip;<\/p>\n","protected":false},"featured_media":7855,"template":"","meta":{"_acf_changed":false,"inline_featured_image":false},"product_brand":[],"product_cat":[73],"product_tag":[],"class_list":{"0":"post-7878","1":"product","2":"type-product","3":"status-publish","4":"has-post-thumbnail","6":"product_cat-photographie","7":"disponibilita-si","8":"description-off","10":"first","11":"instock","12":"shipping-taxable","13":"purchasable","14":"product-type-simple"},"acf":[],"_links":{"self":[{"href":"https:\/\/www.fivecontinentseditions.com\/fr\/wp-json\/wp\/v2\/product\/7878","targetHints":{"allow":["GET"]}}],"collection":[{"href":"https:\/\/www.fivecontinentseditions.com\/fr\/wp-json\/wp\/v2\/product"}],"about":[{"href":"https:\/\/www.fivecontinentseditions.com\/fr\/wp-json\/wp\/v2\/types\/product"}],"wp:featuredmedia":[{"embeddable":true,"href":"https:\/\/www.fivecontinentseditions.com\/fr\/wp-json\/wp\/v2\/media\/7855"}],"wp:attachment":[{"href":"https:\/\/www.fivecontinentseditions.com\/fr\/wp-json\/wp\/v2\/media?parent=7878"}],"wp:term":[{"taxonomy":"product_brand","embeddable":true,"href":"https:\/\/www.fivecontinentseditions.com\/fr\/wp-json\/wp\/v2\/product_brand?post=7878"},{"taxonomy":"product_cat","embeddable":true,"href":"https:\/\/www.fivecontinentseditions.com\/fr\/wp-json\/wp\/v2\/product_cat?post=7878"},{"taxonomy":"product_tag","embeddable":true,"href":"https:\/\/www.fivecontinentseditions.com\/fr\/wp-json\/wp\/v2\/product_tag?post=7878"}],"curies":[{"name":"wp","href":"https:\/\/api.w.org\/{rel}","templated":true}]}}