{"id":7851,"date":"2011-07-18T05:00:00","date_gmt":"2011-07-18T05:00:00","guid":{"rendered":"http:\/\/www.fivecontinentseditions.com\/prodotto\/maroc-intime-2\/"},"modified":"2018-04-16T12:56:48","modified_gmt":"2018-04-16T12:56:48","slug":"maroc-intime-2","status":"publish","type":"product","link":"https:\/\/www.fivecontinentseditions.com\/fr\/p\/maroc-intime-2\/","title":{"rendered":"Maroc intime"},"content":{"rendered":"<p>Ce livre ressemble \u00e0un carnet de voyage \u00e9crit par un \u00abvoyeur de l\u2019int\u00e9rieur\u00bb. Loin des clich\u00e9s exotiques, Abderrazzak Bencha\u00e2bane a pris le temps de regarder en noir et blanc son Maroc intime et profond. Chaque image est l\u2019\u00e9cho d\u2019une rencontre avec les racines du Maroc. Elle est teint\u00e9e de l\u2019\u00e9motion du regard amoureux que le photographe porte sur son pays.<br \/>\nLe photographe prolonge son parcours jusqu\u2019aux confins d\u00e9sertiques du grand Sud marocain o\u00f9 Abderrazzak Bencha\u00e2bane revient souvent, comme on se rend sur un lieu de p\u00e8lerinage. Ses photos nous invitent aux royaumes du silence habit\u00e9s par une lumi\u00e8re c\u00e9leste et qui ont une autre mesure du temps.<br \/>\nUne s\u00e9rie d\u2019images montre les femmes de Mogador, surgissant d\u2019un autre temps, envelopp\u00e9es dans leurs <em>ha\u00eek<\/em>, cette lourde enveloppe de laine. Aujourd\u2019hui, les temps ont chang\u00e9 et le <em>ha\u00eek <\/em>a disparu. Heureusement, il y a trente ans, Abderrazzak Bencha\u00e2bane a pris le temps de regarder ces femmes pour nous.<br \/>\nAinsi, <em>Maroc intime <\/em>invite \u00e0un voyage touchant, dans l\u2019univers pudique des femmes, des enfants \u00e0 la fois rieurs et graves, de la vie simple de villages, \u00e0ressentir le c\u0153ur m\u00eame d\u2019un Maroc intemporel et rare<\/p>\n<p><strong>Abderrazzak Bencha\u00e2bane<\/strong> est docteur en ethnobotanique, restaurateur du jardin Majorelle, cr\u00e9ateur de la revue <em>Jardins du Maroc<\/em>, organisateur d\u2019un salon d\u2019art contemporain et aussi photographe autodidacte.<br \/>\n<strong>Nicole de Pontcharra<\/strong>, \u00e9crivain fran\u00e7ais d\u2019origine russe, n\u00e9e \u00e0Lyon, a v\u00e9cu \u00e0Marrakech de 1945 \u00e01955; son parcours et son \u0153uvre po\u00e9tique sont depuis li\u00e9s au voyage. Elle organise des rencontres de po\u00e8tes et d\u2019artistes du monde arabe et d\u2019Europe. De 2002 \u00e02006, elle est commissaire du Salon international du livre de Tanger pour l\u2019Institut fran\u00e7ais; en 2010, elle contribue \u00e0 la r\u00e9alisation d\u2019un important documentaire sur l\u2019\u0153uvre de traduction du Coran, de l\u2019arabe au fran\u00e7ais, entreprise par Denise Masson.<\/p>\n","protected":false},"excerpt":{"rendered":"<p>Ce livre ressemble \u00e0un carnet de voyage \u00e9crit par un \u00abvoyeur de l\u2019int\u00e9rieur\u00bb. Loin des clich\u00e9s exotiques, Abderrazzak Bencha\u00e2bane a pris le temps de regarder en noir et blanc son Maroc intime et profond. Chaque image est l\u2019\u00e9cho d\u2019une rencontre avec les racines du Maroc. Elle est teint\u00e9e de l\u2019\u00e9motion du regard amoureux que le&hellip;<\/p>\n","protected":false},"featured_media":7828,"template":"","meta":{"_acf_changed":false,"inline_featured_image":false},"product_brand":[],"product_cat":[73],"product_tag":[],"class_list":{"0":"post-7851","1":"product","2":"type-product","3":"status-publish","4":"has-post-thumbnail","6":"product_cat-photographie","7":"disponibilita-si","8":"description-off","10":"first","11":"instock","12":"shipping-taxable","13":"purchasable","14":"product-type-simple"},"acf":[],"_links":{"self":[{"href":"https:\/\/www.fivecontinentseditions.com\/fr\/wp-json\/wp\/v2\/product\/7851","targetHints":{"allow":["GET"]}}],"collection":[{"href":"https:\/\/www.fivecontinentseditions.com\/fr\/wp-json\/wp\/v2\/product"}],"about":[{"href":"https:\/\/www.fivecontinentseditions.com\/fr\/wp-json\/wp\/v2\/types\/product"}],"wp:featuredmedia":[{"embeddable":true,"href":"https:\/\/www.fivecontinentseditions.com\/fr\/wp-json\/wp\/v2\/media\/7828"}],"wp:attachment":[{"href":"https:\/\/www.fivecontinentseditions.com\/fr\/wp-json\/wp\/v2\/media?parent=7851"}],"wp:term":[{"taxonomy":"product_brand","embeddable":true,"href":"https:\/\/www.fivecontinentseditions.com\/fr\/wp-json\/wp\/v2\/product_brand?post=7851"},{"taxonomy":"product_cat","embeddable":true,"href":"https:\/\/www.fivecontinentseditions.com\/fr\/wp-json\/wp\/v2\/product_cat?post=7851"},{"taxonomy":"product_tag","embeddable":true,"href":"https:\/\/www.fivecontinentseditions.com\/fr\/wp-json\/wp\/v2\/product_tag?post=7851"}],"curies":[{"name":"wp","href":"https:\/\/api.w.org\/{rel}","templated":true}]}}