{"id":7818,"date":"2012-08-03T05:00:00","date_gmt":"2012-08-03T05:00:00","guid":{"rendered":"http:\/\/www.fivecontinentseditions.com\/prodotto\/kota-3\/"},"modified":"2023-06-08T20:53:41","modified_gmt":"2023-06-08T20:53:41","slug":"kota-3","status":"publish","type":"product","link":"https:\/\/www.fivecontinentseditions.com\/fr\/p\/kota-3\/","title":{"rendered":"Kota"},"content":{"rendered":"<p>Les peuples de l&rsquo;aire Kota de l&rsquo;Afrique \u00e9quatoriale atlantique ont d\u00e9velopp\u00e9 dans leurs repr\u00e9sentations des anc\u00eatres une cr\u00e9ativit\u00e9 onirique alliant un sens aigu de la stylisation du r\u00e9el tendant \u00e0l&rsquo;abstraction, \u00e0un \u00e9tonnant sens du d\u00e9cor avec une utilisation g\u00e9n\u00e9ralis\u00e9e du m\u00e9tal &ndash; cuivre, laiton, fer. Mais ce qui pour nous, Occidentaux, semble avoir \u00e9t\u00e9 un &laquo; go\u00fbt &raquo; d&rsquo;ordre esth\u00e9tique, \u00e9tait en fait au c&oelig;ur des villages Kota une n\u00e9cessit\u00e9 symbolique, la plupart des motifs d\u00e9coratifs \u00e9tant des signes li\u00e9s au syst\u00e8me d&rsquo;organisation familiale ou aux croyances religieuses. De m\u00eame pour l&rsquo;emploi du cuivre qui \u00e9tait une mati\u00e8re rare et en cons\u00e9quence, une marque de richesse et de puissance sociale. La figure de reliquaire <em>mbulu-ngulu <\/em>\u00e9tait une ic\u00f4ne, le rep\u00e8re visuel d&rsquo;un monde o\u00f9 les anc\u00eatres continuent \u00e0veiller sur leurs descendants. C&rsquo;\u00e9tait, en pays Kota, un &laquo; outil &raquo; essentiel pour la survie des groupes, permettant une communication r\u00e9currente entre les vivants et les morts. Supports de m\u00e9moire et instruments de mobilisation des forces occultes des Gabonais et Congolais d&rsquo;antan, les figures de reliquaire et les masques d&rsquo;initiation des Kota et Mbete, dans la diversit\u00e9 de leurs formes, sont peu \u00e0peu devenus, au c\u00f4t\u00e9 des <em>byeri <\/em>fang et autres <em>nkisi <\/em>punu, les embl\u00e8mes imm\u00e9moriaux de la culture et des valeurs ancestrales des peuples de la grande for\u00eat \u00e9quatoriale africaine.<\/p>\n<p><strong>Louis Perrois<\/strong>, n\u00e9 en 1942, est ethnologue et sp\u00e9cialiste des arts et cultures anciennes de l&rsquo;Afrique \u00e9quatoriale. Anciennement directeur du Mus\u00e9e des arts et traditions du Gabon \u00e0Libreville, il a men\u00e9 des enqu\u00eates de terrain au Gabon et au Cameroun pendant vingt ans, \u00e9tudi\u00e9 les collection d&rsquo;art africain d&rsquo;Europe et d&rsquo;Am\u00e9rique, enseign\u00e9 \u00e0l&rsquo;universit\u00e9 de Paris I et publi\u00e9 plusieurs ouvrages notamment Arts du Gabon en 1979 et dans la s\u00e9rie &laquo; Visions d&rsquo;Afrique &raquo;, <em>Fang <\/em>en 2006 et, en collaboration avec Charlotte Grand-Dufay, <em>Punu <\/em>en 2008.<\/p>\n","protected":false},"excerpt":{"rendered":"<p>Les peuples de l&rsquo;aire Kota de l&rsquo;Afrique \u00e9quatoriale atlantique ont d\u00e9velopp\u00e9 dans leurs repr\u00e9sentations des anc\u00eatres une cr\u00e9ativit\u00e9 onirique alliant un sens aigu de la stylisation du r\u00e9el tendant \u00e0l&rsquo;abstraction, \u00e0un \u00e9tonnant sens du d\u00e9cor avec une utilisation g\u00e9n\u00e9ralis\u00e9e du m\u00e9tal &ndash; cuivre, laiton, fer. Mais ce qui pour nous, Occidentaux, semble avoir \u00e9t\u00e9 un&hellip;<\/p>\n","protected":false},"featured_media":7795,"template":"","meta":{"_acf_changed":false,"inline_featured_image":false},"product_brand":[],"product_cat":[54],"product_tag":[],"class_list":{"0":"post-7818","1":"product","2":"type-product","3":"status-publish","4":"has-post-thumbnail","6":"product_cat-art-africain","7":"collana-visions-dafrique","8":"disponibilita-no","9":"description-off","11":"first","12":"outofstock","13":"shipping-taxable","14":"purchasable","15":"product-type-simple"},"acf":[],"_links":{"self":[{"href":"https:\/\/www.fivecontinentseditions.com\/fr\/wp-json\/wp\/v2\/product\/7818","targetHints":{"allow":["GET"]}}],"collection":[{"href":"https:\/\/www.fivecontinentseditions.com\/fr\/wp-json\/wp\/v2\/product"}],"about":[{"href":"https:\/\/www.fivecontinentseditions.com\/fr\/wp-json\/wp\/v2\/types\/product"}],"wp:featuredmedia":[{"embeddable":true,"href":"https:\/\/www.fivecontinentseditions.com\/fr\/wp-json\/wp\/v2\/media\/7795"}],"wp:attachment":[{"href":"https:\/\/www.fivecontinentseditions.com\/fr\/wp-json\/wp\/v2\/media?parent=7818"}],"wp:term":[{"taxonomy":"product_brand","embeddable":true,"href":"https:\/\/www.fivecontinentseditions.com\/fr\/wp-json\/wp\/v2\/product_brand?post=7818"},{"taxonomy":"product_cat","embeddable":true,"href":"https:\/\/www.fivecontinentseditions.com\/fr\/wp-json\/wp\/v2\/product_cat?post=7818"},{"taxonomy":"product_tag","embeddable":true,"href":"https:\/\/www.fivecontinentseditions.com\/fr\/wp-json\/wp\/v2\/product_tag?post=7818"}],"curies":[{"name":"wp","href":"https:\/\/api.w.org\/{rel}","templated":true}]}}