{"id":7764,"date":"2012-05-04T05:00:00","date_gmt":"2012-05-04T05:00:00","guid":{"rendered":"http:\/\/www.fivecontinentseditions.com\/prodotto\/la-manufacture-de-porcelaine-de-langenthal-entre-design-industriel-et-vaisselle-du-dimanche-2\/"},"modified":"2018-04-16T13:11:06","modified_gmt":"2018-04-16T13:11:06","slug":"la-manufacture-de-porcelaine-de-langenthal-entre-design-industriel-et-vaisselle-du-dimanche-2","status":"publish","type":"product","link":"https:\/\/www.fivecontinentseditions.com\/fr\/p\/la-manufacture-de-porcelaine-de-langenthal-entre-design-industriel-et-vaisselle-du-dimanche-2\/","title":{"rendered":"La manufacture de porcelaine de Langenthal, entre design industriel et vaisselle du dimanche"},"content":{"rendered":"<p>Apr\u00e8s une interruption d\u2019un si\u00e8cle dans la fabrication de porcelaine en Suisse, la manufacture de Langenthal voit le jour en 1906 \u00e0 l\u2019instigation d\u2019une poign\u00e9e de notables. Les ouvriers qualifi\u00e9s comme les mati\u00e8res premi\u00e8res (kaolin, charbon) sont import\u00e9s du nord de l\u2019Europe. La premi\u00e8re production est d\u00e9fourn\u00e9e le 17 janvier 1908.<br \/>\nAu plan artistique, l\u2019arriv\u00e9e de Fernand Renfer en 1920 \u00e0 la direction artistique de la manufacture donnera une impulsion nouvelle aux formes et d\u00e9cors, jusque-l\u00e0sagement inspir\u00e9s du Heimatschutz. Form\u00e9 \u00e0 l\u2019\u00e9cole de c\u00e9ramique de Chavannes-Renens mais \u00e9galement dans des \u00e9coles d\u2019art \u00e0 Paris, Renfer est tr\u00e8s au fait des nouvelles tendances et introduit bient\u00f4t le Jugendstil \u00e0travers des d\u00e9cors floraux stylis\u00e9s hauts en couleur. En 1925, encore sous l\u2019impulsion de Fernand Renfer, la manufacture devient membre du Schweizer Werkbund, qui \u0153uvre \u00e0 l\u2019adaptation harmonieuse des formes et des d\u00e9cors \u00e0 l\u2019industrie. La collaboration avec des artistes et designers s\u2019intensifie avec la cr\u00e9ation d\u2019un \u00ab Studio \u00bb dirig\u00e9 par Fernand Renfer et son fils Pierre.<br \/>\nEn dehors de cette production artistique, la manufacture d\u00e9veloppe en parall\u00e8le d\u2019autres secteurs, comme l\u2019\u00e9lectro-porcelaine (\u00e0partir de 1918), les services pour h\u00f4tellerie et la restauration, la porcelaine \u00e0feu utilitaire (la marque Resista, depuis 1918). Dans ces diff\u00e9rents domaines, elle se caract\u00e9rise par l\u2019excellence de sa production et ses qualit\u00e9s de solidit\u00e9. Cette diversification est facilit\u00e9e par la construction en 1937 par Brown Boveri du premier four tunnel \u00e9lectrique pour porcelaine au monde, qui met un terme \u00e0 la d\u00e9pendance au charbon \u00e9tranger et permet une cuisson continue 24 heures sur 24.<br \/>\nApr\u00e8s avoir travers\u00e9 tant bien que mal les deux Guerres mondiales et ses cons\u00e9quences (r\u00e9duction du personnel \u00e9tranger du fait de la mobilisation, difficult\u00e9 d\u2019acheminement des mati\u00e8res premi\u00e8res, chute de la demande), la manufacture conna\u00eet un \u00e2ge d\u2019or entre 1950 et 1970, atteignant un pic d\u2019un millier d\u2019ouvriers. En 1988, en proie \u00e0des difficult\u00e9s \u00e9conomiques, Langenthal fusionne avec la Keramik Holding Laufen AG. Suite \u00e0des rachats suc- cessifs, la production est progressivement d\u00e9localis\u00e9e en Tch\u00e9quie.<br \/>\nAujourd\u2019hui la marque de Langenthal se limite \u00e0 la porcelaine destin\u00e9e \u00e0 l\u2019h\u00f4tellerie et les b\u00e2timents de la manufacture bernoise sont d\u00e9sormais d\u00e9saffect\u00e9s ; il n\u2019en reste pas moins que Langenthal constitue la manufacture suisse de porcelaine ayant connu la plus grande long\u00e9vit\u00e9 et que son histoire est profond\u00e9ment imprim\u00e9e dans la culture helv\u00e9tique. L\u2019exposition du mus\u00e9e Ariana se propose de retracer la passionnante histoire de cette manufacture que les ouvriers baptisaient affectueusement \u00ab Porzi \u00bb.<\/p>\n<p><strong>Anne-Claire Schumacher<\/strong>, historienne, commissaire du mus\u00e9e Ariana.<\/p>\n","protected":false},"excerpt":{"rendered":"<p>Apr\u00e8s une interruption d\u2019un si\u00e8cle dans la fabrication de porcelaine en Suisse, la manufacture de Langenthal voit le jour en 1906 \u00e0 l\u2019instigation d\u2019une poign\u00e9e de notables. Les ouvriers qualifi\u00e9s comme les mati\u00e8res premi\u00e8res (kaolin, charbon) sont import\u00e9s du nord de l\u2019Europe. La premi\u00e8re production est d\u00e9fourn\u00e9e le 17 janvier 1908. Au plan artistique, l\u2019arriv\u00e9e&hellip;<\/p>\n","protected":false},"featured_media":7762,"template":"","meta":{"_acf_changed":false,"inline_featured_image":false},"product_brand":[],"product_cat":[70],"product_tag":[],"class_list":{"0":"post-7764","1":"product","2":"type-product","3":"status-publish","4":"has-post-thumbnail","6":"product_cat-arts-appliques","7":"disponibilita-si","8":"description-off","10":"first","11":"instock","12":"shipping-taxable","13":"purchasable","14":"product-type-simple"},"acf":[],"_links":{"self":[{"href":"https:\/\/www.fivecontinentseditions.com\/fr\/wp-json\/wp\/v2\/product\/7764","targetHints":{"allow":["GET"]}}],"collection":[{"href":"https:\/\/www.fivecontinentseditions.com\/fr\/wp-json\/wp\/v2\/product"}],"about":[{"href":"https:\/\/www.fivecontinentseditions.com\/fr\/wp-json\/wp\/v2\/types\/product"}],"wp:featuredmedia":[{"embeddable":true,"href":"https:\/\/www.fivecontinentseditions.com\/fr\/wp-json\/wp\/v2\/media\/7762"}],"wp:attachment":[{"href":"https:\/\/www.fivecontinentseditions.com\/fr\/wp-json\/wp\/v2\/media?parent=7764"}],"wp:term":[{"taxonomy":"product_brand","embeddable":true,"href":"https:\/\/www.fivecontinentseditions.com\/fr\/wp-json\/wp\/v2\/product_brand?post=7764"},{"taxonomy":"product_cat","embeddable":true,"href":"https:\/\/www.fivecontinentseditions.com\/fr\/wp-json\/wp\/v2\/product_cat?post=7764"},{"taxonomy":"product_tag","embeddable":true,"href":"https:\/\/www.fivecontinentseditions.com\/fr\/wp-json\/wp\/v2\/product_tag?post=7764"}],"curies":[{"name":"wp","href":"https:\/\/api.w.org\/{rel}","templated":true}]}}