{"id":7731,"date":"2013-07-23T05:00:00","date_gmt":"2013-07-23T05:00:00","guid":{"rendered":"http:\/\/www.fivecontinentseditions.com\/prodotto\/clara-button-au-pays-des-chapeaux-2\/"},"modified":"2017-12-21T18:13:42","modified_gmt":"2017-12-21T18:13:42","slug":"clara-button-au-pays-des-chapeaux-2","status":"publish","type":"product","link":"https:\/\/www.fivecontinentseditions.com\/fr\/p\/clara-button-au-pays-des-chapeaux-2\/","title":{"rendered":"Clara Button au pays des chapeaux"},"content":{"rendered":"<p>Clara Button adore les chapeaux ! Lorsque son grand fr\u00e8re Ollie massacre son chapeau pr\u00e9f\u00e9r\u00e9,celui de sa grand-m\u00e8re modiste, maman leur propose d&rsquo;aller visiter le Victoria and AlbertMuseum. Clara est \u00e9merveill\u00e9e par le grand lustre en verre color\u00e9, par les magnifiques costumesde la galerie de la mode, et surtout, par les innombrables chapeaux qu&rsquo;elle d\u00e9couvre. Intr\u00e9pide,elle part seule \u00e0 la recherche d&rsquo;un chapelier capable de r\u00e9parer le chapeau ab\u00eem\u00e9 et fait alors defabuleuses rencontres. De son c\u00f4t\u00e9, Ollie d\u00e9couvre un univers peupl\u00e9 d&rsquo;\u00e9p\u00e9es et de tigres!<\/p>\n<p><strong>Amy de la Haye<\/strong> est enseignante au London College of Fashion, apr\u00e8s avoir \u00e9t\u00e9 conservatricede la mode du xxe si\u00e8cle au V&amp;A. Elle est l&rsquo;auteur de <em>Lucile<\/em> (V&amp;A, 2009) avec Valerie Mendes, etde <em>Chanel <\/em>(V&amp;A, 2011).<br \/>\n<strong>Emily Sutton<\/strong>, illustratrice, a fait ses \u00e9tudes au College of Art d&rsquo;Edimbourg et \u00e0 la School ofDesign de Rhode Island.<\/p>\n","protected":false},"excerpt":{"rendered":"<p>Clara Button adore les chapeaux ! Lorsque son grand fr\u00e8re Ollie massacre son chapeau pr\u00e9f\u00e9r\u00e9,celui de sa grand-m\u00e8re modiste, maman leur propose d&rsquo;aller visiter le Victoria and AlbertMuseum. Clara est \u00e9merveill\u00e9e par le grand lustre en verre color\u00e9, par les magnifiques costumesde la galerie de la mode, et surtout, par les innombrables chapeaux qu&rsquo;elle d\u00e9couvre.&hellip;<\/p>\n","protected":false},"featured_media":7706,"template":"","meta":{"_acf_changed":false,"inline_featured_image":false},"product_brand":[],"product_cat":[74],"product_tag":[],"class_list":{"0":"post-7731","1":"product","2":"type-product","3":"status-publish","4":"has-post-thumbnail","6":"product_cat-jeunesse","7":"disponibilita-si","8":"description-off","10":"first","11":"instock","12":"shipping-taxable","13":"purchasable","14":"product-type-simple"},"acf":[],"_links":{"self":[{"href":"https:\/\/www.fivecontinentseditions.com\/fr\/wp-json\/wp\/v2\/product\/7731","targetHints":{"allow":["GET"]}}],"collection":[{"href":"https:\/\/www.fivecontinentseditions.com\/fr\/wp-json\/wp\/v2\/product"}],"about":[{"href":"https:\/\/www.fivecontinentseditions.com\/fr\/wp-json\/wp\/v2\/types\/product"}],"wp:featuredmedia":[{"embeddable":true,"href":"https:\/\/www.fivecontinentseditions.com\/fr\/wp-json\/wp\/v2\/media\/7706"}],"wp:attachment":[{"href":"https:\/\/www.fivecontinentseditions.com\/fr\/wp-json\/wp\/v2\/media?parent=7731"}],"wp:term":[{"taxonomy":"product_brand","embeddable":true,"href":"https:\/\/www.fivecontinentseditions.com\/fr\/wp-json\/wp\/v2\/product_brand?post=7731"},{"taxonomy":"product_cat","embeddable":true,"href":"https:\/\/www.fivecontinentseditions.com\/fr\/wp-json\/wp\/v2\/product_cat?post=7731"},{"taxonomy":"product_tag","embeddable":true,"href":"https:\/\/www.fivecontinentseditions.com\/fr\/wp-json\/wp\/v2\/product_tag?post=7731"}],"curies":[{"name":"wp","href":"https:\/\/api.w.org\/{rel}","templated":true}]}}