{"id":7704,"date":"2012-04-17T05:00:00","date_gmt":"2012-04-17T05:00:00","guid":{"rendered":"http:\/\/www.fivecontinentseditions.com\/prodotto\/the-jewish-wardrobe-2\/"},"modified":"2025-05-10T20:08:34","modified_gmt":"2025-05-10T20:08:34","slug":"the-jewish-wardrobe-2","status":"publish","type":"product","link":"https:\/\/www.fivecontinentseditions.com\/fr\/p\/the-jewish-wardrobe-2\/","title":{"rendered":"The Jewish Wardrobe"},"content":{"rendered":"<p>Se fondant sur la remarquable collection vestimentaire du Mus\u00e9e d\u2019Isra\u00ebl \u2014 la plus importante du genre dans le monde \u2014 cet ouvrage haut en couleur traite des aspects essentiels de l\u2019identit\u00e9 juive, entre int\u00e9gration et s\u00e9gr\u00e9gation, tradition et innovation. La collection, brillamment expliqu\u00e9e par une recherche approfondie, r\u00e9v\u00e8le la richesse et la diversit\u00e9 du costume juif ancien, et tisse un lien entre les diff\u00e9rentes commaunaut\u00e9s, dont certaines ont aujourd\u2019hui compl\u00e8tement disparu.<br \/>\nDestin\u00e9 \u00e0un large public, ce livre aborde des questions sp\u00e9cifiques telles que l\u2019obligation pour les hommes, selon la tradition halakhique, d\u2019ajouter des franges \u00e0leurs v\u00eatements, ou pour les femmes mari\u00e9es de garder la t\u00eate couverte, et analyse l\u2019impact d\u00e9cisif de l\u2019immigration et de la modernisation sur le costume juif. De superbes illustrations, accompagn\u00e9es de l\u00e9gendes d\u00e9taill\u00e9es, s\u2019ajoutent aux rares et pr\u00e9cieuses photographies d\u2019archives du Mus\u00e9e, qui attestent des go\u00fbts vestimentaires individuels et communautaires, et constituent une source d\u2019inspiration unique pour les stylistes des temps modernes.<\/p>\n<p><strong>Daisy Raccah-Djivre<\/strong> est conservatrice en chef du D\u00e9partement arts et Traditions juifs (Jewish Art and Life) du Mus\u00e9e d\u2019Isra\u00ebl de J\u00e9rusalem. elle est l\u2019initiatrice et la responsable de ce projet.<br \/>\n<strong>Esther Juhasz<\/strong> enseigne la culture et le folklore juifs \u00e0 l\u2019universit\u00e9 h\u00e9bra\u00efque de J\u00e9rusalem et \u00e0 l\u2019universit\u00e9 de Ha\u00effa. Elle est conseill\u00e8re scientifique du D\u00e9partement Arts et Traditions juifs, et a publi\u00e9 <em>The Sephardi Jews in the Ottoman Empire: Aspects of Material Culture<\/em>, ainsi que divers articles sur la culture et le costume juifs.<br \/>\n<strong>No\u2019am Bar\u2019am Ben-Yossef<\/strong> est conservatrice au D\u00e9partement Arts et Traditions juifs. Elle est notamment l\u2019auteur de <em>Brides and Betrothals: Jewish Wedding Rituals in Afghanistan<\/em>.<br \/>\n<strong>Ester Muchawsky-Schnapper<\/strong> est conservatrice au D\u00e9partement Arts et Traditions juifs. Elle est notamment l\u2019auteur de <em>The Yemenites: Two Thousand Years of Jewish Culture<\/em>.<br \/>\n<strong>Alia Ben-Ami<\/strong> est conservatrice \u00e9m\u00e9rite et directrice de collection au D\u00e9partement Arts et Traditions juifs. Elle est responsable \u00e9ditoriale de <em>In All Her Finery: Jewels from the Jewish World<\/em>.<br \/>\n<strong>Efrat Assaf-Shapira<\/strong> est conservatrice-adjointe au D\u00e9partement Arts et Traditions juifs.<\/p>\n","protected":false},"excerpt":{"rendered":"<p>Se fondant sur la remarquable collection vestimentaire du Mus\u00e9e d\u2019Isra\u00ebl \u2014 la plus importante du genre dans le monde \u2014 cet ouvrage haut en couleur traite des aspects essentiels de l\u2019identit\u00e9 juive, entre int\u00e9gration et s\u00e9gr\u00e9gation, tradition et innovation. La collection, brillamment expliqu\u00e9e par une recherche approfondie, r\u00e9v\u00e8le la richesse et la diversit\u00e9 du costume&hellip;<\/p>\n","protected":false},"featured_media":7681,"template":"","meta":{"_acf_changed":false,"inline_featured_image":false},"product_brand":[],"product_cat":[70,75],"product_tag":[],"class_list":{"0":"post-7704","1":"product","2":"type-product","3":"status-publish","4":"has-post-thumbnail","6":"product_cat-arts-appliques","7":"product_cat-mode-et-design","8":"disponibilita-si","9":"description-off","11":"first","12":"instock","13":"shipping-taxable","14":"purchasable","15":"product-type-simple"},"acf":[],"_links":{"self":[{"href":"https:\/\/www.fivecontinentseditions.com\/fr\/wp-json\/wp\/v2\/product\/7704","targetHints":{"allow":["GET"]}}],"collection":[{"href":"https:\/\/www.fivecontinentseditions.com\/fr\/wp-json\/wp\/v2\/product"}],"about":[{"href":"https:\/\/www.fivecontinentseditions.com\/fr\/wp-json\/wp\/v2\/types\/product"}],"wp:featuredmedia":[{"embeddable":true,"href":"https:\/\/www.fivecontinentseditions.com\/fr\/wp-json\/wp\/v2\/media\/7681"}],"wp:attachment":[{"href":"https:\/\/www.fivecontinentseditions.com\/fr\/wp-json\/wp\/v2\/media?parent=7704"}],"wp:term":[{"taxonomy":"product_brand","embeddable":true,"href":"https:\/\/www.fivecontinentseditions.com\/fr\/wp-json\/wp\/v2\/product_brand?post=7704"},{"taxonomy":"product_cat","embeddable":true,"href":"https:\/\/www.fivecontinentseditions.com\/fr\/wp-json\/wp\/v2\/product_cat?post=7704"},{"taxonomy":"product_tag","embeddable":true,"href":"https:\/\/www.fivecontinentseditions.com\/fr\/wp-json\/wp\/v2\/product_tag?post=7704"}],"curies":[{"name":"wp","href":"https:\/\/api.w.org\/{rel}","templated":true}]}}