{"id":7551,"date":"2011-06-20T05:00:00","date_gmt":"2011-06-20T05:00:00","guid":{"rendered":"http:\/\/www.fivecontinentseditions.com\/prodotto\/la-photographie-hongroise-2\/"},"modified":"2021-05-11T09:32:21","modified_gmt":"2021-05-11T09:32:21","slug":"la-photographie-hongroise-2","status":"publish","type":"product","link":"https:\/\/www.fivecontinentseditions.com\/fr\/p\/la-photographie-hongroise-2\/","title":{"rendered":"La photographie hongroise"},"content":{"rendered":"<p><strong>L\u2019\u00e9dition fran\u00e7aise du catalogue de l\u2019exposition <em>Eyewitness <\/em>\u00e0 la Royal Academy of Arts de Londres: une \u0153uvre de r\u00e9f\u00e9rence pour conna\u00eetre l\u2019histoire de la photographie moderne.<\/strong><\/p>\n<p>Brassa\u00ef, Capa, Kert\u00e9sz, Moholy-Nagy et Munk\u00e1csi ont radicalement chang\u00e9 le visage du photojournalisme, et de la photographie d&rsquo;art entre les deux guerres. Par des essais dus aux plus grands sp\u00e9cialistes de ce domaine, ce superbe livre examine la mani\u00e8re dont l&rsquo;extraordinaire activit\u00e9 de ces cinq personnalit\u00e9s ont fait de la hongrie le centre de la photographie d&rsquo;art \u00e0cette \u00e9poque, et l\u2019influence qu\u2019ils ont exerc\u00e9e sur les g\u00e9n\u00e9rations de photographes ult\u00e9rieures. gr\u00e2ce \u00e0une superbe illustration comprenant toutes les \u0153uvres majeures de ces artistes reproduisant souvent des tirages d\u2019archives provenant des collections hongroises, ce qui permet au lecteur de percevoir le grain et la tonalit\u00e9 d&rsquo;origine ce livre est une r\u00e9f\u00e9rence dans l\u2019\u00e9tude de la photographie moderne.<\/p>\n<p><strong>P\u00e9ter Baki<\/strong> est directeur de l\u2019Hungarian Museum of Photography de Kecskem\u00e9t.<br \/>\n<strong>Colin Ford<\/strong> a \u00e9t\u00e9 directeur-fondateur du Britain\u2019s National Museum of Photography, Film and Television \u00e0Bradford (aujourd\u2019hui National Media Museum).<br \/>\n<strong>George Szirtes<\/strong> est un po\u00e8te et traducteur hongrois.<\/p>\n","protected":false},"excerpt":{"rendered":"<p>L\u2019\u00e9dition fran\u00e7aise du catalogue de l\u2019exposition Eyewitness \u00e0 la Royal Academy of Arts de Londres: une \u0153uvre de r\u00e9f\u00e9rence pour conna\u00eetre l\u2019histoire de la photographie moderne. Brassa\u00ef, Capa, Kert\u00e9sz, Moholy-Nagy et Munk\u00e1csi ont radicalement chang\u00e9 le visage du photojournalisme, et de la photographie d&rsquo;art entre les deux guerres. Par des essais dus aux plus grands&hellip;<\/p>\n","protected":false},"featured_media":7526,"template":"","meta":{"_acf_changed":false,"inline_featured_image":false},"product_brand":[],"product_cat":[73],"product_tag":[],"class_list":{"0":"post-7551","1":"product","2":"type-product","3":"status-publish","4":"has-post-thumbnail","6":"product_cat-photographie","7":"disponibilita-no","8":"description-off","10":"first","11":"outofstock","12":"shipping-taxable","13":"purchasable","14":"product-type-simple"},"acf":[],"_links":{"self":[{"href":"https:\/\/www.fivecontinentseditions.com\/fr\/wp-json\/wp\/v2\/product\/7551","targetHints":{"allow":["GET"]}}],"collection":[{"href":"https:\/\/www.fivecontinentseditions.com\/fr\/wp-json\/wp\/v2\/product"}],"about":[{"href":"https:\/\/www.fivecontinentseditions.com\/fr\/wp-json\/wp\/v2\/types\/product"}],"wp:featuredmedia":[{"embeddable":true,"href":"https:\/\/www.fivecontinentseditions.com\/fr\/wp-json\/wp\/v2\/media\/7526"}],"wp:attachment":[{"href":"https:\/\/www.fivecontinentseditions.com\/fr\/wp-json\/wp\/v2\/media?parent=7551"}],"wp:term":[{"taxonomy":"product_brand","embeddable":true,"href":"https:\/\/www.fivecontinentseditions.com\/fr\/wp-json\/wp\/v2\/product_brand?post=7551"},{"taxonomy":"product_cat","embeddable":true,"href":"https:\/\/www.fivecontinentseditions.com\/fr\/wp-json\/wp\/v2\/product_cat?post=7551"},{"taxonomy":"product_tag","embeddable":true,"href":"https:\/\/www.fivecontinentseditions.com\/fr\/wp-json\/wp\/v2\/product_tag?post=7551"}],"curies":[{"name":"wp","href":"https:\/\/api.w.org\/{rel}","templated":true}]}}