{"id":7524,"date":"2011-01-27T05:00:00","date_gmt":"2011-01-27T05:00:00","guid":{"rendered":"http:\/\/www.fivecontinentseditions.com\/prodotto\/charms-in-pre-columbian-ecuador-amuletos-en-el-ecuador-precolombino-2\/"},"modified":"2025-05-04T16:29:49","modified_gmt":"2025-05-04T16:29:49","slug":"charms-in-pre-columbian-ecuador-amuletos-en-el-ecuador-precolombino-2","status":"publish","type":"product","link":"https:\/\/www.fivecontinentseditions.com\/fr\/p\/charms-in-pre-columbian-ecuador-amuletos-en-el-ecuador-precolombino-2\/","title":{"rendered":"Charms in pre-Columbian Ecuador | Amuletos en el Ecuador precolombino"},"content":{"rendered":"<p>Les amulettes t\u00e9moignent d&rsquo;un monde merveilleux d&rsquo;esp\u00e9rances, de m\u00e9taphores et d&rsquo;id\u00e9es \u00e9tonnamment proche de notre monde actuel.<\/p>\n<p>Les objets arch\u00e9ologiques offrent de vastes possibilit\u00e9s d&rsquo;exploration de la vie quotidienne des peuples du pass\u00e9 et l&rsquo;\u00e9tude de ces pi\u00e8ces a d\u00e9montr\u00e9 qu&rsquo;elles parlaient de fertilit\u00e9,de mythes, de rituels cosmogoniques, tout en faisant partie int\u00e9grante de la vie ordinaire. Dans l&rsquo;Antiquit\u00e9, m\u00eame les objets du quotidien contenaient un message, souvent tr\u00e8s r\u00e9v\u00e9lateur de la classe sociale. Les amulettes pr\u00e9sent\u00e9es dans cette remarquable publication sont pleines de vie et rec\u00e8lent, dans une symbolique plus ou moins claire, les symboles ancestraux des d\u00e9funts et les prouesses pass\u00e9es des guerriers, ainsi que leur h\u00e9ritage.<\/p>\n<p>Le choix des mat\u00e9riaux est \u00e9galement fondamental dans la compr\u00e9hension de la fonction m\u00eame de l&rsquo;amulette : des id\u00e9aux religieux particuliers s&rsquo;expriment directement par le mat\u00e9riau employ\u00e9.<\/p>\n<p><strong>Christian Mes\u00eda Montenegro<\/strong> est directeur du mus\u00e9e d&rsquo;Art pr\u00e9colombien Casa del Alabado. Il a \u00e9t\u00e9 directeur du mus\u00e9e national d&rsquo;Arch\u00e9ologie, d&rsquo;Anthropologie et d&rsquo;Histoire du P\u00e9rou et du mus\u00e9e national de Chanin et a \u00e9galement conduit des recherches arch\u00e9ologiques au P\u00e9rou et au Guatemala.<\/p>\n","protected":false},"excerpt":{"rendered":"<p>Les amulettes t\u00e9moignent d&rsquo;un monde merveilleux d&rsquo;esp\u00e9rances, de m\u00e9taphores et d&rsquo;id\u00e9es \u00e9tonnamment proche de notre monde actuel. Les objets arch\u00e9ologiques offrent de vastes possibilit\u00e9s d&rsquo;exploration de la vie quotidienne des peuples du pass\u00e9 et l&rsquo;\u00e9tude de ces pi\u00e8ces a d\u00e9montr\u00e9 qu&rsquo;elles parlaient de fertilit\u00e9,de mythes, de rituels cosmogoniques, tout en faisant partie int\u00e9grante de la&hellip;<\/p>\n","protected":false},"featured_media":7499,"template":"","meta":{"_acf_changed":false,"inline_featured_image":false},"product_brand":[],"product_cat":[69],"product_tag":[],"class_list":{"0":"post-7524","1":"product","2":"type-product","3":"status-publish","4":"has-post-thumbnail","6":"product_cat-art-precolombien","7":"disponibilita-si","8":"description-off","10":"first","11":"instock","12":"shipping-taxable","13":"purchasable","14":"product-type-simple"},"acf":[],"_links":{"self":[{"href":"https:\/\/www.fivecontinentseditions.com\/fr\/wp-json\/wp\/v2\/product\/7524","targetHints":{"allow":["GET"]}}],"collection":[{"href":"https:\/\/www.fivecontinentseditions.com\/fr\/wp-json\/wp\/v2\/product"}],"about":[{"href":"https:\/\/www.fivecontinentseditions.com\/fr\/wp-json\/wp\/v2\/types\/product"}],"wp:featuredmedia":[{"embeddable":true,"href":"https:\/\/www.fivecontinentseditions.com\/fr\/wp-json\/wp\/v2\/media\/7499"}],"wp:attachment":[{"href":"https:\/\/www.fivecontinentseditions.com\/fr\/wp-json\/wp\/v2\/media?parent=7524"}],"wp:term":[{"taxonomy":"product_brand","embeddable":true,"href":"https:\/\/www.fivecontinentseditions.com\/fr\/wp-json\/wp\/v2\/product_brand?post=7524"},{"taxonomy":"product_cat","embeddable":true,"href":"https:\/\/www.fivecontinentseditions.com\/fr\/wp-json\/wp\/v2\/product_cat?post=7524"},{"taxonomy":"product_tag","embeddable":true,"href":"https:\/\/www.fivecontinentseditions.com\/fr\/wp-json\/wp\/v2\/product_tag?post=7524"}],"curies":[{"name":"wp","href":"https:\/\/api.w.org\/{rel}","templated":true}]}}