{"id":7497,"date":"2012-05-11T05:00:00","date_gmt":"2012-05-11T05:00:00","guid":{"rendered":"http:\/\/www.fivecontinentseditions.com\/prodotto\/aloise-2\/"},"modified":"2018-04-16T13:53:56","modified_gmt":"2018-04-16T13:53:56","slug":"aloise-2","status":"publish","type":"product","link":"https:\/\/www.fivecontinentseditions.com\/fr\/p\/aloise-2\/","title":{"rendered":"Alo\u00efse"},"content":{"rendered":"<p>\u00e0\u20ac l\u2019occasion de la publication du catalogue raisonn\u00e9 en ligne de l\u2019artiste et pour combler un vide en librairie, le mus\u00e9e cantonal des Beaux-Arts de Lausanne, la Collection de l\u2019Art Brut \u00e0Lausanne et la Fondation Alo\u00efse publient un ouvrage richement illustr\u00e9 avec des textes de Jacqueline Porret-Forel et C\u00e9line Muzelle.<br \/>\nFille d\u2019un employ\u00e9 des postes, Alo\u00efse Corbaz, dite Alo\u00efse (1886-1964) na\u00eet \u00e0Lausanne, en Suisse. Elle exerce la profession de couturi\u00e8re, mais elle r\u00eave de devenir cantatrice. \u00e0\u20ac la suite d\u2019une d\u00e9ception sentimentale, elle occupe divers postes de gouvernante en Prusse. \u00e0\u20ac Potsdam, employ\u00e9e \u00e0 la cour de Guillaume II, elle s\u2019\u00e9prend \u00e9perdument de l\u2019empereur. La d\u00e9claration de la guerre l\u2019oblige \u00e0rentrer \u00e0Lausanne o\u00f9 elle passe par des crises d\u2019agitation, de z\u00e8le religieux, humanitaire et antimilitariste. Elle est intern\u00e9e en 1918 \u00e0 l\u2019asile de Cery. Le diagnostic de schizophr\u00e9nie fait \u00e9tat de son intelligence, de sa m\u00e9moire, ainsi que d\u2019id\u00e9es d\u00e9lirantes, de dissociation du langage et de l\u2019apparition de n\u00e9ologismes. Son \u00e9tat \u00e9volue vers l\u2019autisme. Il se stabilise peu \u00e0peu et elle est transf\u00e9r\u00e9e \u00e0 l\u2019asile de la Rosi\u00e8re \u00e0Gimel, o\u00f9 elle r\u00e9side jusqu\u2019\u00e0 la fin de sa vie.<br \/>\nAlo\u00efse commence \u00e0\u00e9crire et \u00e0dessiner peu apr\u00e8s son entr\u00e9e \u00e0 l\u2019asile. Jusqu\u2019en 1936, elle travaille en cachette, utilisant de la mine de plomb et de l\u2019encre. Au besoin, elle se sert aussi de suc de p\u00e9tales, de feuilles \u00e9cras\u00e9es et de p\u00e2te dentifrice. Son support d\u2019expression est du papier d\u2019emballage cousu avec du fil, afin d\u2019obtenir de grands formats, ou des enveloppes, des morceaux de carton et des revers de calendrier.<\/p>\n<p><strong>Alo\u00efse<\/strong> est l\u2019auteur d\u2019une cosmogonie personnelle peupl\u00e9e de personnages princiers et d\u2019h\u00e9ro\u00efnes historiques (Marie Stuart, Elisabeth d\u2019Autriche ou encore Cl\u00e9op\u00e2tre). Le th\u00e8me du couple amoureux, ainsi que sa passion pour le th\u00e9\u00e2tre et l\u2019op\u00e9ra, pr\u00e9dominent dans son \u0153uvre. Jean Dubuffet s\u2019int\u00e9ressa d\u00e8s le milieu des ann\u00e9es 1940 \u00e0 l\u2019art d\u2019Alo\u00efse. Il consid\u00e9rait \u00ab la vaste tapisserie \u00e0mille volets d\u2019Alo\u00efse \u00bb comme un exemple resplendissant d\u2019une cr\u00e9ation d\u2019art brut, proprement f\u00e9minine.<\/p>\n","protected":false},"excerpt":{"rendered":"<p>\u00e0\u20ac l\u2019occasion de la publication du catalogue raisonn\u00e9 en ligne de l\u2019artiste et pour combler un vide en librairie, le mus\u00e9e cantonal des Beaux-Arts de Lausanne, la Collection de l\u2019Art Brut \u00e0Lausanne et la Fondation Alo\u00efse publient un ouvrage richement illustr\u00e9 avec des textes de Jacqueline Porret-Forel et C\u00e9line Muzelle. Fille d\u2019un employ\u00e9 des postes,&hellip;<\/p>\n","protected":false},"featured_media":7471,"template":"","meta":{"_acf_changed":false,"inline_featured_image":false},"product_brand":[],"product_cat":[49],"product_tag":[],"class_list":{"0":"post-7497","1":"product","2":"type-product","3":"status-publish","4":"has-post-thumbnail","6":"product_cat-art-brut-fr","7":"disponibilita-no","8":"description-off","10":"first","11":"outofstock","12":"shipping-taxable","13":"purchasable","14":"product-type-simple"},"acf":[],"_links":{"self":[{"href":"https:\/\/www.fivecontinentseditions.com\/fr\/wp-json\/wp\/v2\/product\/7497","targetHints":{"allow":["GET"]}}],"collection":[{"href":"https:\/\/www.fivecontinentseditions.com\/fr\/wp-json\/wp\/v2\/product"}],"about":[{"href":"https:\/\/www.fivecontinentseditions.com\/fr\/wp-json\/wp\/v2\/types\/product"}],"wp:featuredmedia":[{"embeddable":true,"href":"https:\/\/www.fivecontinentseditions.com\/fr\/wp-json\/wp\/v2\/media\/7471"}],"wp:attachment":[{"href":"https:\/\/www.fivecontinentseditions.com\/fr\/wp-json\/wp\/v2\/media?parent=7497"}],"wp:term":[{"taxonomy":"product_brand","embeddable":true,"href":"https:\/\/www.fivecontinentseditions.com\/fr\/wp-json\/wp\/v2\/product_brand?post=7497"},{"taxonomy":"product_cat","embeddable":true,"href":"https:\/\/www.fivecontinentseditions.com\/fr\/wp-json\/wp\/v2\/product_cat?post=7497"},{"taxonomy":"product_tag","embeddable":true,"href":"https:\/\/www.fivecontinentseditions.com\/fr\/wp-json\/wp\/v2\/product_tag?post=7497"}],"curies":[{"name":"wp","href":"https:\/\/api.w.org\/{rel}","templated":true}]}}