{"id":7359,"date":"2011-08-01T05:00:00","date_gmt":"2011-08-01T05:00:00","guid":{"rendered":"http:\/\/www.fivecontinentseditions.com\/prodotto\/kris-hilts-2\/"},"modified":"2018-04-16T14:48:08","modified_gmt":"2018-04-16T14:48:08","slug":"kris-hilts-2","status":"publish","type":"product","link":"https:\/\/www.fivecontinentseditions.com\/fr\/p\/kris-hilts-2\/","title":{"rendered":"Kris Hilts"},"content":{"rendered":"<p>Un livre qui nous entra\u00eene dans le monde inconnu des poign\u00e9es de kriss, l\u2019arme par excellence de l\u2019Indon\u00e9sie et de la Malaisie, passerelle entre le visible et l\u2019invisible. Ces objets d\u2019art, pr\u00e9sent\u00e9s dans toute leur splendeur, repr\u00e9sentent des figures abstraites, humaines, divines ou d\u00e9moniaques, v\u00e9ritables chefs-d\u2019\u0153uvre de la sculpture et du ciselage des ma\u00eetres de l\u2019archipel. Depuis longtemps, les poign\u00e9es des kriss sont des objets de collection pour les passionn\u00e9s d\u2019art oriental, peut-\u00eatre plus que le kriss en tant qu\u2019arme. \u00e0\u20ac travers la pr\u00e9cieuse collection Lanfranchi, ce livre veut faire conna\u00eetre un monde longtemps ignor\u00e9 des occidentaux, d\u00e9couvert par les hollandais venus occuper ce que l\u2019on appelait encore les Indes orientales.<br \/>\nCes objets sont d\u2019une grande beaut\u00e9, sculpt\u00e9s, cisel\u00e9s ou incis\u00e9s par de v\u00e9ritables ma\u00eetres, des artistes-artisans dot\u00e9s d\u2019un grand sens de l\u2019esth\u00e9tique et des proportions, grands connaisseurs du symbolisme et des traditions de leurs terres.<br \/>\nJava, Sumatra, Bali, Madura, Sulawesi, la Malaisie : chaque \u00eele poss\u00e8de son type particulier de poign\u00e9e de kriss, dont les particularit\u00e9s permettent d\u2019identifier la provenance et de p\u00e9n\u00e9trer dans les traditions locales, le symbolisme et la magie.<br \/>\nCes petites sculptures, qui pr\u00e9sentent une extr\u00eame diversit\u00e9 \u2014 formes abstraites ou figures anthropomorphiques, motifs g\u00e9om\u00e9triques ou inspir\u00e9s du monde v\u00e9g\u00e9tal et animal \u2014, sont r\u00e9alis\u00e9es dans les mat\u00e9riaux les plus disparates, ouvrag\u00e9es par les mains expertes des artisans malais : bois, ivoire fossile, or, os de baleine.<br \/>\nCe projet \u00e9ditorial unique permet de d\u00e9couvrir un monde o\u00f9 le kriss, proclam\u00e9 par l\u2019UNESCO \u00ab chef-d\u2019\u0153uvre du patrimoine oral et immat\u00e9riel de l\u2019humanit\u00e9 \u00bb, est l\u2019arme par antonomase, parce qu\u2019il en repr\u00e9sente l\u2019essence la plus profonde.<\/p>\n<p><strong>Vanna Scolari Ghiringhelli<\/strong> est collectionneuse et sp\u00e9cialiste des armes blanches orientales, et en particulier du kriss, depuis 1968. Membre de l\u2019Accademia Ambrosiana, elle est soci\u00e9taire de l\u2019Intitut italien pour l\u2019Afrique et l\u2019Orient et vice-pr\u00e9sidente du Centre de culture italo-asiatique de Milan. Elle a enseign\u00e9 l\u2019hindi \u00e0 l\u2019Universit\u00e0degli Studi de Milan.<br \/>\n<strong>Mauro Magliani<\/strong> et <strong>Barbara Piovan<\/strong>, photographes d\u2019art de renomm\u00e9e internationale, ils travaillent pour de nombreux mus\u00e9es et collectioneurs \u00e0travers le monde.<\/p>\n","protected":false},"excerpt":{"rendered":"<p>Un livre qui nous entra\u00eene dans le monde inconnu des poign\u00e9es de kriss, l\u2019arme par excellence de l\u2019Indon\u00e9sie et de la Malaisie, passerelle entre le visible et l\u2019invisible. Ces objets d\u2019art, pr\u00e9sent\u00e9s dans toute leur splendeur, repr\u00e9sentent des figures abstraites, humaines, divines ou d\u00e9moniaques, v\u00e9ritables chefs-d\u2019\u0153uvre de la sculpture et du ciselage des ma\u00eetres de&hellip;<\/p>\n","protected":false},"featured_media":7336,"template":"","meta":{"_acf_changed":false,"inline_featured_image":false},"product_brand":[],"product_cat":[56],"product_tag":[],"class_list":{"0":"post-7359","1":"product","2":"type-product","3":"status-publish","4":"has-post-thumbnail","6":"product_cat-art-asiatique","7":"disponibilita-no","8":"description-off","10":"first","11":"outofstock","12":"shipping-taxable","13":"purchasable","14":"product-type-simple"},"acf":[],"_links":{"self":[{"href":"https:\/\/www.fivecontinentseditions.com\/fr\/wp-json\/wp\/v2\/product\/7359","targetHints":{"allow":["GET"]}}],"collection":[{"href":"https:\/\/www.fivecontinentseditions.com\/fr\/wp-json\/wp\/v2\/product"}],"about":[{"href":"https:\/\/www.fivecontinentseditions.com\/fr\/wp-json\/wp\/v2\/types\/product"}],"wp:featuredmedia":[{"embeddable":true,"href":"https:\/\/www.fivecontinentseditions.com\/fr\/wp-json\/wp\/v2\/media\/7336"}],"wp:attachment":[{"href":"https:\/\/www.fivecontinentseditions.com\/fr\/wp-json\/wp\/v2\/media?parent=7359"}],"wp:term":[{"taxonomy":"product_brand","embeddable":true,"href":"https:\/\/www.fivecontinentseditions.com\/fr\/wp-json\/wp\/v2\/product_brand?post=7359"},{"taxonomy":"product_cat","embeddable":true,"href":"https:\/\/www.fivecontinentseditions.com\/fr\/wp-json\/wp\/v2\/product_cat?post=7359"},{"taxonomy":"product_tag","embeddable":true,"href":"https:\/\/www.fivecontinentseditions.com\/fr\/wp-json\/wp\/v2\/product_tag?post=7359"}],"curies":[{"name":"wp","href":"https:\/\/api.w.org\/{rel}","templated":true}]}}