{"id":7314,"date":"2012-09-01T05:00:00","date_gmt":"2012-09-01T05:00:00","guid":{"rendered":"http:\/\/www.fivecontinentseditions.com\/prodotto\/bijoux-des-toits-du-monde-2\/"},"modified":"2017-12-21T18:09:58","modified_gmt":"2017-12-21T18:09:58","slug":"bijoux-des-toits-du-monde-2","status":"publish","type":"product","link":"https:\/\/www.fivecontinentseditions.com\/fr\/p\/bijoux-des-toits-du-monde-2\/","title":{"rendered":"Bijoux des toits du monde"},"content":{"rendered":"<p>Des cimes enneig\u00e9es du Caucase aux montagnes c\u00e9lestes de l&rsquo;Empire chinois, de la vall\u00e9e de Swat \u00e0celle de Kathmandu, se sont donn\u00e9 rendez-vous les plus grandes civilisations du monde : la Perse de Darius, la Gr\u00e8ce d&rsquo;Alexandre, l&rsquo;Inde de Bouddha, sans oublier ces nomades des steppes d&rsquo;Asie centrale, &laquo; n\u00e9buleuse &raquo; aussi fascinante qu&rsquo;insaisissable. P\u00e8lerins, voyageurs et marchands, mais aussi diplomates, arch\u00e9ologues et historiens ont sillonn\u00e9 \u00e0leur tour ces r\u00e9gions \u00e2pres et sauvages. Tous ont succomb\u00e9 \u00e0 la beaut\u00e9 virginale de ces &laquo; toits du Monde &raquo; balay\u00e9s par les temp\u00eates et les vents, ces microcosmes d&rsquo;un archa\u00efsme et d&rsquo;une puret\u00e9 sans \u00e9gal. T\u00e9moins fragiles de cette prodigieuse aventure humaine que fut la Route de la soie, les bijoux sont la m\u00e9moire de ces peuples et de ces cultures, leur cordon ombilical. Colliers et bracelets de jade, torques et ceintures d&rsquo;argent, pendants d&rsquo;oreilles, bagues et amulettes disent aussi l&rsquo;extraordinaire virtuosit\u00e9 de ces orf\u00e8vres anonymes qui immortalis\u00e8rent sur de petites surfaces leurs superstitions, leurs croyances comme leurs r\u00eaves&#8230; Somptueusement illustr\u00e9, r\u00e9conciliant arch\u00e9ologie et ethnologie, cet ouvrage restitue le contexte g\u00e9ographique et spirituel de ces joyaux atemporels. Il accompagne en outre l&rsquo;exposition qui se tiendra \u00e0 la Collections Baur, Mus\u00e9e des Arts d&rsquo;Extr\u00eame-Orient, \u00e0Gen\u00e8ve, en automne 2012.<\/p>\n<p><strong>B\u00e9r\u00e9nice Geoffroy-Schneiter<\/strong>, hell\u00e9niste et historienne de l&rsquo;art de formation (dipl\u00f4me d&rsquo;\u00e9tudes sup\u00e9rieures \u00e0l&rsquo;&Eacute;cole du Louvre et ma\u00eetrise de grec ancien \u00e0 la Sorbonne), a v\u00e9cu enfant en Afghanistan et au Pakistan. Elle est par ailleurs une sp\u00e9cialiste reconnue en France des arts premiers et de la parure, et a publi\u00e9 de nombreux ouvrages sur le sujet (\u00e9ditions Flammarion, Skira, Assouline, Hazan, Le Seuil&#8230;). Journaliste et critique d&rsquo;art, elle collabore parall\u00e8lement \u00e0diff\u00e9rentes revues d&rsquo;art. Enfin, elle a \u00e9t\u00e9 commissaire de l&rsquo;exposition &laquo; Voyage dans ma t\u00eate, la collection de coiffes ethniques d&rsquo;Antoine de Galbert &raquo; qui s&rsquo;est tenue \u00e0 la Maison rouge, \u00e0 Paris, en 2010.<\/p>\n","protected":false},"excerpt":{"rendered":"<p>Des cimes enneig\u00e9es du Caucase aux montagnes c\u00e9lestes de l&rsquo;Empire chinois, de la vall\u00e9e de Swat \u00e0celle de Kathmandu, se sont donn\u00e9 rendez-vous les plus grandes civilisations du monde : la Perse de Darius, la Gr\u00e8ce d&rsquo;Alexandre, l&rsquo;Inde de Bouddha, sans oublier ces nomades des steppes d&rsquo;Asie centrale, &laquo; n\u00e9buleuse &raquo; aussi fascinante qu&rsquo;insaisissable. P\u00e8lerins,&hellip;<\/p>\n","protected":false},"featured_media":7291,"template":"","meta":{"_acf_changed":false,"inline_featured_image":false},"product_brand":[],"product_cat":[56,75],"product_tag":[],"class_list":{"0":"post-7314","1":"product","2":"type-product","3":"status-publish","4":"has-post-thumbnail","6":"product_cat-art-asiatique","7":"product_cat-mode-et-design","8":"disponibilita-no","9":"description-off","11":"first","12":"outofstock","13":"shipping-taxable","14":"purchasable","15":"product-type-simple"},"acf":[],"_links":{"self":[{"href":"https:\/\/www.fivecontinentseditions.com\/fr\/wp-json\/wp\/v2\/product\/7314","targetHints":{"allow":["GET"]}}],"collection":[{"href":"https:\/\/www.fivecontinentseditions.com\/fr\/wp-json\/wp\/v2\/product"}],"about":[{"href":"https:\/\/www.fivecontinentseditions.com\/fr\/wp-json\/wp\/v2\/types\/product"}],"wp:featuredmedia":[{"embeddable":true,"href":"https:\/\/www.fivecontinentseditions.com\/fr\/wp-json\/wp\/v2\/media\/7291"}],"wp:attachment":[{"href":"https:\/\/www.fivecontinentseditions.com\/fr\/wp-json\/wp\/v2\/media?parent=7314"}],"wp:term":[{"taxonomy":"product_brand","embeddable":true,"href":"https:\/\/www.fivecontinentseditions.com\/fr\/wp-json\/wp\/v2\/product_brand?post=7314"},{"taxonomy":"product_cat","embeddable":true,"href":"https:\/\/www.fivecontinentseditions.com\/fr\/wp-json\/wp\/v2\/product_cat?post=7314"},{"taxonomy":"product_tag","embeddable":true,"href":"https:\/\/www.fivecontinentseditions.com\/fr\/wp-json\/wp\/v2\/product_tag?post=7314"}],"curies":[{"name":"wp","href":"https:\/\/api.w.org\/{rel}","templated":true}]}}