{"id":7107,"date":"2011-05-01T05:00:00","date_gmt":"2011-05-01T05:00:00","guid":{"rendered":"http:\/\/www.fivecontinentseditions.com\/prodotto\/bamum-3\/"},"modified":"2017-12-21T18:07:57","modified_gmt":"2017-12-21T18:07:57","slug":"bamum-3","status":"publish","type":"product","link":"https:\/\/www.fivecontinentseditions.com\/fr\/p\/bamum-3\/","title":{"rendered":"Bamum"},"content":{"rendered":"<p><strong>Cet ouvrage pr\u00e9sente les traditions artistiques du royaume des Bamum, le plus grand et le plus puissant des &Eacute;tats de la savane camerounaise.<\/strong><\/p>\n<p>Au XIXe si\u00e8cle et au d\u00e9but du XXe si\u00e8cle, les arts ont connu une \u00e9poque florissante \u00e0 la cour des Bamum, o\u00f9 des artistes exclusivement attach\u00e9s au palais ont cr\u00e9\u00e9 des tr\u00f4nes et autres si\u00e8ges \u00e9labor\u00e9s couverts de perles, des sculptures en bois, des masques aux formes humaines ou animales, des ornements architecturaux taill\u00e9s et de multiples objets d\u00e9coratifs en bronze, en ivoire ou en argile. Le livre porte essentiellement sur l&rsquo;histoire, l&rsquo;iconographie et la signification des arts royaux bamum, mais il pr\u00e9sente aussi certaines formes artistiques moins connues pratiqu\u00e9es dans les villages du royaume. Il \u00e9voque aussi les activit\u00e9s de collectionneurs d&rsquo;origines diverses qui ont \u00e9t\u00e9 fascin\u00e9s par la splendeur de la cour royale. Des sources visuelles et \u00e9crites, parmi lesquelles le t\u00e9moignage du roi Njoya et de ses courtisans et de riches documents provenant d&rsquo;archives et de mus\u00e9es, \u00e9clairent les strat\u00e9gies du monarque qui a d\u00e9velopp\u00e9 ces arts pour asseoir la r\u00e9putation de son royaume dans la lointaine Europe.<\/p>\n<p><strong>Christraud M. Geary<\/strong> est conservateur des arts africains et oc\u00e9aniens au Museum of Fine Arts de Boston, Elle s&#39;est rendue pour la premmierefois chez les Bamum en 1969 et, depuis,poursuit l&rsquo;\u00e9tude des savanes camerounaises.<\/p>\n","protected":false},"excerpt":{"rendered":"<p>Cet ouvrage pr\u00e9sente les traditions artistiques du royaume des Bamum, le plus grand et le plus puissant des &Eacute;tats de la savane camerounaise. Au XIXe si\u00e8cle et au d\u00e9but du XXe si\u00e8cle, les arts ont connu une \u00e9poque florissante \u00e0 la cour des Bamum, o\u00f9 des artistes exclusivement attach\u00e9s au palais ont cr\u00e9\u00e9 des tr\u00f4nes&hellip;<\/p>\n","protected":false},"featured_media":7082,"template":"","meta":{"_acf_changed":false,"inline_featured_image":false},"product_brand":[],"product_cat":[54],"product_tag":[],"class_list":{"0":"post-7107","1":"product","2":"type-product","3":"status-publish","4":"has-post-thumbnail","6":"product_cat-art-africain","7":"collana-visions-dafrique","8":"collana-visions-of-africa","9":"disponibilita-no","10":"description-off","12":"first","13":"outofstock","14":"shipping-taxable","15":"purchasable","16":"product-type-simple"},"acf":[],"_links":{"self":[{"href":"https:\/\/www.fivecontinentseditions.com\/fr\/wp-json\/wp\/v2\/product\/7107","targetHints":{"allow":["GET"]}}],"collection":[{"href":"https:\/\/www.fivecontinentseditions.com\/fr\/wp-json\/wp\/v2\/product"}],"about":[{"href":"https:\/\/www.fivecontinentseditions.com\/fr\/wp-json\/wp\/v2\/types\/product"}],"wp:featuredmedia":[{"embeddable":true,"href":"https:\/\/www.fivecontinentseditions.com\/fr\/wp-json\/wp\/v2\/media\/7082"}],"wp:attachment":[{"href":"https:\/\/www.fivecontinentseditions.com\/fr\/wp-json\/wp\/v2\/media?parent=7107"}],"wp:term":[{"taxonomy":"product_brand","embeddable":true,"href":"https:\/\/www.fivecontinentseditions.com\/fr\/wp-json\/wp\/v2\/product_brand?post=7107"},{"taxonomy":"product_cat","embeddable":true,"href":"https:\/\/www.fivecontinentseditions.com\/fr\/wp-json\/wp\/v2\/product_cat?post=7107"},{"taxonomy":"product_tag","embeddable":true,"href":"https:\/\/www.fivecontinentseditions.com\/fr\/wp-json\/wp\/v2\/product_tag?post=7107"}],"curies":[{"name":"wp","href":"https:\/\/api.w.org\/{rel}","templated":true}]}}