{"id":7053,"date":"2011-11-22T05:00:00","date_gmt":"2011-11-22T05:00:00","guid":{"rendered":"http:\/\/www.fivecontinentseditions.com\/prodotto\/making-history-2\/"},"modified":"2017-12-21T18:07:24","modified_gmt":"2017-12-21T18:07:24","slug":"making-history-2","status":"publish","type":"product","link":"https:\/\/www.fivecontinentseditions.com\/fr\/p\/making-history-2\/","title":{"rendered":"Making History"},"content":{"rendered":"<p>Ce volume de photographies et de commentaires r\u00e9unit des &oelig;uvres d&rsquo;art provenant d&rsquo;une des plus exceptionnelles collections priv\u00e9es d&rsquo;art africain, la collection Femi Akinsanya, qui comprend un grand nombre d&rsquo;&oelig;uvres canoniques originaires des territoires des Yoruba, des Igbo, des Urhobo de Cross River et de la vall\u00e9e du B\u00e9nin et de la B\u00e9nou\u00e9. La collection d&rsquo;&oelig;uvres d&rsquo;art indig\u00e8nes comprend des sculptures de toutes les grandes r\u00e9gions du Nigeria et des exemples int\u00e9ressants de sculptures en bronze et en cuivre du B\u00e9nin\/Edo des p\u00e9riodes comprises entre la fin des dynasties et le XXe si\u00e8cle. Le livre s&rsquo;appuie sur la diversit\u00e9, les styles et l&rsquo;originalit\u00e9 de ces &oelig;uvres d&rsquo;art pour \u00e9tablir un processus de formalisation et d&rsquo;interpr\u00e9tation d&rsquo;une collection d&rsquo;art africain appartenant \u00e0un Africain. Les publications consacr\u00e9es \u00e0des collectionneurs de ce genre sont tr\u00e8s rares, ce qui limite notre compr\u00e9hension de la mani\u00e8re dont les africains abordent, dans leur propre contexte, l&rsquo;art et la production culturelle, et la question du patrimoine culturel. L&rsquo;analyse de cette collection unique nous fait p\u00e9n\u00e9trer dans un territoire inexplor\u00e9 des collections d&rsquo;art africain et nous interroge sur le r\u00f4le et l&rsquo;importance des collectionneurs africains dans le discours qui s&rsquo;\u00e9crit sur l&rsquo;art africain.<\/p>\n<p><strong>Sylvester Okwunodu Ogbechie<\/strong>, professeur associ\u00e9 d&rsquo;histoire de l&rsquo;art \u00e0l&rsquo;universit\u00e9 de Californie de Santa Barbara, est un grand sp\u00e9cialiste de l&rsquo;art classique, moderne et contemporain de l&rsquo;afrique et de la diaspora africaine. Ses travaux de recherche portent sur les conventions coloniales et postcoloniales dans les arts et les cultures visuelles des populations africaines. Il a publi\u00e9 dans de nombreuses revues sp\u00e9cialis\u00e9es &ndash; <em>African Arts, Arts Journal, NKA: Journal of Contemporary African Art, Revue noire, Ijele, Farafina <\/em>&ndash; et contribu\u00e9 \u00e0 plusieurs anthologies majeures d&rsquo;histoire de l&rsquo;art.<\/p>\n","protected":false},"excerpt":{"rendered":"<p>Ce volume de photographies et de commentaires r\u00e9unit des &oelig;uvres d&rsquo;art provenant d&rsquo;une des plus exceptionnelles collections priv\u00e9es d&rsquo;art africain, la collection Femi Akinsanya, qui comprend un grand nombre d&rsquo;&oelig;uvres canoniques originaires des territoires des Yoruba, des Igbo, des Urhobo de Cross River et de la vall\u00e9e du B\u00e9nin et de la B\u00e9nou\u00e9. La collection&hellip;<\/p>\n","protected":false},"featured_media":7030,"template":"","meta":{"_acf_changed":false,"inline_featured_image":false},"product_brand":[],"product_cat":[54],"product_tag":[],"class_list":{"0":"post-7053","1":"product","2":"type-product","3":"status-publish","4":"has-post-thumbnail","6":"product_cat-art-africain","7":"disponibilita-no","8":"description-off","10":"first","11":"outofstock","12":"shipping-taxable","13":"purchasable","14":"product-type-simple"},"acf":[],"_links":{"self":[{"href":"https:\/\/www.fivecontinentseditions.com\/fr\/wp-json\/wp\/v2\/product\/7053","targetHints":{"allow":["GET"]}}],"collection":[{"href":"https:\/\/www.fivecontinentseditions.com\/fr\/wp-json\/wp\/v2\/product"}],"about":[{"href":"https:\/\/www.fivecontinentseditions.com\/fr\/wp-json\/wp\/v2\/types\/product"}],"wp:featuredmedia":[{"embeddable":true,"href":"https:\/\/www.fivecontinentseditions.com\/fr\/wp-json\/wp\/v2\/media\/7030"}],"wp:attachment":[{"href":"https:\/\/www.fivecontinentseditions.com\/fr\/wp-json\/wp\/v2\/media?parent=7053"}],"wp:term":[{"taxonomy":"product_brand","embeddable":true,"href":"https:\/\/www.fivecontinentseditions.com\/fr\/wp-json\/wp\/v2\/product_brand?post=7053"},{"taxonomy":"product_cat","embeddable":true,"href":"https:\/\/www.fivecontinentseditions.com\/fr\/wp-json\/wp\/v2\/product_cat?post=7053"},{"taxonomy":"product_tag","embeddable":true,"href":"https:\/\/www.fivecontinentseditions.com\/fr\/wp-json\/wp\/v2\/product_tag?post=7053"}],"curies":[{"name":"wp","href":"https:\/\/api.w.org\/{rel}","templated":true}]}}