{"id":7014,"date":"2012-12-20T05:00:00","date_gmt":"2012-12-20T05:00:00","guid":{"rendered":"http:\/\/www.fivecontinentseditions.com\/prodotto\/perou-2\/"},"modified":"2018-04-16T12:16:51","modified_gmt":"2018-04-16T12:16:51","slug":"perou-2","status":"publish","type":"product","link":"https:\/\/www.fivecontinentseditions.com\/fr\/p\/perou-2\/","title":{"rendered":"P\u00e9rou"},"content":{"rendered":"<p>La publication, et l\u2019ambitieuse exposition du mus\u00e9e des Beaux-Arts de Montr\u00e9al, proposent un regard neuf sur le processus continu de construction identitaire au P\u00e9rou. un survol original de pr\u00e8s de quatre mill\u00e9naires d\u2019histoire, \u00e0travers une s\u00e9lection de quelque 250 \u0153uvres : de v\u00e9ritables tr\u00e9sors de l\u2019\u00e8re pr\u00e9colombienne; des chefs d\u2019\u0153uvre datant de l\u2019\u00e9poque coloniale, de m\u00eame que des peintures et des sculptures puissantes r\u00e9alis\u00e9es durant la premi\u00e8re moiti\u00e9 du XXe si\u00e8cle et dont un grand nombre n\u2019ont jamais \u00e9t\u00e9 vus \u00e0 l\u2019ext\u00e9rieur du P\u00e9rou.<br \/>\nLe catalogue affronte diff\u00e9rents th\u00e8mes et notamment les mythes et les rituels des anciennes civilisations andines; leur perp\u00e9tuation, leur dissimulation ou leur hybridation \u00e0 l\u2019\u00e9poque de la viceroyaut\u00e9; et leur red\u00e9couverte, ainsi que leur remise en valeur au xxe si\u00e8cle par le mouvement indig\u00e9niste, qui exprime la fiert\u00e9 d\u2019une nation ind\u00e9pendante.<br \/>\nPlusieurs \u00e9minents sp\u00e9cialistes du P\u00e9rou dans les domaines de l\u2019arch\u00e9ologie et de l\u2019histoire de l\u2019art ont contribu\u00e9 \u00e0cette publication qui pr\u00e9sente aussi des photos de Irving Penn et un entretien avec Mario Vargas Llosa, le plus important \u00e9crivain p\u00e9ruvien, Prix Nobel de la litt\u00e9rature 2010.<\/p>\n<p><strong>Victor Pimentel<\/strong>, conservateur du d\u00e9partement de l\u2019art pr\u00e9colombien au mus\u00e9e des Beaux-Arts de Montr\u00e9al.<\/p>\n","protected":false},"excerpt":{"rendered":"<p>La publication, et l\u2019ambitieuse exposition du mus\u00e9e des Beaux-Arts de Montr\u00e9al, proposent un regard neuf sur le processus continu de construction identitaire au P\u00e9rou. un survol original de pr\u00e8s de quatre mill\u00e9naires d\u2019histoire, \u00e0travers une s\u00e9lection de quelque 250 \u0153uvres : de v\u00e9ritables tr\u00e9sors de l\u2019\u00e8re pr\u00e9colombienne; des chefs d\u2019\u0153uvre datant de l\u2019\u00e9poque coloniale, de&hellip;<\/p>\n","protected":false},"featured_media":6991,"template":"","meta":{"_acf_changed":false,"inline_featured_image":false},"product_brand":[],"product_cat":[69],"product_tag":[],"class_list":{"0":"post-7014","1":"product","2":"type-product","3":"status-publish","4":"has-post-thumbnail","6":"product_cat-art-precolombien","7":"disponibilita-no","8":"description-off","10":"first","11":"outofstock","12":"shipping-taxable","13":"purchasable","14":"product-type-simple"},"acf":[],"_links":{"self":[{"href":"https:\/\/www.fivecontinentseditions.com\/fr\/wp-json\/wp\/v2\/product\/7014","targetHints":{"allow":["GET"]}}],"collection":[{"href":"https:\/\/www.fivecontinentseditions.com\/fr\/wp-json\/wp\/v2\/product"}],"about":[{"href":"https:\/\/www.fivecontinentseditions.com\/fr\/wp-json\/wp\/v2\/types\/product"}],"wp:featuredmedia":[{"embeddable":true,"href":"https:\/\/www.fivecontinentseditions.com\/fr\/wp-json\/wp\/v2\/media\/6991"}],"wp:attachment":[{"href":"https:\/\/www.fivecontinentseditions.com\/fr\/wp-json\/wp\/v2\/media?parent=7014"}],"wp:term":[{"taxonomy":"product_brand","embeddable":true,"href":"https:\/\/www.fivecontinentseditions.com\/fr\/wp-json\/wp\/v2\/product_brand?post=7014"},{"taxonomy":"product_cat","embeddable":true,"href":"https:\/\/www.fivecontinentseditions.com\/fr\/wp-json\/wp\/v2\/product_cat?post=7014"},{"taxonomy":"product_tag","embeddable":true,"href":"https:\/\/www.fivecontinentseditions.com\/fr\/wp-json\/wp\/v2\/product_tag?post=7014"}],"curies":[{"name":"wp","href":"https:\/\/api.w.org\/{rel}","templated":true}]}}